{"id":7367,"date":"2016-06-04T09:52:46","date_gmt":"2016-06-04T09:52:46","guid":{"rendered":"https:\/\/louiphoto.com\/product\/walkie-talkie-egg-buildings-at-night-in-london-2\/"},"modified":"2022-08-20T17:25:42","modified_gmt":"2022-08-20T17:25:42","slug":"walkie-talkie-egg-buildings-at-night-in-london-2","status":"publish","type":"product","link":"https:\/\/louiphoto.com\/en\/product\/walkie-talkie-egg-buildings-at-night-in-london-2\/","title":{"rendered":"Walkie talkie, egg buildings at night in London"},"content":{"rendered":"","protected":false},"excerpt":{"rendered":"","protected":false},"featured_media":34850,"template":"","meta":[],"product_cat":[202,199],"product_tag":[242,252,301,253,324,325],"class_list":{"0":"post-7367","1":"product","2":"type-product","3":"status-publish","4":"has-post-thumbnail","6":"product_cat-london","7":"product_cat-varosok","8":"product_tag-architecture","9":"product_tag-city","10":"product_tag-cityscape","11":"product_tag-london","12":"product_tag-london-at-night","13":"product_tag-night","15":"first","16":"instock","17":"taxable","18":"shipping-taxable","19":"purchasable","20":"product-type-variable","21":"has-default-attributes"},"yoast_head":"<!-- This site is optimized with the Yoast SEO plugin v21.7 - https:\/\/yoast.com\/wordpress\/plugins\/seo\/ -->\n<title>Walkie talkie, egg buildings at night in London - Fotogr\u00e1fia a falra<\/title>\n<meta name=\"description\" content=\"Fotogr\u00e1fia a falra, pr\u00e9mium min\u0151s\u00e9g\u0171 v\u00e1szonk\u00e9p rendel\u00e9s.\" \/>\n<meta name=\"robots\" content=\"index, follow, max-snippet:-1, max-image-preview:large, max-video-preview:-1\" \/>\n<link rel=\"canonical\" href=\"https:\/\/louiphoto.com\/en\/product\/walkie-talkie-egg-buildings-at-night-in-london-2\/\" \/>\n<meta property=\"og:locale\" content=\"en_US\" \/>\n<meta property=\"og:type\" content=\"article\" \/>\n<meta property=\"og:title\" content=\"Walkie talkie, egg buildings at night in London - Fotogr\u00e1fia a falra\" \/>\n<meta property=\"og:description\" content=\"Fotogr\u00e1fia a falra, pr\u00e9mium min\u0151s\u00e9g\u0171 v\u00e1szonk\u00e9p rendel\u00e9s.\" \/>\n<meta property=\"og:url\" content=\"https:\/\/louiphoto.com\/en\/product\/walkie-talkie-egg-buildings-at-night-in-london-2\/\" \/>\n<meta property=\"og:site_name\" content=\"Fotogr\u00e1fia a falra\" \/>\n<meta property=\"article:modified_time\" content=\"2022-08-20T17:25:42+00:00\" \/>\n<meta name=\"twitter:card\" content=\"summary_large_image\" \/>\n<meta name=\"twitter:image\" content=\"https:\/\/louiphoto.com\/wp-content\/uploads\/2016\/06\/Walkie-talkie-egg-buildings-at-night-in-London-UK-2.jpg\" \/>\n<script type=\"application\/ld+json\" class=\"yoast-schema-graph\">{\"@context\":\"https:\/\/schema.org\",\"@graph\":[{\"@type\":\"WebPage\",\"@id\":\"https:\/\/louiphoto.com\/product\/walkie-talkie-egg-buildings-at-night-in-london-2\/\",\"url\":\"https:\/\/louiphoto.com\/product\/walkie-talkie-egg-buildings-at-night-in-london-2\/\",\"name\":\"Walkie talkie, egg buildings at night in London - Fotogr\u00e1fia a falra\",\"isPartOf\":{\"@id\":\"https:\/\/louiphoto.com\/#website\"},\"datePublished\":\"2016-06-04T09:52:46+00:00\",\"dateModified\":\"2022-08-20T17:25:42+00:00\",\"description\":\"Fotogr\u00e1fia a falra, pr\u00e9mium min\u0151s\u00e9g\u0171 v\u00e1szonk\u00e9p rendel\u00e9s.\",\"breadcrumb\":{\"@id\":\"https:\/\/louiphoto.com\/product\/walkie-talkie-egg-buildings-at-night-in-london-2\/#breadcrumb\"},\"inLanguage\":\"en-US\",\"potentialAction\":[{\"@type\":\"ReadAction\",\"target\":[\"https:\/\/louiphoto.com\/product\/walkie-talkie-egg-buildings-at-night-in-london-2\/\"]}]},{\"@type\":\"BreadcrumbList\",\"@id\":\"https:\/\/louiphoto.com\/product\/walkie-talkie-egg-buildings-at-night-in-london-2\/#breadcrumb\",\"itemListElement\":[{\"@type\":\"ListItem\",\"position\":1,\"name\":\"Kezd\u0151lap\",\"item\":\"https:\/\/louiphoto.com\/\"},{\"@type\":\"ListItem\",\"position\":2,\"name\":\"Shop\",\"item\":\"https:\/\/louiphoto.com\/shop\/\"},{\"@type\":\"ListItem\",\"position\":3,\"name\":\"Walkie talkie, egg buildings at night in London\"}]},{\"@type\":\"WebSite\",\"@id\":\"https:\/\/louiphoto.com\/#website\",\"url\":\"https:\/\/louiphoto.com\/\",\"name\":\"Fotogr\u00e1fia a falra\",\"description\":\"V\u00e1szonk\u00e9p, Gicl\u00e9e nyomat\",\"potentialAction\":[{\"@type\":\"SearchAction\",\"target\":{\"@type\":\"EntryPoint\",\"urlTemplate\":\"https:\/\/louiphoto.com\/?s={search_term_string}\"},\"query-input\":\"required name=search_term_string\"}],\"inLanguage\":\"en-US\"}]}<\/script>\n<!-- \/ Yoast SEO plugin. -->","yoast_head_json":{"title":"Walkie talkie, egg buildings at night in London - Fotogr\u00e1fia a falra","description":"Fotogr\u00e1fia a falra, pr\u00e9mium min\u0151s\u00e9g\u0171 v\u00e1szonk\u00e9p rendel\u00e9s.","robots":{"index":"index","follow":"follow","max-snippet":"max-snippet:-1","max-image-preview":"max-image-preview:large","max-video-preview":"max-video-preview:-1"},"canonical":"https:\/\/louiphoto.com\/en\/product\/walkie-talkie-egg-buildings-at-night-in-london-2\/","og_locale":"en_US","og_type":"article","og_title":"Walkie talkie, egg buildings at night in London - Fotogr\u00e1fia a falra","og_description":"Fotogr\u00e1fia a falra, pr\u00e9mium min\u0151s\u00e9g\u0171 v\u00e1szonk\u00e9p rendel\u00e9s.","og_url":"https:\/\/louiphoto.com\/en\/product\/walkie-talkie-egg-buildings-at-night-in-london-2\/","og_site_name":"Fotogr\u00e1fia a falra","article_modified_time":"2022-08-20T17:25:42+00:00","twitter_card":"summary_large_image","twitter_image":"https:\/\/louiphoto.com\/wp-content\/uploads\/2016\/06\/Walkie-talkie-egg-buildings-at-night-in-London-UK-2.jpg","schema":{"@context":"https:\/\/schema.org","@graph":[{"@type":"WebPage","@id":"https:\/\/louiphoto.com\/product\/walkie-talkie-egg-buildings-at-night-in-london-2\/","url":"https:\/\/louiphoto.com\/product\/walkie-talkie-egg-buildings-at-night-in-london-2\/","name":"Walkie talkie, egg buildings at night in London - Fotogr\u00e1fia a falra","isPartOf":{"@id":"https:\/\/louiphoto.com\/#website"},"datePublished":"2016-06-04T09:52:46+00:00","dateModified":"2022-08-20T17:25:42+00:00","description":"Fotogr\u00e1fia a falra, pr\u00e9mium min\u0151s\u00e9g\u0171 v\u00e1szonk\u00e9p rendel\u00e9s.","breadcrumb":{"@id":"https:\/\/louiphoto.com\/product\/walkie-talkie-egg-buildings-at-night-in-london-2\/#breadcrumb"},"inLanguage":"en-US","potentialAction":[{"@type":"ReadAction","target":["https:\/\/louiphoto.com\/product\/walkie-talkie-egg-buildings-at-night-in-london-2\/"]}]},{"@type":"BreadcrumbList","@id":"https:\/\/louiphoto.com\/product\/walkie-talkie-egg-buildings-at-night-in-london-2\/#breadcrumb","itemListElement":[{"@type":"ListItem","position":1,"name":"Kezd\u0151lap","item":"https:\/\/louiphoto.com\/"},{"@type":"ListItem","position":2,"name":"Shop","item":"https:\/\/louiphoto.com\/shop\/"},{"@type":"ListItem","position":3,"name":"Walkie talkie, egg buildings at night in London"}]},{"@type":"WebSite","@id":"https:\/\/louiphoto.com\/#website","url":"https:\/\/louiphoto.com\/","name":"Fotogr\u00e1fia a falra","description":"V\u00e1szonk\u00e9p, Gicl\u00e9e nyomat","potentialAction":[{"@type":"SearchAction","target":{"@type":"EntryPoint","urlTemplate":"https:\/\/louiphoto.com\/?s={search_term_string}"},"query-input":"required name=search_term_string"}],"inLanguage":"en-US"}]}},"_links":{"self":[{"href":"https:\/\/louiphoto.com\/en\/wp-json\/wp\/v2\/product\/7367","targetHints":{"allow":["GET"]}}],"collection":[{"href":"https:\/\/louiphoto.com\/en\/wp-json\/wp\/v2\/product"}],"about":[{"href":"https:\/\/louiphoto.com\/en\/wp-json\/wp\/v2\/types\/product"}],"wp:featuredmedia":[{"embeddable":true,"href":"https:\/\/louiphoto.com\/en\/wp-json\/wp\/v2\/media\/34850"}],"wp:attachment":[{"href":"https:\/\/louiphoto.com\/en\/wp-json\/wp\/v2\/media?parent=7367"}],"wp:term":[{"taxonomy":"product_cat","embeddable":true,"href":"https:\/\/louiphoto.com\/en\/wp-json\/wp\/v2\/product_cat?post=7367"},{"taxonomy":"product_tag","embeddable":true,"href":"https:\/\/louiphoto.com\/en\/wp-json\/wp\/v2\/product_tag?post=7367"}],"curies":[{"name":"wp","href":"https:\/\/api.w.org\/{rel}","templated":true}]}}