{"id":7257,"date":"2016-06-03T15:56:30","date_gmt":"2016-06-03T15:56:30","guid":{"rendered":"https:\/\/louiphoto.com\/product\/the-shard-and-the-scoop-at-night\/"},"modified":"2022-08-20T17:29:25","modified_gmt":"2022-08-20T17:29:25","slug":"the-shard-and-the-scoop-at-night","status":"publish","type":"product","link":"https:\/\/louiphoto.com\/en\/product\/the-shard-and-the-scoop-at-night\/","title":{"rendered":"The Shard and The Scoop at night"},"content":{"rendered":"","protected":false},"excerpt":{"rendered":"<p>[:hu]If You need any city or architecture stock photos Your website, from\u00a0<strong>\u00a32.5<\/strong> Download now! <a href=\"http:\/\/louistockphoto.com\/collection\/city-building-town\/\" target=\"_blank\" rel=\"noopener noreferrer\">http:\/\/louistockphoto.com<\/a>[:en]If You need any city or architecture stock photos Your website, from\u00a0<strong>\u00a32.5<\/strong> Download now! <a href=\"http:\/\/louistockphoto.com\/collection\/city-building-town\/\" target=\"_blank\" rel=\"noopener\">http:\/\/louistockphoto.com<\/a>[:]<\/p>","protected":false},"featured_media":34860,"template":"","meta":[],"product_cat":[202,199],"product_tag":[242,252,253,324,276],"class_list":{"0":"post-7257","1":"product","2":"type-product","3":"status-publish","4":"has-post-thumbnail","6":"product_cat-london","7":"product_cat-varosok","8":"product_tag-architecture","9":"product_tag-city","10":"product_tag-london","11":"product_tag-london-at-night","12":"product_tag-the-shard","14":"first","15":"instock","16":"taxable","17":"shipping-taxable","18":"purchasable","19":"product-type-variable","20":"has-default-attributes"},"yoast_head":"<!-- This site is optimized with the Yoast SEO plugin v21.7 - https:\/\/yoast.com\/wordpress\/plugins\/seo\/ -->\n<title>The Shard and The Scoop at night - Fotogr\u00e1fia a falra<\/title>\n<meta name=\"description\" content=\"Fotogr\u00e1fia a falra, pr\u00e9mium min\u0151s\u00e9g\u0171 v\u00e1szonk\u00e9p rendel\u00e9s.\" \/>\n<meta name=\"robots\" content=\"index, follow, max-snippet:-1, max-image-preview:large, max-video-preview:-1\" \/>\n<link rel=\"canonical\" href=\"https:\/\/louiphoto.com\/en\/product\/the-shard-and-the-scoop-at-night\/\" \/>\n<meta property=\"og:locale\" content=\"en_US\" \/>\n<meta property=\"og:type\" content=\"article\" \/>\n<meta property=\"og:title\" content=\"The Shard and The Scoop at night - Fotogr\u00e1fia a falra\" \/>\n<meta property=\"og:description\" content=\"Fotogr\u00e1fia a falra, pr\u00e9mium min\u0151s\u00e9g\u0171 v\u00e1szonk\u00e9p rendel\u00e9s.\" \/>\n<meta property=\"og:url\" content=\"https:\/\/louiphoto.com\/en\/product\/the-shard-and-the-scoop-at-night\/\" \/>\n<meta property=\"og:site_name\" content=\"Fotogr\u00e1fia a falra\" \/>\n<meta property=\"article:modified_time\" content=\"2022-08-20T17:29:25+00:00\" \/>\n<meta property=\"og:image\" content=\"https:\/\/louiphoto.com\/wp-content\/uploads\/2016\/06\/The-Shard-and-The-Scoop-at-blue-hour-sunset-in-London-UK.jpg\" \/>\n\t<meta property=\"og:image:width\" content=\"1024\" \/>\n\t<meta property=\"og:image:height\" content=\"683\" \/>\n\t<meta property=\"og:image:type\" content=\"image\/jpeg\" \/>\n<meta name=\"twitter:card\" content=\"summary_large_image\" \/>\n<script type=\"application\/ld+json\" class=\"yoast-schema-graph\">{\"@context\":\"https:\/\/schema.org\",\"@graph\":[{\"@type\":\"WebPage\",\"@id\":\"https:\/\/louiphoto.com\/product\/the-shard-and-the-scoop-at-night\/\",\"url\":\"https:\/\/louiphoto.com\/product\/the-shard-and-the-scoop-at-night\/\",\"name\":\"The Shard and The Scoop at night - Fotogr\u00e1fia a falra\",\"isPartOf\":{\"@id\":\"https:\/\/louiphoto.com\/#website\"},\"datePublished\":\"2016-06-03T15:56:30+00:00\",\"dateModified\":\"2022-08-20T17:29:25+00:00\",\"description\":\"Fotogr\u00e1fia a falra, pr\u00e9mium min\u0151s\u00e9g\u0171 v\u00e1szonk\u00e9p rendel\u00e9s.\",\"breadcrumb\":{\"@id\":\"https:\/\/louiphoto.com\/product\/the-shard-and-the-scoop-at-night\/#breadcrumb\"},\"inLanguage\":\"en-US\",\"potentialAction\":[{\"@type\":\"ReadAction\",\"target\":[\"https:\/\/louiphoto.com\/product\/the-shard-and-the-scoop-at-night\/\"]}]},{\"@type\":\"BreadcrumbList\",\"@id\":\"https:\/\/louiphoto.com\/product\/the-shard-and-the-scoop-at-night\/#breadcrumb\",\"itemListElement\":[{\"@type\":\"ListItem\",\"position\":1,\"name\":\"Kezd\u0151lap\",\"item\":\"https:\/\/louiphoto.com\/\"},{\"@type\":\"ListItem\",\"position\":2,\"name\":\"Shop\",\"item\":\"https:\/\/louiphoto.com\/shop\/\"},{\"@type\":\"ListItem\",\"position\":3,\"name\":\"The Shard and The Scoop at night\"}]},{\"@type\":\"WebSite\",\"@id\":\"https:\/\/louiphoto.com\/#website\",\"url\":\"https:\/\/louiphoto.com\/\",\"name\":\"Fotogr\u00e1fia a falra\",\"description\":\"V\u00e1szonk\u00e9p, Gicl\u00e9e nyomat\",\"potentialAction\":[{\"@type\":\"SearchAction\",\"target\":{\"@type\":\"EntryPoint\",\"urlTemplate\":\"https:\/\/louiphoto.com\/?s={search_term_string}\"},\"query-input\":\"required name=search_term_string\"}],\"inLanguage\":\"en-US\"}]}<\/script>\n<!-- \/ Yoast SEO plugin. -->","yoast_head_json":{"title":"The Shard and The Scoop at night - Fotogr\u00e1fia a falra","description":"Fotogr\u00e1fia a falra, pr\u00e9mium min\u0151s\u00e9g\u0171 v\u00e1szonk\u00e9p rendel\u00e9s.","robots":{"index":"index","follow":"follow","max-snippet":"max-snippet:-1","max-image-preview":"max-image-preview:large","max-video-preview":"max-video-preview:-1"},"canonical":"https:\/\/louiphoto.com\/en\/product\/the-shard-and-the-scoop-at-night\/","og_locale":"en_US","og_type":"article","og_title":"The Shard and The Scoop at night - Fotogr\u00e1fia a falra","og_description":"Fotogr\u00e1fia a falra, pr\u00e9mium min\u0151s\u00e9g\u0171 v\u00e1szonk\u00e9p rendel\u00e9s.","og_url":"https:\/\/louiphoto.com\/en\/product\/the-shard-and-the-scoop-at-night\/","og_site_name":"Fotogr\u00e1fia a falra","article_modified_time":"2022-08-20T17:29:25+00:00","og_image":[{"width":1024,"height":683,"url":"https:\/\/louiphoto.com\/wp-content\/uploads\/2016\/06\/The-Shard-and-The-Scoop-at-blue-hour-sunset-in-London-UK.jpg","type":"image\/jpeg"}],"twitter_card":"summary_large_image","schema":{"@context":"https:\/\/schema.org","@graph":[{"@type":"WebPage","@id":"https:\/\/louiphoto.com\/product\/the-shard-and-the-scoop-at-night\/","url":"https:\/\/louiphoto.com\/product\/the-shard-and-the-scoop-at-night\/","name":"The Shard and The Scoop at night - Fotogr\u00e1fia a falra","isPartOf":{"@id":"https:\/\/louiphoto.com\/#website"},"datePublished":"2016-06-03T15:56:30+00:00","dateModified":"2022-08-20T17:29:25+00:00","description":"Fotogr\u00e1fia a falra, pr\u00e9mium min\u0151s\u00e9g\u0171 v\u00e1szonk\u00e9p rendel\u00e9s.","breadcrumb":{"@id":"https:\/\/louiphoto.com\/product\/the-shard-and-the-scoop-at-night\/#breadcrumb"},"inLanguage":"en-US","potentialAction":[{"@type":"ReadAction","target":["https:\/\/louiphoto.com\/product\/the-shard-and-the-scoop-at-night\/"]}]},{"@type":"BreadcrumbList","@id":"https:\/\/louiphoto.com\/product\/the-shard-and-the-scoop-at-night\/#breadcrumb","itemListElement":[{"@type":"ListItem","position":1,"name":"Kezd\u0151lap","item":"https:\/\/louiphoto.com\/"},{"@type":"ListItem","position":2,"name":"Shop","item":"https:\/\/louiphoto.com\/shop\/"},{"@type":"ListItem","position":3,"name":"The Shard and The Scoop at night"}]},{"@type":"WebSite","@id":"https:\/\/louiphoto.com\/#website","url":"https:\/\/louiphoto.com\/","name":"Fotogr\u00e1fia a falra","description":"V\u00e1szonk\u00e9p, Gicl\u00e9e nyomat","potentialAction":[{"@type":"SearchAction","target":{"@type":"EntryPoint","urlTemplate":"https:\/\/louiphoto.com\/?s={search_term_string}"},"query-input":"required name=search_term_string"}],"inLanguage":"en-US"}]}},"_links":{"self":[{"href":"https:\/\/louiphoto.com\/en\/wp-json\/wp\/v2\/product\/7257","targetHints":{"allow":["GET"]}}],"collection":[{"href":"https:\/\/louiphoto.com\/en\/wp-json\/wp\/v2\/product"}],"about":[{"href":"https:\/\/louiphoto.com\/en\/wp-json\/wp\/v2\/types\/product"}],"wp:featuredmedia":[{"embeddable":true,"href":"https:\/\/louiphoto.com\/en\/wp-json\/wp\/v2\/media\/34860"}],"wp:attachment":[{"href":"https:\/\/louiphoto.com\/en\/wp-json\/wp\/v2\/media?parent=7257"}],"wp:term":[{"taxonomy":"product_cat","embeddable":true,"href":"https:\/\/louiphoto.com\/en\/wp-json\/wp\/v2\/product_cat?post=7257"},{"taxonomy":"product_tag","embeddable":true,"href":"https:\/\/louiphoto.com\/en\/wp-json\/wp\/v2\/product_tag?post=7257"}],"curies":[{"name":"wp","href":"https:\/\/api.w.org\/{rel}","templated":true}]}}