{"id":36066,"date":"2022-08-27T12:31:41","date_gmt":"2022-08-27T12:31:41","guid":{"rendered":"https:\/\/louiphoto.com\/?post_type=product&#038;p=36066"},"modified":"2022-08-27T12:35:35","modified_gmt":"2022-08-27T12:35:35","slug":"ajandek-kupon","status":"publish","type":"product","link":"https:\/\/louiphoto.com\/en\/product\/ajandek-kupon\/","title":{"rendered":"Aj\u00e1nd\u00e9k Kupon"},"content":{"rendered":"","protected":false},"excerpt":{"rendered":"","protected":false},"featured_media":36067,"template":"","meta":[],"product_cat":[184,185,186,200,201,196,187,197,191,188,190,202,192,422,203,189,194,193,195,204,199,198],"product_tag":[],"class_list":{"0":"post-36066","1":"product","2":"type-product","3":"status-publish","4":"has-post-thumbnail","6":"product_cat-absztrakt","7":"product_cat-architektura","8":"product_cat-balaton","9":"product_cat-budapest","10":"product_cat-dubai","11":"product_cat-erdo","12":"product_cat-fekete-feher","13":"product_cat-hegy","14":"product_cat-izland","15":"product_cat-jarmuvek","16":"product_cat-kanada","17":"product_cat-london","18":"product_cat-marokko","19":"product_cat-marrakesh-varosok","20":"product_cat-moszkva","21":"product_cat-orszagok","22":"product_cat-panorama-kepek","23":"product_cat-sziberia","24":"product_cat-termeszet","25":"product_cat-vancouver","26":"product_cat-varosok","27":"product_cat-viz","29":"first","30":"instock","31":"taxable","32":"shipping-taxable","33":"purchasable","34":"product-type-variable"},"yoast_head":"<!-- This site is optimized with the Yoast SEO plugin v21.7 - https:\/\/yoast.com\/wordpress\/plugins\/seo\/ -->\n<title>Aj\u00e1nd\u00e9k Kupon - Fotogr\u00e1fia a falra<\/title>\n<meta name=\"robots\" content=\"index, follow, max-snippet:-1, max-image-preview:large, max-video-preview:-1\" \/>\n<link rel=\"canonical\" href=\"https:\/\/louiphoto.com\/en\/product\/ajandek-kupon\/\" \/>\n<meta property=\"og:locale\" content=\"en_US\" \/>\n<meta property=\"og:type\" content=\"article\" \/>\n<meta property=\"og:title\" content=\"Aj\u00e1nd\u00e9k Kupon - Fotogr\u00e1fia a falra\" \/>\n<meta property=\"og:url\" content=\"https:\/\/louiphoto.com\/en\/product\/ajandek-kupon\/\" \/>\n<meta property=\"og:site_name\" content=\"Fotogr\u00e1fia a falra\" \/>\n<meta property=\"article:modified_time\" content=\"2022-08-27T12:35:35+00:00\" \/>\n<meta property=\"og:image\" content=\"https:\/\/louiphoto.com\/wp-content\/uploads\/2022\/08\/ajandek-kupon-1.jpg\" \/>\n\t<meta property=\"og:image:width\" content=\"560\" \/>\n\t<meta property=\"og:image:height\" content=\"280\" \/>\n\t<meta property=\"og:image:type\" content=\"image\/jpeg\" \/>\n<meta name=\"twitter:card\" content=\"summary_large_image\" \/>\n<script type=\"application\/ld+json\" class=\"yoast-schema-graph\">{\"@context\":\"https:\/\/schema.org\",\"@graph\":[{\"@type\":\"WebPage\",\"@id\":\"https:\/\/louiphoto.com\/product\/ajandek-kupon\/\",\"url\":\"https:\/\/louiphoto.com\/product\/ajandek-kupon\/\",\"name\":\"Aj\u00e1nd\u00e9k Kupon - Fotogr\u00e1fia a falra\",\"isPartOf\":{\"@id\":\"https:\/\/louiphoto.com\/#website\"},\"datePublished\":\"2022-08-27T12:31:41+00:00\",\"dateModified\":\"2022-08-27T12:35:35+00:00\",\"breadcrumb\":{\"@id\":\"https:\/\/louiphoto.com\/product\/ajandek-kupon\/#breadcrumb\"},\"inLanguage\":\"en-US\",\"potentialAction\":[{\"@type\":\"ReadAction\",\"target\":[\"https:\/\/louiphoto.com\/product\/ajandek-kupon\/\"]}]},{\"@type\":\"BreadcrumbList\",\"@id\":\"https:\/\/louiphoto.com\/product\/ajandek-kupon\/#breadcrumb\",\"itemListElement\":[{\"@type\":\"ListItem\",\"position\":1,\"name\":\"Kezd\u0151lap\",\"item\":\"https:\/\/louiphoto.com\/\"},{\"@type\":\"ListItem\",\"position\":2,\"name\":\"Shop\",\"item\":\"https:\/\/louiphoto.com\/shop\/\"},{\"@type\":\"ListItem\",\"position\":3,\"name\":\"Aj\u00e1nd\u00e9k Kupon\"}]},{\"@type\":\"WebSite\",\"@id\":\"https:\/\/louiphoto.com\/#website\",\"url\":\"https:\/\/louiphoto.com\/\",\"name\":\"Fotogr\u00e1fia a falra\",\"description\":\"V\u00e1szonk\u00e9p, Gicl\u00e9e nyomat\",\"potentialAction\":[{\"@type\":\"SearchAction\",\"target\":{\"@type\":\"EntryPoint\",\"urlTemplate\":\"https:\/\/louiphoto.com\/?s={search_term_string}\"},\"query-input\":\"required name=search_term_string\"}],\"inLanguage\":\"en-US\"}]}<\/script>\n<!-- \/ Yoast SEO plugin. -->","yoast_head_json":{"title":"Aj\u00e1nd\u00e9k Kupon - Fotogr\u00e1fia a falra","robots":{"index":"index","follow":"follow","max-snippet":"max-snippet:-1","max-image-preview":"max-image-preview:large","max-video-preview":"max-video-preview:-1"},"canonical":"https:\/\/louiphoto.com\/en\/product\/ajandek-kupon\/","og_locale":"en_US","og_type":"article","og_title":"Aj\u00e1nd\u00e9k Kupon - Fotogr\u00e1fia a falra","og_url":"https:\/\/louiphoto.com\/en\/product\/ajandek-kupon\/","og_site_name":"Fotogr\u00e1fia a falra","article_modified_time":"2022-08-27T12:35:35+00:00","og_image":[{"width":560,"height":280,"url":"https:\/\/louiphoto.com\/wp-content\/uploads\/2022\/08\/ajandek-kupon-1.jpg","type":"image\/jpeg"}],"twitter_card":"summary_large_image","schema":{"@context":"https:\/\/schema.org","@graph":[{"@type":"WebPage","@id":"https:\/\/louiphoto.com\/product\/ajandek-kupon\/","url":"https:\/\/louiphoto.com\/product\/ajandek-kupon\/","name":"Aj\u00e1nd\u00e9k Kupon - Fotogr\u00e1fia a falra","isPartOf":{"@id":"https:\/\/louiphoto.com\/#website"},"datePublished":"2022-08-27T12:31:41+00:00","dateModified":"2022-08-27T12:35:35+00:00","breadcrumb":{"@id":"https:\/\/louiphoto.com\/product\/ajandek-kupon\/#breadcrumb"},"inLanguage":"en-US","potentialAction":[{"@type":"ReadAction","target":["https:\/\/louiphoto.com\/product\/ajandek-kupon\/"]}]},{"@type":"BreadcrumbList","@id":"https:\/\/louiphoto.com\/product\/ajandek-kupon\/#breadcrumb","itemListElement":[{"@type":"ListItem","position":1,"name":"Kezd\u0151lap","item":"https:\/\/louiphoto.com\/"},{"@type":"ListItem","position":2,"name":"Shop","item":"https:\/\/louiphoto.com\/shop\/"},{"@type":"ListItem","position":3,"name":"Aj\u00e1nd\u00e9k Kupon"}]},{"@type":"WebSite","@id":"https:\/\/louiphoto.com\/#website","url":"https:\/\/louiphoto.com\/","name":"Fotogr\u00e1fia a falra","description":"V\u00e1szonk\u00e9p, Gicl\u00e9e nyomat","potentialAction":[{"@type":"SearchAction","target":{"@type":"EntryPoint","urlTemplate":"https:\/\/louiphoto.com\/?s={search_term_string}"},"query-input":"required name=search_term_string"}],"inLanguage":"en-US"}]}},"_links":{"self":[{"href":"https:\/\/louiphoto.com\/en\/wp-json\/wp\/v2\/product\/36066","targetHints":{"allow":["GET"]}}],"collection":[{"href":"https:\/\/louiphoto.com\/en\/wp-json\/wp\/v2\/product"}],"about":[{"href":"https:\/\/louiphoto.com\/en\/wp-json\/wp\/v2\/types\/product"}],"wp:featuredmedia":[{"embeddable":true,"href":"https:\/\/louiphoto.com\/en\/wp-json\/wp\/v2\/media\/36067"}],"wp:attachment":[{"href":"https:\/\/louiphoto.com\/en\/wp-json\/wp\/v2\/media?parent=36066"}],"wp:term":[{"taxonomy":"product_cat","embeddable":true,"href":"https:\/\/louiphoto.com\/en\/wp-json\/wp\/v2\/product_cat?post=36066"},{"taxonomy":"product_tag","embeddable":true,"href":"https:\/\/louiphoto.com\/en\/wp-json\/wp\/v2\/product_tag?post=36066"}],"curies":[{"name":"wp","href":"https:\/\/api.w.org\/{rel}","templated":true}]}}