{"id":336,"date":"2016-04-27T19:08:20","date_gmt":"2016-04-27T19:08:20","guid":{"rendered":"https:\/\/louiphoto.com\/product\/rocky-shore-on-the-beach\/"},"modified":"2022-08-15T22:31:20","modified_gmt":"2022-08-15T22:31:20","slug":"rocky-shore-on-the-beach","status":"publish","type":"product","link":"https:\/\/louiphoto.com\/en\/product\/rocky-shore-on-the-beach\/","title":{"rendered":"Rocky shore on the beach"},"content":{"rendered":"","protected":false},"excerpt":{"rendered":"<p>[:hu]If You need any Black &amp; White stock photos Your website, from\u00a0<strong>\u00a32.5<\/strong><\/p>\n<p>Download now! <a href=\"http:\/\/louistockphoto.com\/collection\/black-white\/\" target=\"_blank\" rel=\"noopener\">http:\/\/louistockphoto.com<\/a>[:en]If You need any Black &amp; White stock photos Your website, from\u00a0<strong>\u00a32.5<\/strong><\/p>\n<p>Download now! <a href=\"http:\/\/louistockphoto.com\/collection\/black-white\/\" target=\"_blank\" rel=\"noopener\">http:\/\/louistockphoto.com<\/a>[:]<\/p>","protected":false},"featured_media":0,"template":"","meta":[],"product_cat":[222],"product_tag":[241,245],"class_list":{"0":"post-336","1":"product","2":"type-product","3":"status-publish","5":"product_cat-black-white-black-white","6":"product_tag-landscape","7":"product_tag-sea","9":"first","10":"instock","11":"taxable","12":"shipping-taxable","13":"purchasable","14":"product-type-variable"},"yoast_head":"<!-- This site is optimized with the Yoast SEO plugin v21.7 - https:\/\/yoast.com\/wordpress\/plugins\/seo\/ -->\n<title>Rocky shore on the beach - Fotogr\u00e1fia a falra<\/title>\n<meta name=\"robots\" content=\"index, follow, max-snippet:-1, max-image-preview:large, max-video-preview:-1\" \/>\n<link rel=\"canonical\" href=\"https:\/\/louiphoto.com\/en\/product\/rocky-shore-on-the-beach\/\" \/>\n<meta property=\"og:locale\" content=\"en_US\" \/>\n<meta property=\"og:type\" content=\"article\" \/>\n<meta property=\"og:title\" content=\"Rocky shore on the beach - Fotogr\u00e1fia a falra\" \/>\n<meta property=\"og:description\" content=\"[:hu]If You need any Black &amp; White stock photos Your website, from\u00a0\u00a32.5  Download now! http:\/\/louistockphoto.com[:en]If You need any Black &amp; White stock photos Your website, from\u00a0\u00a32.5  Download now! http:\/\/louistockphoto.com[:]\" \/>\n<meta property=\"og:url\" content=\"https:\/\/louiphoto.com\/en\/product\/rocky-shore-on-the-beach\/\" \/>\n<meta property=\"og:site_name\" content=\"Fotogr\u00e1fia a falra\" \/>\n<meta property=\"article:modified_time\" content=\"2022-08-15T22:31:20+00:00\" \/>\n<meta name=\"twitter:card\" content=\"summary_large_image\" \/>\n<script type=\"application\/ld+json\" class=\"yoast-schema-graph\">{\"@context\":\"https:\/\/schema.org\",\"@graph\":[{\"@type\":\"WebPage\",\"@id\":\"https:\/\/louiphoto.com\/product\/rocky-shore-on-the-beach\/\",\"url\":\"https:\/\/louiphoto.com\/product\/rocky-shore-on-the-beach\/\",\"name\":\"Rocky shore on the beach - Fotogr\u00e1fia a falra\",\"isPartOf\":{\"@id\":\"https:\/\/louiphoto.com\/#website\"},\"datePublished\":\"2016-04-27T19:08:20+00:00\",\"dateModified\":\"2022-08-15T22:31:20+00:00\",\"breadcrumb\":{\"@id\":\"https:\/\/louiphoto.com\/product\/rocky-shore-on-the-beach\/#breadcrumb\"},\"inLanguage\":\"en-US\",\"potentialAction\":[{\"@type\":\"ReadAction\",\"target\":[\"https:\/\/louiphoto.com\/product\/rocky-shore-on-the-beach\/\"]}]},{\"@type\":\"BreadcrumbList\",\"@id\":\"https:\/\/louiphoto.com\/product\/rocky-shore-on-the-beach\/#breadcrumb\",\"itemListElement\":[{\"@type\":\"ListItem\",\"position\":1,\"name\":\"Kezd\u0151lap\",\"item\":\"https:\/\/louiphoto.com\/\"},{\"@type\":\"ListItem\",\"position\":2,\"name\":\"Shop\",\"item\":\"https:\/\/louiphoto.com\/shop\/\"},{\"@type\":\"ListItem\",\"position\":3,\"name\":\"Rocky shore on the beach\"}]},{\"@type\":\"WebSite\",\"@id\":\"https:\/\/louiphoto.com\/#website\",\"url\":\"https:\/\/louiphoto.com\/\",\"name\":\"Fotogr\u00e1fia a falra\",\"description\":\"V\u00e1szonk\u00e9p, Gicl\u00e9e nyomat\",\"potentialAction\":[{\"@type\":\"SearchAction\",\"target\":{\"@type\":\"EntryPoint\",\"urlTemplate\":\"https:\/\/louiphoto.com\/?s={search_term_string}\"},\"query-input\":\"required name=search_term_string\"}],\"inLanguage\":\"en-US\"}]}<\/script>\n<!-- \/ Yoast SEO plugin. -->","yoast_head_json":{"title":"Rocky shore on the beach - Fotogr\u00e1fia a falra","robots":{"index":"index","follow":"follow","max-snippet":"max-snippet:-1","max-image-preview":"max-image-preview:large","max-video-preview":"max-video-preview:-1"},"canonical":"https:\/\/louiphoto.com\/en\/product\/rocky-shore-on-the-beach\/","og_locale":"en_US","og_type":"article","og_title":"Rocky shore on the beach - Fotogr\u00e1fia a falra","og_description":"[:hu]If You need any Black &amp; White stock photos Your website, from\u00a0\u00a32.5  Download now! http:\/\/louistockphoto.com[:en]If You need any Black &amp; White stock photos Your website, from\u00a0\u00a32.5  Download now! http:\/\/louistockphoto.com[:]","og_url":"https:\/\/louiphoto.com\/en\/product\/rocky-shore-on-the-beach\/","og_site_name":"Fotogr\u00e1fia a falra","article_modified_time":"2022-08-15T22:31:20+00:00","twitter_card":"summary_large_image","schema":{"@context":"https:\/\/schema.org","@graph":[{"@type":"WebPage","@id":"https:\/\/louiphoto.com\/product\/rocky-shore-on-the-beach\/","url":"https:\/\/louiphoto.com\/product\/rocky-shore-on-the-beach\/","name":"Rocky shore on the beach - Fotogr\u00e1fia a falra","isPartOf":{"@id":"https:\/\/louiphoto.com\/#website"},"datePublished":"2016-04-27T19:08:20+00:00","dateModified":"2022-08-15T22:31:20+00:00","breadcrumb":{"@id":"https:\/\/louiphoto.com\/product\/rocky-shore-on-the-beach\/#breadcrumb"},"inLanguage":"en-US","potentialAction":[{"@type":"ReadAction","target":["https:\/\/louiphoto.com\/product\/rocky-shore-on-the-beach\/"]}]},{"@type":"BreadcrumbList","@id":"https:\/\/louiphoto.com\/product\/rocky-shore-on-the-beach\/#breadcrumb","itemListElement":[{"@type":"ListItem","position":1,"name":"Kezd\u0151lap","item":"https:\/\/louiphoto.com\/"},{"@type":"ListItem","position":2,"name":"Shop","item":"https:\/\/louiphoto.com\/shop\/"},{"@type":"ListItem","position":3,"name":"Rocky shore on the beach"}]},{"@type":"WebSite","@id":"https:\/\/louiphoto.com\/#website","url":"https:\/\/louiphoto.com\/","name":"Fotogr\u00e1fia a falra","description":"V\u00e1szonk\u00e9p, Gicl\u00e9e nyomat","potentialAction":[{"@type":"SearchAction","target":{"@type":"EntryPoint","urlTemplate":"https:\/\/louiphoto.com\/?s={search_term_string}"},"query-input":"required name=search_term_string"}],"inLanguage":"en-US"}]}},"_links":{"self":[{"href":"https:\/\/louiphoto.com\/en\/wp-json\/wp\/v2\/product\/336","targetHints":{"allow":["GET"]}}],"collection":[{"href":"https:\/\/louiphoto.com\/en\/wp-json\/wp\/v2\/product"}],"about":[{"href":"https:\/\/louiphoto.com\/en\/wp-json\/wp\/v2\/types\/product"}],"wp:attachment":[{"href":"https:\/\/louiphoto.com\/en\/wp-json\/wp\/v2\/media?parent=336"}],"wp:term":[{"taxonomy":"product_cat","embeddable":true,"href":"https:\/\/louiphoto.com\/en\/wp-json\/wp\/v2\/product_cat?post=336"},{"taxonomy":"product_tag","embeddable":true,"href":"https:\/\/louiphoto.com\/en\/wp-json\/wp\/v2\/product_tag?post=336"}],"curies":[{"name":"wp","href":"https:\/\/api.w.org\/{rel}","templated":true}]}}