{"id":32193,"date":"2022-08-14T14:48:12","date_gmt":"2022-08-14T14:48:12","guid":{"rendered":"https:\/\/louiphoto.com\/?post_type=product&#038;p=32193"},"modified":"2022-08-14T15:34:35","modified_gmt":"2022-08-14T15:34:35","slug":"absztrakt-no1","status":"publish","type":"product","link":"https:\/\/louiphoto.com\/en\/product\/absztrakt-no1\/","title":{"rendered":"Absztrakt No1"},"content":{"rendered":"","protected":false},"excerpt":{"rendered":"","protected":false},"featured_media":32033,"template":"","meta":[],"product_cat":[184],"product_tag":[],"class_list":{"0":"post-32193","1":"product","2":"type-product","3":"status-publish","4":"has-post-thumbnail","6":"product_cat-absztrakt","8":"first","9":"instock","10":"purchasable","11":"product-type-variable"},"yoast_head":"<!-- This site is optimized with the Yoast SEO plugin v21.7 - https:\/\/yoast.com\/wordpress\/plugins\/seo\/ -->\n<title>Absztrakt No1 - Fotogr\u00e1fia a falra<\/title>\n<meta name=\"robots\" content=\"index, follow, max-snippet:-1, max-image-preview:large, max-video-preview:-1\" \/>\n<link rel=\"canonical\" href=\"https:\/\/louiphoto.com\/en\/product\/absztrakt-no1\/\" \/>\n<meta property=\"og:locale\" content=\"en_US\" \/>\n<meta property=\"og:type\" content=\"article\" \/>\n<meta property=\"og:title\" content=\"Absztrakt No1 - Fotogr\u00e1fia a falra\" \/>\n<meta property=\"og:url\" content=\"https:\/\/louiphoto.com\/en\/product\/absztrakt-no1\/\" \/>\n<meta property=\"og:site_name\" content=\"Fotogr\u00e1fia a falra\" \/>\n<meta property=\"article:modified_time\" content=\"2022-08-14T15:34:35+00:00\" \/>\n<meta property=\"og:image\" content=\"https:\/\/louiphoto.com\/wp-content\/uploads\/2022\/08\/Absztrakt-No2.jpg\" \/>\n\t<meta property=\"og:image:width\" content=\"1024\" \/>\n\t<meta property=\"og:image:height\" content=\"683\" \/>\n\t<meta property=\"og:image:type\" content=\"image\/jpeg\" \/>\n<meta name=\"twitter:card\" content=\"summary_large_image\" \/>\n<script type=\"application\/ld+json\" class=\"yoast-schema-graph\">{\"@context\":\"https:\/\/schema.org\",\"@graph\":[{\"@type\":\"WebPage\",\"@id\":\"https:\/\/louiphoto.com\/product\/absztrakt-no1\/\",\"url\":\"https:\/\/louiphoto.com\/product\/absztrakt-no1\/\",\"name\":\"Absztrakt No1 - Fotogr\u00e1fia a falra\",\"isPartOf\":{\"@id\":\"https:\/\/louiphoto.com\/#website\"},\"datePublished\":\"2022-08-14T14:48:12+00:00\",\"dateModified\":\"2022-08-14T15:34:35+00:00\",\"breadcrumb\":{\"@id\":\"https:\/\/louiphoto.com\/product\/absztrakt-no1\/#breadcrumb\"},\"inLanguage\":\"en-US\",\"potentialAction\":[{\"@type\":\"ReadAction\",\"target\":[\"https:\/\/louiphoto.com\/product\/absztrakt-no1\/\"]}]},{\"@type\":\"BreadcrumbList\",\"@id\":\"https:\/\/louiphoto.com\/product\/absztrakt-no1\/#breadcrumb\",\"itemListElement\":[{\"@type\":\"ListItem\",\"position\":1,\"name\":\"Kezd\u0151lap\",\"item\":\"https:\/\/louiphoto.com\/\"},{\"@type\":\"ListItem\",\"position\":2,\"name\":\"Shop\",\"item\":\"https:\/\/louiphoto.com\/shop\/\"},{\"@type\":\"ListItem\",\"position\":3,\"name\":\"Absztrakt No1\"}]},{\"@type\":\"WebSite\",\"@id\":\"https:\/\/louiphoto.com\/#website\",\"url\":\"https:\/\/louiphoto.com\/\",\"name\":\"Fotogr\u00e1fia a falra\",\"description\":\"V\u00e1szonk\u00e9p, Gicl\u00e9e nyomat\",\"potentialAction\":[{\"@type\":\"SearchAction\",\"target\":{\"@type\":\"EntryPoint\",\"urlTemplate\":\"https:\/\/louiphoto.com\/?s={search_term_string}\"},\"query-input\":\"required name=search_term_string\"}],\"inLanguage\":\"en-US\"}]}<\/script>\n<!-- \/ Yoast SEO plugin. -->","yoast_head_json":{"title":"Absztrakt No1 - Fotogr\u00e1fia a falra","robots":{"index":"index","follow":"follow","max-snippet":"max-snippet:-1","max-image-preview":"max-image-preview:large","max-video-preview":"max-video-preview:-1"},"canonical":"https:\/\/louiphoto.com\/en\/product\/absztrakt-no1\/","og_locale":"en_US","og_type":"article","og_title":"Absztrakt No1 - Fotogr\u00e1fia a falra","og_url":"https:\/\/louiphoto.com\/en\/product\/absztrakt-no1\/","og_site_name":"Fotogr\u00e1fia a falra","article_modified_time":"2022-08-14T15:34:35+00:00","og_image":[{"width":1024,"height":683,"url":"https:\/\/louiphoto.com\/wp-content\/uploads\/2022\/08\/Absztrakt-No2.jpg","type":"image\/jpeg"}],"twitter_card":"summary_large_image","schema":{"@context":"https:\/\/schema.org","@graph":[{"@type":"WebPage","@id":"https:\/\/louiphoto.com\/product\/absztrakt-no1\/","url":"https:\/\/louiphoto.com\/product\/absztrakt-no1\/","name":"Absztrakt No1 - Fotogr\u00e1fia a falra","isPartOf":{"@id":"https:\/\/louiphoto.com\/#website"},"datePublished":"2022-08-14T14:48:12+00:00","dateModified":"2022-08-14T15:34:35+00:00","breadcrumb":{"@id":"https:\/\/louiphoto.com\/product\/absztrakt-no1\/#breadcrumb"},"inLanguage":"en-US","potentialAction":[{"@type":"ReadAction","target":["https:\/\/louiphoto.com\/product\/absztrakt-no1\/"]}]},{"@type":"BreadcrumbList","@id":"https:\/\/louiphoto.com\/product\/absztrakt-no1\/#breadcrumb","itemListElement":[{"@type":"ListItem","position":1,"name":"Kezd\u0151lap","item":"https:\/\/louiphoto.com\/"},{"@type":"ListItem","position":2,"name":"Shop","item":"https:\/\/louiphoto.com\/shop\/"},{"@type":"ListItem","position":3,"name":"Absztrakt No1"}]},{"@type":"WebSite","@id":"https:\/\/louiphoto.com\/#website","url":"https:\/\/louiphoto.com\/","name":"Fotogr\u00e1fia a falra","description":"V\u00e1szonk\u00e9p, Gicl\u00e9e nyomat","potentialAction":[{"@type":"SearchAction","target":{"@type":"EntryPoint","urlTemplate":"https:\/\/louiphoto.com\/?s={search_term_string}"},"query-input":"required name=search_term_string"}],"inLanguage":"en-US"}]}},"_links":{"self":[{"href":"https:\/\/louiphoto.com\/en\/wp-json\/wp\/v2\/product\/32193","targetHints":{"allow":["GET"]}}],"collection":[{"href":"https:\/\/louiphoto.com\/en\/wp-json\/wp\/v2\/product"}],"about":[{"href":"https:\/\/louiphoto.com\/en\/wp-json\/wp\/v2\/types\/product"}],"wp:featuredmedia":[{"embeddable":true,"href":"https:\/\/louiphoto.com\/en\/wp-json\/wp\/v2\/media\/32033"}],"wp:attachment":[{"href":"https:\/\/louiphoto.com\/en\/wp-json\/wp\/v2\/media?parent=32193"}],"wp:term":[{"taxonomy":"product_cat","embeddable":true,"href":"https:\/\/louiphoto.com\/en\/wp-json\/wp\/v2\/product_cat?post=32193"},{"taxonomy":"product_tag","embeddable":true,"href":"https:\/\/louiphoto.com\/en\/wp-json\/wp\/v2\/product_tag?post=32193"}],"curies":[{"name":"wp","href":"https:\/\/api.w.org\/{rel}","templated":true}]}}