{"id":31216,"date":"2019-05-28T16:53:58","date_gmt":"2019-05-28T16:53:58","guid":{"rendered":"https:\/\/louiphoto.com\/product\/magyar-stars-on-night-sky-over-shaman-rock-at-lake-baikal-in-siberia\/"},"modified":"2022-08-16T17:04:00","modified_gmt":"2022-08-16T17:04:00","slug":"stars-on-night-sky-over-shaman-rock-at-lake-baikal-in-siberia","status":"publish","type":"product","link":"https:\/\/louiphoto.com\/en\/product\/stars-on-night-sky-over-shaman-rock-at-lake-baikal-in-siberia\/","title":{"rendered":"Stars on night sky over Shaman rock at Lake Baikal in Siberia"},"content":{"rendered":"","protected":false},"excerpt":{"rendered":"","protected":false},"featured_media":33040,"template":"","meta":[],"product_cat":[197,193],"product_tag":[],"class_list":{"0":"post-31216","1":"product","2":"type-product","3":"status-publish","4":"has-post-thumbnail","6":"product_cat-hegy","7":"product_cat-sziberia","9":"first","10":"instock","11":"taxable","12":"shipping-taxable","13":"purchasable","14":"product-type-variable","15":"has-default-attributes"},"yoast_head":"<!-- This site is optimized with the Yoast SEO plugin v21.7 - https:\/\/yoast.com\/wordpress\/plugins\/seo\/ -->\n<title>Stars on night sky over Shaman rock at Lake Baikal in Siberia - Fotogr\u00e1fia a falra<\/title>\n<meta name=\"description\" content=\"{:hu}Stars on night sky over Shaman rock at Lake Baikal in Siberia{:}\" \/>\n<meta name=\"robots\" content=\"index, follow, max-snippet:-1, max-image-preview:large, max-video-preview:-1\" \/>\n<link rel=\"canonical\" href=\"https:\/\/louiphoto.com\/en\/product\/stars-on-night-sky-over-shaman-rock-at-lake-baikal-in-siberia\/\" \/>\n<meta property=\"og:locale\" content=\"en_US\" \/>\n<meta property=\"og:type\" content=\"article\" \/>\n<meta property=\"og:title\" content=\"Stars on night sky over Shaman rock at Lake Baikal in Siberia\" \/>\n<meta property=\"og:description\" content=\"{:hu}Stars on night sky over Shaman rock at Lake Baikal in Siberia{:}\" \/>\n<meta property=\"og:url\" content=\"https:\/\/louiphoto.com\/en\/product\/stars-on-night-sky-over-shaman-rock-at-lake-baikal-in-siberia\/\" \/>\n<meta property=\"og:site_name\" content=\"Fotogr\u00e1fia a falra\" \/>\n<meta property=\"article:modified_time\" content=\"2022-08-16T17:04:00+00:00\" \/>\n<meta name=\"twitter:card\" content=\"summary_large_image\" \/>\n<meta name=\"twitter:image\" content=\"https:\/\/louiphoto.com\/wp-content\/uploads\/2019\/05\/Stars-on-night-sky-over-Shaman-rock-at-lake-Baikal-in-Siberia.jpg\" \/>\n<script type=\"application\/ld+json\" class=\"yoast-schema-graph\">{\"@context\":\"https:\/\/schema.org\",\"@graph\":[{\"@type\":\"WebPage\",\"@id\":\"https:\/\/louiphoto.com\/product\/stars-on-night-sky-over-shaman-rock-at-lake-baikal-in-siberia\/\",\"url\":\"https:\/\/louiphoto.com\/product\/stars-on-night-sky-over-shaman-rock-at-lake-baikal-in-siberia\/\",\"name\":\"Stars on night sky over Shaman rock at Lake Baikal in Siberia - Fotogr\u00e1fia a falra\",\"isPartOf\":{\"@id\":\"https:\/\/louiphoto.com\/#website\"},\"datePublished\":\"2019-05-28T16:53:58+00:00\",\"dateModified\":\"2022-08-16T17:04:00+00:00\",\"description\":\"{:hu}Stars on night sky over Shaman rock at Lake Baikal in Siberia{:}\",\"breadcrumb\":{\"@id\":\"https:\/\/louiphoto.com\/product\/stars-on-night-sky-over-shaman-rock-at-lake-baikal-in-siberia\/#breadcrumb\"},\"inLanguage\":\"en-US\",\"potentialAction\":[{\"@type\":\"ReadAction\",\"target\":[\"https:\/\/louiphoto.com\/product\/stars-on-night-sky-over-shaman-rock-at-lake-baikal-in-siberia\/\"]}]},{\"@type\":\"BreadcrumbList\",\"@id\":\"https:\/\/louiphoto.com\/product\/stars-on-night-sky-over-shaman-rock-at-lake-baikal-in-siberia\/#breadcrumb\",\"itemListElement\":[{\"@type\":\"ListItem\",\"position\":1,\"name\":\"Kezd\u0151lap\",\"item\":\"https:\/\/louiphoto.com\/\"},{\"@type\":\"ListItem\",\"position\":2,\"name\":\"Shop\",\"item\":\"https:\/\/louiphoto.com\/shop\/\"},{\"@type\":\"ListItem\",\"position\":3,\"name\":\"Stars on night sky over Shaman rock at Lake Baikal in Siberia\"}]},{\"@type\":\"WebSite\",\"@id\":\"https:\/\/louiphoto.com\/#website\",\"url\":\"https:\/\/louiphoto.com\/\",\"name\":\"Fotogr\u00e1fia a falra\",\"description\":\"V\u00e1szonk\u00e9p, Gicl\u00e9e nyomat\",\"potentialAction\":[{\"@type\":\"SearchAction\",\"target\":{\"@type\":\"EntryPoint\",\"urlTemplate\":\"https:\/\/louiphoto.com\/?s={search_term_string}\"},\"query-input\":\"required name=search_term_string\"}],\"inLanguage\":\"en-US\"}]}<\/script>\n<!-- \/ Yoast SEO plugin. -->","yoast_head_json":{"title":"Stars on night sky over Shaman rock at Lake Baikal in Siberia - Fotogr\u00e1fia a falra","description":"{:hu}Stars on night sky over Shaman rock at Lake Baikal in Siberia{:}","robots":{"index":"index","follow":"follow","max-snippet":"max-snippet:-1","max-image-preview":"max-image-preview:large","max-video-preview":"max-video-preview:-1"},"canonical":"https:\/\/louiphoto.com\/en\/product\/stars-on-night-sky-over-shaman-rock-at-lake-baikal-in-siberia\/","og_locale":"en_US","og_type":"article","og_title":"Stars on night sky over Shaman rock at Lake Baikal in Siberia","og_description":"{:hu}Stars on night sky over Shaman rock at Lake Baikal in Siberia{:}","og_url":"https:\/\/louiphoto.com\/en\/product\/stars-on-night-sky-over-shaman-rock-at-lake-baikal-in-siberia\/","og_site_name":"Fotogr\u00e1fia a falra","article_modified_time":"2022-08-16T17:04:00+00:00","twitter_card":"summary_large_image","twitter_image":"https:\/\/louiphoto.com\/wp-content\/uploads\/2019\/05\/Stars-on-night-sky-over-Shaman-rock-at-lake-Baikal-in-Siberia.jpg","schema":{"@context":"https:\/\/schema.org","@graph":[{"@type":"WebPage","@id":"https:\/\/louiphoto.com\/product\/stars-on-night-sky-over-shaman-rock-at-lake-baikal-in-siberia\/","url":"https:\/\/louiphoto.com\/product\/stars-on-night-sky-over-shaman-rock-at-lake-baikal-in-siberia\/","name":"Stars on night sky over Shaman rock at Lake Baikal in Siberia - Fotogr\u00e1fia a falra","isPartOf":{"@id":"https:\/\/louiphoto.com\/#website"},"datePublished":"2019-05-28T16:53:58+00:00","dateModified":"2022-08-16T17:04:00+00:00","description":"{:hu}Stars on night sky over Shaman rock at Lake Baikal in Siberia{:}","breadcrumb":{"@id":"https:\/\/louiphoto.com\/product\/stars-on-night-sky-over-shaman-rock-at-lake-baikal-in-siberia\/#breadcrumb"},"inLanguage":"en-US","potentialAction":[{"@type":"ReadAction","target":["https:\/\/louiphoto.com\/product\/stars-on-night-sky-over-shaman-rock-at-lake-baikal-in-siberia\/"]}]},{"@type":"BreadcrumbList","@id":"https:\/\/louiphoto.com\/product\/stars-on-night-sky-over-shaman-rock-at-lake-baikal-in-siberia\/#breadcrumb","itemListElement":[{"@type":"ListItem","position":1,"name":"Kezd\u0151lap","item":"https:\/\/louiphoto.com\/"},{"@type":"ListItem","position":2,"name":"Shop","item":"https:\/\/louiphoto.com\/shop\/"},{"@type":"ListItem","position":3,"name":"Stars on night sky over Shaman rock at Lake Baikal in Siberia"}]},{"@type":"WebSite","@id":"https:\/\/louiphoto.com\/#website","url":"https:\/\/louiphoto.com\/","name":"Fotogr\u00e1fia a falra","description":"V\u00e1szonk\u00e9p, Gicl\u00e9e nyomat","potentialAction":[{"@type":"SearchAction","target":{"@type":"EntryPoint","urlTemplate":"https:\/\/louiphoto.com\/?s={search_term_string}"},"query-input":"required name=search_term_string"}],"inLanguage":"en-US"}]}},"_links":{"self":[{"href":"https:\/\/louiphoto.com\/en\/wp-json\/wp\/v2\/product\/31216","targetHints":{"allow":["GET"]}}],"collection":[{"href":"https:\/\/louiphoto.com\/en\/wp-json\/wp\/v2\/product"}],"about":[{"href":"https:\/\/louiphoto.com\/en\/wp-json\/wp\/v2\/types\/product"}],"wp:featuredmedia":[{"embeddable":true,"href":"https:\/\/louiphoto.com\/en\/wp-json\/wp\/v2\/media\/33040"}],"wp:attachment":[{"href":"https:\/\/louiphoto.com\/en\/wp-json\/wp\/v2\/media?parent=31216"}],"wp:term":[{"taxonomy":"product_cat","embeddable":true,"href":"https:\/\/louiphoto.com\/en\/wp-json\/wp\/v2\/product_cat?post=31216"},{"taxonomy":"product_tag","embeddable":true,"href":"https:\/\/louiphoto.com\/en\/wp-json\/wp\/v2\/product_tag?post=31216"}],"curies":[{"name":"wp","href":"https:\/\/api.w.org\/{rel}","templated":true}]}}