{"id":27795,"date":"2018-09-06T20:05:09","date_gmt":"2018-09-06T20:05:09","guid":{"rendered":"https:\/\/louiphoto.com\/product\/magyar-airplane-and-architecture-in-the-city\/"},"modified":"2022-08-18T16:41:07","modified_gmt":"2022-08-18T16:41:07","slug":"airplane-and-architecture-in-the-city","status":"publish","type":"product","link":"https:\/\/louiphoto.com\/en\/product\/airplane-and-architecture-in-the-city\/","title":{"rendered":"Airplane and architecture in the city"},"content":{"rendered":"","protected":false},"excerpt":{"rendered":"<p>&nbsp;<\/p>\n<ul>\n<li>Limit\u00e1lt kiad\u00e1s\u00fa Gicl\u00e9e nyomat<\/li>\n<li>Alum\u00ednium lemezre kas\u00edrozott Fine Art pap\u00edr<\/li>\n<li>M\u00e9ret: 70x50cm<\/li>\n<li>Darabsz\u00e1m: 50db<\/li>\n<\/ul>","protected":false},"featured_media":33795,"template":"","meta":[],"product_cat":[185,187],"product_tag":[],"class_list":{"0":"post-27795","1":"product","2":"type-product","3":"status-publish","4":"has-post-thumbnail","6":"product_cat-architektura","7":"product_cat-fekete-feher","9":"first","10":"instock","11":"taxable","12":"shipping-taxable","13":"purchasable","14":"product-type-variable","15":"has-default-attributes"},"yoast_head":"<!-- This site is optimized with the Yoast SEO plugin v21.7 - https:\/\/yoast.com\/wordpress\/plugins\/seo\/ -->\n<title>Airplane and architecture in the city - Fotogr\u00e1fia a falra<\/title>\n<meta name=\"description\" content=\"Fotogr\u00e1fia a falra, v\u00e1szonk\u00e9p rendel\u00e9s\" \/>\n<meta name=\"robots\" content=\"index, follow, max-snippet:-1, max-image-preview:large, max-video-preview:-1\" \/>\n<link rel=\"canonical\" href=\"https:\/\/louiphoto.com\/en\/product\/airplane-and-architecture-in-the-city\/\" \/>\n<meta property=\"og:locale\" content=\"en_US\" \/>\n<meta property=\"og:type\" content=\"article\" \/>\n<meta property=\"og:title\" content=\"Airplane and architecture in the city - Fotogr\u00e1fia a falra\" \/>\n<meta property=\"og:description\" content=\"Fotogr\u00e1fia a falra, v\u00e1szonk\u00e9p rendel\u00e9s\" \/>\n<meta property=\"og:url\" content=\"https:\/\/louiphoto.com\/en\/product\/airplane-and-architecture-in-the-city\/\" \/>\n<meta property=\"og:site_name\" content=\"Fotogr\u00e1fia a falra\" \/>\n<meta property=\"article:modified_time\" content=\"2022-08-18T16:41:07+00:00\" \/>\n<meta name=\"twitter:card\" content=\"summary_large_image\" \/>\n<meta name=\"twitter:image\" content=\"https:\/\/louiphoto.com\/wp-content\/uploads\/2018\/09\/Airplane-and-architecture-in-the-city.jpg\" \/>\n<script type=\"application\/ld+json\" class=\"yoast-schema-graph\">{\"@context\":\"https:\/\/schema.org\",\"@graph\":[{\"@type\":\"WebPage\",\"@id\":\"https:\/\/louiphoto.com\/product\/airplane-and-architecture-in-the-city\/\",\"url\":\"https:\/\/louiphoto.com\/product\/airplane-and-architecture-in-the-city\/\",\"name\":\"Airplane and architecture in the city - Fotogr\u00e1fia a falra\",\"isPartOf\":{\"@id\":\"https:\/\/louiphoto.com\/#website\"},\"datePublished\":\"2018-09-06T20:05:09+00:00\",\"dateModified\":\"2022-08-18T16:41:07+00:00\",\"description\":\"Fotogr\u00e1fia a falra, v\u00e1szonk\u00e9p rendel\u00e9s\",\"breadcrumb\":{\"@id\":\"https:\/\/louiphoto.com\/product\/airplane-and-architecture-in-the-city\/#breadcrumb\"},\"inLanguage\":\"en-US\",\"potentialAction\":[{\"@type\":\"ReadAction\",\"target\":[\"https:\/\/louiphoto.com\/product\/airplane-and-architecture-in-the-city\/\"]}]},{\"@type\":\"BreadcrumbList\",\"@id\":\"https:\/\/louiphoto.com\/product\/airplane-and-architecture-in-the-city\/#breadcrumb\",\"itemListElement\":[{\"@type\":\"ListItem\",\"position\":1,\"name\":\"Kezd\u0151lap\",\"item\":\"https:\/\/louiphoto.com\/\"},{\"@type\":\"ListItem\",\"position\":2,\"name\":\"Shop\",\"item\":\"https:\/\/louiphoto.com\/shop\/\"},{\"@type\":\"ListItem\",\"position\":3,\"name\":\"Airplane and architecture in the city\"}]},{\"@type\":\"WebSite\",\"@id\":\"https:\/\/louiphoto.com\/#website\",\"url\":\"https:\/\/louiphoto.com\/\",\"name\":\"Fotogr\u00e1fia a falra\",\"description\":\"V\u00e1szonk\u00e9p, Gicl\u00e9e nyomat\",\"potentialAction\":[{\"@type\":\"SearchAction\",\"target\":{\"@type\":\"EntryPoint\",\"urlTemplate\":\"https:\/\/louiphoto.com\/?s={search_term_string}\"},\"query-input\":\"required name=search_term_string\"}],\"inLanguage\":\"en-US\"}]}<\/script>\n<!-- \/ Yoast SEO plugin. -->","yoast_head_json":{"title":"Airplane and architecture in the city - Fotogr\u00e1fia a falra","description":"Fotogr\u00e1fia a falra, v\u00e1szonk\u00e9p rendel\u00e9s","robots":{"index":"index","follow":"follow","max-snippet":"max-snippet:-1","max-image-preview":"max-image-preview:large","max-video-preview":"max-video-preview:-1"},"canonical":"https:\/\/louiphoto.com\/en\/product\/airplane-and-architecture-in-the-city\/","og_locale":"en_US","og_type":"article","og_title":"Airplane and architecture in the city - Fotogr\u00e1fia a falra","og_description":"Fotogr\u00e1fia a falra, v\u00e1szonk\u00e9p rendel\u00e9s","og_url":"https:\/\/louiphoto.com\/en\/product\/airplane-and-architecture-in-the-city\/","og_site_name":"Fotogr\u00e1fia a falra","article_modified_time":"2022-08-18T16:41:07+00:00","twitter_card":"summary_large_image","twitter_image":"https:\/\/louiphoto.com\/wp-content\/uploads\/2018\/09\/Airplane-and-architecture-in-the-city.jpg","schema":{"@context":"https:\/\/schema.org","@graph":[{"@type":"WebPage","@id":"https:\/\/louiphoto.com\/product\/airplane-and-architecture-in-the-city\/","url":"https:\/\/louiphoto.com\/product\/airplane-and-architecture-in-the-city\/","name":"Airplane and architecture in the city - Fotogr\u00e1fia a falra","isPartOf":{"@id":"https:\/\/louiphoto.com\/#website"},"datePublished":"2018-09-06T20:05:09+00:00","dateModified":"2022-08-18T16:41:07+00:00","description":"Fotogr\u00e1fia a falra, v\u00e1szonk\u00e9p rendel\u00e9s","breadcrumb":{"@id":"https:\/\/louiphoto.com\/product\/airplane-and-architecture-in-the-city\/#breadcrumb"},"inLanguage":"en-US","potentialAction":[{"@type":"ReadAction","target":["https:\/\/louiphoto.com\/product\/airplane-and-architecture-in-the-city\/"]}]},{"@type":"BreadcrumbList","@id":"https:\/\/louiphoto.com\/product\/airplane-and-architecture-in-the-city\/#breadcrumb","itemListElement":[{"@type":"ListItem","position":1,"name":"Kezd\u0151lap","item":"https:\/\/louiphoto.com\/"},{"@type":"ListItem","position":2,"name":"Shop","item":"https:\/\/louiphoto.com\/shop\/"},{"@type":"ListItem","position":3,"name":"Airplane and architecture in the city"}]},{"@type":"WebSite","@id":"https:\/\/louiphoto.com\/#website","url":"https:\/\/louiphoto.com\/","name":"Fotogr\u00e1fia a falra","description":"V\u00e1szonk\u00e9p, Gicl\u00e9e nyomat","potentialAction":[{"@type":"SearchAction","target":{"@type":"EntryPoint","urlTemplate":"https:\/\/louiphoto.com\/?s={search_term_string}"},"query-input":"required name=search_term_string"}],"inLanguage":"en-US"}]}},"_links":{"self":[{"href":"https:\/\/louiphoto.com\/en\/wp-json\/wp\/v2\/product\/27795","targetHints":{"allow":["GET"]}}],"collection":[{"href":"https:\/\/louiphoto.com\/en\/wp-json\/wp\/v2\/product"}],"about":[{"href":"https:\/\/louiphoto.com\/en\/wp-json\/wp\/v2\/types\/product"}],"wp:featuredmedia":[{"embeddable":true,"href":"https:\/\/louiphoto.com\/en\/wp-json\/wp\/v2\/media\/33795"}],"wp:attachment":[{"href":"https:\/\/louiphoto.com\/en\/wp-json\/wp\/v2\/media?parent=27795"}],"wp:term":[{"taxonomy":"product_cat","embeddable":true,"href":"https:\/\/louiphoto.com\/en\/wp-json\/wp\/v2\/product_cat?post=27795"},{"taxonomy":"product_tag","embeddable":true,"href":"https:\/\/louiphoto.com\/en\/wp-json\/wp\/v2\/product_tag?post=27795"}],"curies":[{"name":"wp","href":"https:\/\/api.w.org\/{rel}","templated":true}]}}