{"id":25250,"date":"2018-09-05T21:22:14","date_gmt":"2018-09-05T21:22:14","guid":{"rendered":"https:\/\/louiphoto.com\/product\/magyar-wheat-field-at-sunset-europe\/"},"modified":"2022-08-15T21:50:58","modified_gmt":"2022-08-15T21:50:58","slug":"magyar-wheat-field-at-sunset-europe","status":"publish","type":"product","link":"https:\/\/louiphoto.com\/en\/product\/magyar-wheat-field-at-sunset-europe\/","title":{"rendered":"[:hu]Panoramic view wheat field at sunset, Europe[:]"},"content":{"rendered":"","protected":false},"excerpt":{"rendered":"","protected":false},"featured_media":0,"template":"","meta":[],"product_cat":[278,280],"product_tag":[],"class_list":{"0":"post-25250","1":"product","2":"type-product","3":"status-publish","5":"product_cat-waters","6":"product_cat-panorama","8":"first","9":"instock","10":"taxable","11":"shipping-taxable","12":"product-type-variable"},"yoast_head":"<!-- This site is optimized with the Yoast SEO plugin v21.7 - https:\/\/yoast.com\/wordpress\/plugins\/seo\/ -->\n<title>[:hu]Panoramic view wheat field at sunset, Europe[:] - Fotogr\u00e1fia a falra<\/title>\n<meta name=\"robots\" content=\"index, follow, max-snippet:-1, max-image-preview:large, max-video-preview:-1\" \/>\n<link rel=\"canonical\" href=\"https:\/\/louiphoto.com\/en\/product\/magyar-wheat-field-at-sunset-europe\/\" \/>\n<meta property=\"og:locale\" content=\"en_US\" \/>\n<meta property=\"og:type\" content=\"article\" \/>\n<meta property=\"og:title\" content=\"[:hu]Panoramic view wheat field at sunset, Europe[:] - Fotogr\u00e1fia a falra\" \/>\n<meta property=\"og:url\" content=\"https:\/\/louiphoto.com\/en\/product\/magyar-wheat-field-at-sunset-europe\/\" \/>\n<meta property=\"og:site_name\" content=\"Fotogr\u00e1fia a falra\" \/>\n<meta property=\"article:modified_time\" content=\"2022-08-15T21:50:58+00:00\" \/>\n<meta name=\"twitter:card\" content=\"summary_large_image\" \/>\n<script type=\"application\/ld+json\" class=\"yoast-schema-graph\">{\"@context\":\"https:\/\/schema.org\",\"@graph\":[{\"@type\":\"WebPage\",\"@id\":\"https:\/\/louiphoto.com\/product\/magyar-wheat-field-at-sunset-europe\/\",\"url\":\"https:\/\/louiphoto.com\/product\/magyar-wheat-field-at-sunset-europe\/\",\"name\":\"[:hu]Panoramic view wheat field at sunset, Europe[:] - Fotogr\u00e1fia a falra\",\"isPartOf\":{\"@id\":\"https:\/\/louiphoto.com\/#website\"},\"datePublished\":\"2018-09-05T21:22:14+00:00\",\"dateModified\":\"2022-08-15T21:50:58+00:00\",\"breadcrumb\":{\"@id\":\"https:\/\/louiphoto.com\/product\/magyar-wheat-field-at-sunset-europe\/#breadcrumb\"},\"inLanguage\":\"en-US\",\"potentialAction\":[{\"@type\":\"ReadAction\",\"target\":[\"https:\/\/louiphoto.com\/product\/magyar-wheat-field-at-sunset-europe\/\"]}]},{\"@type\":\"BreadcrumbList\",\"@id\":\"https:\/\/louiphoto.com\/product\/magyar-wheat-field-at-sunset-europe\/#breadcrumb\",\"itemListElement\":[{\"@type\":\"ListItem\",\"position\":1,\"name\":\"Kezd\u0151lap\",\"item\":\"https:\/\/louiphoto.com\/\"},{\"@type\":\"ListItem\",\"position\":2,\"name\":\"Shop\",\"item\":\"https:\/\/louiphoto.com\/shop\/\"},{\"@type\":\"ListItem\",\"position\":3,\"name\":\"[:hu]Panoramic view wheat field at sunset, Europe[:]\"}]},{\"@type\":\"WebSite\",\"@id\":\"https:\/\/louiphoto.com\/#website\",\"url\":\"https:\/\/louiphoto.com\/\",\"name\":\"Fotogr\u00e1fia a falra\",\"description\":\"V\u00e1szonk\u00e9p, Gicl\u00e9e nyomat\",\"potentialAction\":[{\"@type\":\"SearchAction\",\"target\":{\"@type\":\"EntryPoint\",\"urlTemplate\":\"https:\/\/louiphoto.com\/?s={search_term_string}\"},\"query-input\":\"required name=search_term_string\"}],\"inLanguage\":\"en-US\"}]}<\/script>\n<!-- \/ Yoast SEO plugin. -->","yoast_head_json":{"title":"[:hu]Panoramic view wheat field at sunset, Europe[:] - Fotogr\u00e1fia a falra","robots":{"index":"index","follow":"follow","max-snippet":"max-snippet:-1","max-image-preview":"max-image-preview:large","max-video-preview":"max-video-preview:-1"},"canonical":"https:\/\/louiphoto.com\/en\/product\/magyar-wheat-field-at-sunset-europe\/","og_locale":"en_US","og_type":"article","og_title":"[:hu]Panoramic view wheat field at sunset, Europe[:] - Fotogr\u00e1fia a falra","og_url":"https:\/\/louiphoto.com\/en\/product\/magyar-wheat-field-at-sunset-europe\/","og_site_name":"Fotogr\u00e1fia a falra","article_modified_time":"2022-08-15T21:50:58+00:00","twitter_card":"summary_large_image","schema":{"@context":"https:\/\/schema.org","@graph":[{"@type":"WebPage","@id":"https:\/\/louiphoto.com\/product\/magyar-wheat-field-at-sunset-europe\/","url":"https:\/\/louiphoto.com\/product\/magyar-wheat-field-at-sunset-europe\/","name":"[:hu]Panoramic view wheat field at sunset, Europe[:] - Fotogr\u00e1fia a falra","isPartOf":{"@id":"https:\/\/louiphoto.com\/#website"},"datePublished":"2018-09-05T21:22:14+00:00","dateModified":"2022-08-15T21:50:58+00:00","breadcrumb":{"@id":"https:\/\/louiphoto.com\/product\/magyar-wheat-field-at-sunset-europe\/#breadcrumb"},"inLanguage":"en-US","potentialAction":[{"@type":"ReadAction","target":["https:\/\/louiphoto.com\/product\/magyar-wheat-field-at-sunset-europe\/"]}]},{"@type":"BreadcrumbList","@id":"https:\/\/louiphoto.com\/product\/magyar-wheat-field-at-sunset-europe\/#breadcrumb","itemListElement":[{"@type":"ListItem","position":1,"name":"Kezd\u0151lap","item":"https:\/\/louiphoto.com\/"},{"@type":"ListItem","position":2,"name":"Shop","item":"https:\/\/louiphoto.com\/shop\/"},{"@type":"ListItem","position":3,"name":"[:hu]Panoramic view wheat field at sunset, Europe[:]"}]},{"@type":"WebSite","@id":"https:\/\/louiphoto.com\/#website","url":"https:\/\/louiphoto.com\/","name":"Fotogr\u00e1fia a falra","description":"V\u00e1szonk\u00e9p, Gicl\u00e9e nyomat","potentialAction":[{"@type":"SearchAction","target":{"@type":"EntryPoint","urlTemplate":"https:\/\/louiphoto.com\/?s={search_term_string}"},"query-input":"required name=search_term_string"}],"inLanguage":"en-US"}]}},"_links":{"self":[{"href":"https:\/\/louiphoto.com\/en\/wp-json\/wp\/v2\/product\/25250","targetHints":{"allow":["GET"]}}],"collection":[{"href":"https:\/\/louiphoto.com\/en\/wp-json\/wp\/v2\/product"}],"about":[{"href":"https:\/\/louiphoto.com\/en\/wp-json\/wp\/v2\/types\/product"}],"wp:attachment":[{"href":"https:\/\/louiphoto.com\/en\/wp-json\/wp\/v2\/media?parent=25250"}],"wp:term":[{"taxonomy":"product_cat","embeddable":true,"href":"https:\/\/louiphoto.com\/en\/wp-json\/wp\/v2\/product_cat?post=25250"},{"taxonomy":"product_tag","embeddable":true,"href":"https:\/\/louiphoto.com\/en\/wp-json\/wp\/v2\/product_tag?post=25250"}],"curies":[{"name":"wp","href":"https:\/\/api.w.org\/{rel}","templated":true}]}}