{"id":22003,"date":"2018-09-03T19:29:47","date_gmt":"2018-09-03T19:29:47","guid":{"rendered":"https:\/\/louiphoto.com\/product\/magyar-bend-on-the-mountain-mont-blanc\/"},"modified":"2022-08-20T15:39:30","modified_gmt":"2022-08-20T15:39:30","slug":"bend-on-the-mountain-mont-blanc","status":"publish","type":"product","link":"https:\/\/louiphoto.com\/en\/product\/bend-on-the-mountain-mont-blanc\/","title":{"rendered":"Bend on the mountain, Mont Blanc"},"content":{"rendered":"","protected":false},"excerpt":{"rendered":"","protected":false},"featured_media":34574,"template":"","meta":[],"product_cat":[187,197,195],"product_tag":[],"class_list":{"0":"post-22003","1":"product","2":"type-product","3":"status-publish","4":"has-post-thumbnail","6":"product_cat-fekete-feher","7":"product_cat-hegy","8":"product_cat-termeszet","10":"first","11":"instock","12":"taxable","13":"shipping-taxable","14":"purchasable","15":"product-type-variable","16":"has-default-attributes"},"yoast_head":"<!-- This site is optimized with the Yoast SEO plugin v21.7 - https:\/\/yoast.com\/wordpress\/plugins\/seo\/ -->\n<title>Bend on the mountain, Mont Blanc - Fotogr\u00e1fia a falra<\/title>\n<meta name=\"description\" content=\"Fotogr\u00e1fia a falra, pr\u00e9mium min\u0151s\u00e9g\u0171 v\u00e1szonk\u00e9p rendel\u00e9s.\" \/>\n<meta name=\"robots\" content=\"index, follow, max-snippet:-1, max-image-preview:large, max-video-preview:-1\" \/>\n<link rel=\"canonical\" href=\"https:\/\/louiphoto.com\/en\/product\/bend-on-the-mountain-mont-blanc\/\" \/>\n<meta property=\"og:locale\" content=\"en_US\" \/>\n<meta property=\"og:type\" content=\"article\" \/>\n<meta property=\"og:title\" content=\"Bend on the mountain, Mont Blanc - Fotogr\u00e1fia a falra\" \/>\n<meta property=\"og:description\" content=\"Fotogr\u00e1fia a falra, pr\u00e9mium min\u0151s\u00e9g\u0171 v\u00e1szonk\u00e9p rendel\u00e9s.\" \/>\n<meta property=\"og:url\" content=\"https:\/\/louiphoto.com\/en\/product\/bend-on-the-mountain-mont-blanc\/\" \/>\n<meta property=\"og:site_name\" content=\"Fotogr\u00e1fia a falra\" \/>\n<meta property=\"article:modified_time\" content=\"2022-08-20T15:39:30+00:00\" \/>\n<meta name=\"twitter:card\" content=\"summary_large_image\" \/>\n<meta name=\"twitter:image\" content=\"https:\/\/louiphoto.com\/wp-content\/uploads\/2018\/09\/Bend-on-the-mountain-Mont-Blanc-2.jpg\" \/>\n<script type=\"application\/ld+json\" class=\"yoast-schema-graph\">{\"@context\":\"https:\/\/schema.org\",\"@graph\":[{\"@type\":\"WebPage\",\"@id\":\"https:\/\/louiphoto.com\/product\/bend-on-the-mountain-mont-blanc\/\",\"url\":\"https:\/\/louiphoto.com\/product\/bend-on-the-mountain-mont-blanc\/\",\"name\":\"Bend on the mountain, Mont Blanc - Fotogr\u00e1fia a falra\",\"isPartOf\":{\"@id\":\"https:\/\/louiphoto.com\/#website\"},\"datePublished\":\"2018-09-03T19:29:47+00:00\",\"dateModified\":\"2022-08-20T15:39:30+00:00\",\"description\":\"Fotogr\u00e1fia a falra, pr\u00e9mium min\u0151s\u00e9g\u0171 v\u00e1szonk\u00e9p rendel\u00e9s.\",\"breadcrumb\":{\"@id\":\"https:\/\/louiphoto.com\/product\/bend-on-the-mountain-mont-blanc\/#breadcrumb\"},\"inLanguage\":\"en-US\",\"potentialAction\":[{\"@type\":\"ReadAction\",\"target\":[\"https:\/\/louiphoto.com\/product\/bend-on-the-mountain-mont-blanc\/\"]}]},{\"@type\":\"BreadcrumbList\",\"@id\":\"https:\/\/louiphoto.com\/product\/bend-on-the-mountain-mont-blanc\/#breadcrumb\",\"itemListElement\":[{\"@type\":\"ListItem\",\"position\":1,\"name\":\"Kezd\u0151lap\",\"item\":\"https:\/\/louiphoto.com\/\"},{\"@type\":\"ListItem\",\"position\":2,\"name\":\"Shop\",\"item\":\"https:\/\/louiphoto.com\/shop\/\"},{\"@type\":\"ListItem\",\"position\":3,\"name\":\"Bend on the mountain, Mont Blanc\"}]},{\"@type\":\"WebSite\",\"@id\":\"https:\/\/louiphoto.com\/#website\",\"url\":\"https:\/\/louiphoto.com\/\",\"name\":\"Fotogr\u00e1fia a falra\",\"description\":\"V\u00e1szonk\u00e9p, Gicl\u00e9e nyomat\",\"potentialAction\":[{\"@type\":\"SearchAction\",\"target\":{\"@type\":\"EntryPoint\",\"urlTemplate\":\"https:\/\/louiphoto.com\/?s={search_term_string}\"},\"query-input\":\"required name=search_term_string\"}],\"inLanguage\":\"en-US\"}]}<\/script>\n<!-- \/ Yoast SEO plugin. -->","yoast_head_json":{"title":"Bend on the mountain, Mont Blanc - Fotogr\u00e1fia a falra","description":"Fotogr\u00e1fia a falra, pr\u00e9mium min\u0151s\u00e9g\u0171 v\u00e1szonk\u00e9p rendel\u00e9s.","robots":{"index":"index","follow":"follow","max-snippet":"max-snippet:-1","max-image-preview":"max-image-preview:large","max-video-preview":"max-video-preview:-1"},"canonical":"https:\/\/louiphoto.com\/en\/product\/bend-on-the-mountain-mont-blanc\/","og_locale":"en_US","og_type":"article","og_title":"Bend on the mountain, Mont Blanc - Fotogr\u00e1fia a falra","og_description":"Fotogr\u00e1fia a falra, pr\u00e9mium min\u0151s\u00e9g\u0171 v\u00e1szonk\u00e9p rendel\u00e9s.","og_url":"https:\/\/louiphoto.com\/en\/product\/bend-on-the-mountain-mont-blanc\/","og_site_name":"Fotogr\u00e1fia a falra","article_modified_time":"2022-08-20T15:39:30+00:00","twitter_card":"summary_large_image","twitter_image":"https:\/\/louiphoto.com\/wp-content\/uploads\/2018\/09\/Bend-on-the-mountain-Mont-Blanc-2.jpg","schema":{"@context":"https:\/\/schema.org","@graph":[{"@type":"WebPage","@id":"https:\/\/louiphoto.com\/product\/bend-on-the-mountain-mont-blanc\/","url":"https:\/\/louiphoto.com\/product\/bend-on-the-mountain-mont-blanc\/","name":"Bend on the mountain, Mont Blanc - Fotogr\u00e1fia a falra","isPartOf":{"@id":"https:\/\/louiphoto.com\/#website"},"datePublished":"2018-09-03T19:29:47+00:00","dateModified":"2022-08-20T15:39:30+00:00","description":"Fotogr\u00e1fia a falra, pr\u00e9mium min\u0151s\u00e9g\u0171 v\u00e1szonk\u00e9p rendel\u00e9s.","breadcrumb":{"@id":"https:\/\/louiphoto.com\/product\/bend-on-the-mountain-mont-blanc\/#breadcrumb"},"inLanguage":"en-US","potentialAction":[{"@type":"ReadAction","target":["https:\/\/louiphoto.com\/product\/bend-on-the-mountain-mont-blanc\/"]}]},{"@type":"BreadcrumbList","@id":"https:\/\/louiphoto.com\/product\/bend-on-the-mountain-mont-blanc\/#breadcrumb","itemListElement":[{"@type":"ListItem","position":1,"name":"Kezd\u0151lap","item":"https:\/\/louiphoto.com\/"},{"@type":"ListItem","position":2,"name":"Shop","item":"https:\/\/louiphoto.com\/shop\/"},{"@type":"ListItem","position":3,"name":"Bend on the mountain, Mont Blanc"}]},{"@type":"WebSite","@id":"https:\/\/louiphoto.com\/#website","url":"https:\/\/louiphoto.com\/","name":"Fotogr\u00e1fia a falra","description":"V\u00e1szonk\u00e9p, Gicl\u00e9e nyomat","potentialAction":[{"@type":"SearchAction","target":{"@type":"EntryPoint","urlTemplate":"https:\/\/louiphoto.com\/?s={search_term_string}"},"query-input":"required name=search_term_string"}],"inLanguage":"en-US"}]}},"_links":{"self":[{"href":"https:\/\/louiphoto.com\/en\/wp-json\/wp\/v2\/product\/22003","targetHints":{"allow":["GET"]}}],"collection":[{"href":"https:\/\/louiphoto.com\/en\/wp-json\/wp\/v2\/product"}],"about":[{"href":"https:\/\/louiphoto.com\/en\/wp-json\/wp\/v2\/types\/product"}],"wp:featuredmedia":[{"embeddable":true,"href":"https:\/\/louiphoto.com\/en\/wp-json\/wp\/v2\/media\/34574"}],"wp:attachment":[{"href":"https:\/\/louiphoto.com\/en\/wp-json\/wp\/v2\/media?parent=22003"}],"wp:term":[{"taxonomy":"product_cat","embeddable":true,"href":"https:\/\/louiphoto.com\/en\/wp-json\/wp\/v2\/product_cat?post=22003"},{"taxonomy":"product_tag","embeddable":true,"href":"https:\/\/louiphoto.com\/en\/wp-json\/wp\/v2\/product_tag?post=22003"}],"curies":[{"name":"wp","href":"https:\/\/api.w.org\/{rel}","templated":true}]}}