{"id":21917,"date":"2018-09-03T19:24:54","date_gmt":"2018-09-03T19:24:54","guid":{"rendered":"https:\/\/louiphoto.com\/product\/magyar-alone-on-the-mountain-cumbria-lake-district\/"},"modified":"2022-08-15T22:31:23","modified_gmt":"2022-08-15T22:31:23","slug":"magyar-alone-on-the-mountain-cumbria-lake-district","status":"publish","type":"product","link":"https:\/\/louiphoto.com\/en\/product\/magyar-alone-on-the-mountain-cumbria-lake-district\/","title":{"rendered":"[:hu]Alone on the mountain, Cumbria, Lake District[:]"},"content":{"rendered":"","protected":false},"excerpt":{"rendered":"","protected":false},"featured_media":0,"template":"","meta":[],"product_cat":[222],"product_tag":[],"class_list":{"0":"post-21917","1":"product","2":"type-product","3":"status-publish","5":"product_cat-black-white-black-white","7":"first","8":"instock","9":"taxable","10":"shipping-taxable","11":"purchasable","12":"product-type-variable"},"yoast_head":"<!-- This site is optimized with the Yoast SEO plugin v21.7 - https:\/\/yoast.com\/wordpress\/plugins\/seo\/ -->\n<title>[:hu]Alone on the mountain, Cumbria, Lake District[:] - Fotogr\u00e1fia a falra<\/title>\n<meta name=\"robots\" content=\"index, follow, max-snippet:-1, max-image-preview:large, max-video-preview:-1\" \/>\n<link rel=\"canonical\" href=\"https:\/\/louiphoto.com\/en\/product\/magyar-alone-on-the-mountain-cumbria-lake-district\/\" \/>\n<meta property=\"og:locale\" content=\"en_US\" \/>\n<meta property=\"og:type\" content=\"article\" \/>\n<meta property=\"og:title\" content=\"[:hu]Alone on the mountain, Cumbria, Lake District[:] - Fotogr\u00e1fia a falra\" \/>\n<meta property=\"og:url\" content=\"https:\/\/louiphoto.com\/en\/product\/magyar-alone-on-the-mountain-cumbria-lake-district\/\" \/>\n<meta property=\"og:site_name\" content=\"Fotogr\u00e1fia a falra\" \/>\n<meta property=\"article:modified_time\" content=\"2022-08-15T22:31:23+00:00\" \/>\n<meta name=\"twitter:card\" content=\"summary_large_image\" \/>\n<script type=\"application\/ld+json\" class=\"yoast-schema-graph\">{\"@context\":\"https:\/\/schema.org\",\"@graph\":[{\"@type\":\"WebPage\",\"@id\":\"https:\/\/louiphoto.com\/product\/magyar-alone-on-the-mountain-cumbria-lake-district\/\",\"url\":\"https:\/\/louiphoto.com\/product\/magyar-alone-on-the-mountain-cumbria-lake-district\/\",\"name\":\"[:hu]Alone on the mountain, Cumbria, Lake District[:] - Fotogr\u00e1fia a falra\",\"isPartOf\":{\"@id\":\"https:\/\/louiphoto.com\/#website\"},\"datePublished\":\"2018-09-03T19:24:54+00:00\",\"dateModified\":\"2022-08-15T22:31:23+00:00\",\"breadcrumb\":{\"@id\":\"https:\/\/louiphoto.com\/product\/magyar-alone-on-the-mountain-cumbria-lake-district\/#breadcrumb\"},\"inLanguage\":\"en-US\",\"potentialAction\":[{\"@type\":\"ReadAction\",\"target\":[\"https:\/\/louiphoto.com\/product\/magyar-alone-on-the-mountain-cumbria-lake-district\/\"]}]},{\"@type\":\"BreadcrumbList\",\"@id\":\"https:\/\/louiphoto.com\/product\/magyar-alone-on-the-mountain-cumbria-lake-district\/#breadcrumb\",\"itemListElement\":[{\"@type\":\"ListItem\",\"position\":1,\"name\":\"Kezd\u0151lap\",\"item\":\"https:\/\/louiphoto.com\/\"},{\"@type\":\"ListItem\",\"position\":2,\"name\":\"Shop\",\"item\":\"https:\/\/louiphoto.com\/shop\/\"},{\"@type\":\"ListItem\",\"position\":3,\"name\":\"[:hu]Alone on the mountain, Cumbria, Lake District[:]\"}]},{\"@type\":\"WebSite\",\"@id\":\"https:\/\/louiphoto.com\/#website\",\"url\":\"https:\/\/louiphoto.com\/\",\"name\":\"Fotogr\u00e1fia a falra\",\"description\":\"V\u00e1szonk\u00e9p, Gicl\u00e9e nyomat\",\"potentialAction\":[{\"@type\":\"SearchAction\",\"target\":{\"@type\":\"EntryPoint\",\"urlTemplate\":\"https:\/\/louiphoto.com\/?s={search_term_string}\"},\"query-input\":\"required name=search_term_string\"}],\"inLanguage\":\"en-US\"}]}<\/script>\n<!-- \/ Yoast SEO plugin. -->","yoast_head_json":{"title":"[:hu]Alone on the mountain, Cumbria, Lake District[:] - Fotogr\u00e1fia a falra","robots":{"index":"index","follow":"follow","max-snippet":"max-snippet:-1","max-image-preview":"max-image-preview:large","max-video-preview":"max-video-preview:-1"},"canonical":"https:\/\/louiphoto.com\/en\/product\/magyar-alone-on-the-mountain-cumbria-lake-district\/","og_locale":"en_US","og_type":"article","og_title":"[:hu]Alone on the mountain, Cumbria, Lake District[:] - Fotogr\u00e1fia a falra","og_url":"https:\/\/louiphoto.com\/en\/product\/magyar-alone-on-the-mountain-cumbria-lake-district\/","og_site_name":"Fotogr\u00e1fia a falra","article_modified_time":"2022-08-15T22:31:23+00:00","twitter_card":"summary_large_image","schema":{"@context":"https:\/\/schema.org","@graph":[{"@type":"WebPage","@id":"https:\/\/louiphoto.com\/product\/magyar-alone-on-the-mountain-cumbria-lake-district\/","url":"https:\/\/louiphoto.com\/product\/magyar-alone-on-the-mountain-cumbria-lake-district\/","name":"[:hu]Alone on the mountain, Cumbria, Lake District[:] - Fotogr\u00e1fia a falra","isPartOf":{"@id":"https:\/\/louiphoto.com\/#website"},"datePublished":"2018-09-03T19:24:54+00:00","dateModified":"2022-08-15T22:31:23+00:00","breadcrumb":{"@id":"https:\/\/louiphoto.com\/product\/magyar-alone-on-the-mountain-cumbria-lake-district\/#breadcrumb"},"inLanguage":"en-US","potentialAction":[{"@type":"ReadAction","target":["https:\/\/louiphoto.com\/product\/magyar-alone-on-the-mountain-cumbria-lake-district\/"]}]},{"@type":"BreadcrumbList","@id":"https:\/\/louiphoto.com\/product\/magyar-alone-on-the-mountain-cumbria-lake-district\/#breadcrumb","itemListElement":[{"@type":"ListItem","position":1,"name":"Kezd\u0151lap","item":"https:\/\/louiphoto.com\/"},{"@type":"ListItem","position":2,"name":"Shop","item":"https:\/\/louiphoto.com\/shop\/"},{"@type":"ListItem","position":3,"name":"[:hu]Alone on the mountain, Cumbria, Lake District[:]"}]},{"@type":"WebSite","@id":"https:\/\/louiphoto.com\/#website","url":"https:\/\/louiphoto.com\/","name":"Fotogr\u00e1fia a falra","description":"V\u00e1szonk\u00e9p, Gicl\u00e9e nyomat","potentialAction":[{"@type":"SearchAction","target":{"@type":"EntryPoint","urlTemplate":"https:\/\/louiphoto.com\/?s={search_term_string}"},"query-input":"required name=search_term_string"}],"inLanguage":"en-US"}]}},"_links":{"self":[{"href":"https:\/\/louiphoto.com\/en\/wp-json\/wp\/v2\/product\/21917","targetHints":{"allow":["GET"]}}],"collection":[{"href":"https:\/\/louiphoto.com\/en\/wp-json\/wp\/v2\/product"}],"about":[{"href":"https:\/\/louiphoto.com\/en\/wp-json\/wp\/v2\/types\/product"}],"wp:attachment":[{"href":"https:\/\/louiphoto.com\/en\/wp-json\/wp\/v2\/media?parent=21917"}],"wp:term":[{"taxonomy":"product_cat","embeddable":true,"href":"https:\/\/louiphoto.com\/en\/wp-json\/wp\/v2\/product_cat?post=21917"},{"taxonomy":"product_tag","embeddable":true,"href":"https:\/\/louiphoto.com\/en\/wp-json\/wp\/v2\/product_tag?post=21917"}],"curies":[{"name":"wp","href":"https:\/\/api.w.org\/{rel}","templated":true}]}}