{"id":20186,"date":"2018-08-30T12:18:48","date_gmt":"2018-08-30T12:18:48","guid":{"rendered":"https:\/\/louiphoto.com\/product\/magyar-blue-boats-at-the-port-essaouira-morocco\/"},"modified":"2022-08-20T17:07:38","modified_gmt":"2022-08-20T17:07:38","slug":"blue-boats-at-the-port-essaouira-morocco","status":"publish","type":"product","link":"https:\/\/louiphoto.com\/en\/product\/blue-boats-at-the-port-essaouira-morocco\/","title":{"rendered":"Blue boats at the port Essaouira, Morocco"},"content":{"rendered":"","protected":false},"excerpt":{"rendered":"","protected":false},"featured_media":34816,"template":"","meta":[],"product_cat":[188,192,198],"product_tag":[],"class_list":{"0":"post-20186","1":"product","2":"type-product","3":"status-publish","4":"has-post-thumbnail","6":"product_cat-jarmuvek","7":"product_cat-marokko","8":"product_cat-viz","10":"first","11":"instock","12":"taxable","13":"shipping-taxable","14":"purchasable","15":"product-type-variable","16":"has-default-attributes"},"yoast_head":"<!-- This site is optimized with the Yoast SEO plugin v21.7 - https:\/\/yoast.com\/wordpress\/plugins\/seo\/ -->\n<title>Blue boats at the port Essaouira, Morocco - Fotogr\u00e1fia a falra<\/title>\n<meta name=\"description\" content=\"Fotogr\u00e1fia a falra, pr\u00e9mium min\u0151s\u00e9g\u0171 v\u00e1szonk\u00e9p rendel\u00e9s.\" \/>\n<meta name=\"robots\" content=\"index, follow, max-snippet:-1, max-image-preview:large, max-video-preview:-1\" \/>\n<link rel=\"canonical\" href=\"https:\/\/louiphoto.com\/en\/product\/blue-boats-at-the-port-essaouira-morocco\/\" \/>\n<meta property=\"og:locale\" content=\"en_US\" \/>\n<meta property=\"og:type\" content=\"article\" \/>\n<meta property=\"og:title\" content=\"Blue boats at the port Essaouira, Morocco - Fotogr\u00e1fia a falra\" \/>\n<meta property=\"og:description\" content=\"Fotogr\u00e1fia a falra, pr\u00e9mium min\u0151s\u00e9g\u0171 v\u00e1szonk\u00e9p rendel\u00e9s.\" \/>\n<meta property=\"og:url\" content=\"https:\/\/louiphoto.com\/en\/product\/blue-boats-at-the-port-essaouira-morocco\/\" \/>\n<meta property=\"og:site_name\" content=\"Fotogr\u00e1fia a falra\" \/>\n<meta property=\"article:modified_time\" content=\"2022-08-20T17:07:38+00:00\" \/>\n<meta property=\"og:image\" content=\"https:\/\/louiphoto.com\/wp-content\/uploads\/2018\/08\/Blue-boats-at-the-port-Essaouira-Morocco.jpg\" \/>\n\t<meta property=\"og:image:width\" content=\"1024\" \/>\n\t<meta property=\"og:image:height\" content=\"683\" \/>\n\t<meta property=\"og:image:type\" content=\"image\/jpeg\" \/>\n<meta name=\"twitter:card\" content=\"summary_large_image\" \/>\n<script type=\"application\/ld+json\" class=\"yoast-schema-graph\">{\"@context\":\"https:\/\/schema.org\",\"@graph\":[{\"@type\":\"WebPage\",\"@id\":\"https:\/\/louiphoto.com\/product\/blue-boats-at-the-port-essaouira-morocco\/\",\"url\":\"https:\/\/louiphoto.com\/product\/blue-boats-at-the-port-essaouira-morocco\/\",\"name\":\"Blue boats at the port Essaouira, Morocco - Fotogr\u00e1fia a falra\",\"isPartOf\":{\"@id\":\"https:\/\/louiphoto.com\/#website\"},\"datePublished\":\"2018-08-30T12:18:48+00:00\",\"dateModified\":\"2022-08-20T17:07:38+00:00\",\"description\":\"Fotogr\u00e1fia a falra, pr\u00e9mium min\u0151s\u00e9g\u0171 v\u00e1szonk\u00e9p rendel\u00e9s.\",\"breadcrumb\":{\"@id\":\"https:\/\/louiphoto.com\/product\/blue-boats-at-the-port-essaouira-morocco\/#breadcrumb\"},\"inLanguage\":\"en-US\",\"potentialAction\":[{\"@type\":\"ReadAction\",\"target\":[\"https:\/\/louiphoto.com\/product\/blue-boats-at-the-port-essaouira-morocco\/\"]}]},{\"@type\":\"BreadcrumbList\",\"@id\":\"https:\/\/louiphoto.com\/product\/blue-boats-at-the-port-essaouira-morocco\/#breadcrumb\",\"itemListElement\":[{\"@type\":\"ListItem\",\"position\":1,\"name\":\"Kezd\u0151lap\",\"item\":\"https:\/\/louiphoto.com\/\"},{\"@type\":\"ListItem\",\"position\":2,\"name\":\"Shop\",\"item\":\"https:\/\/louiphoto.com\/shop\/\"},{\"@type\":\"ListItem\",\"position\":3,\"name\":\"Blue boats at the port Essaouira, Morocco\"}]},{\"@type\":\"WebSite\",\"@id\":\"https:\/\/louiphoto.com\/#website\",\"url\":\"https:\/\/louiphoto.com\/\",\"name\":\"Fotogr\u00e1fia a falra\",\"description\":\"V\u00e1szonk\u00e9p, Gicl\u00e9e nyomat\",\"potentialAction\":[{\"@type\":\"SearchAction\",\"target\":{\"@type\":\"EntryPoint\",\"urlTemplate\":\"https:\/\/louiphoto.com\/?s={search_term_string}\"},\"query-input\":\"required name=search_term_string\"}],\"inLanguage\":\"en-US\"}]}<\/script>\n<!-- \/ Yoast SEO plugin. -->","yoast_head_json":{"title":"Blue boats at the port Essaouira, Morocco - Fotogr\u00e1fia a falra","description":"Fotogr\u00e1fia a falra, pr\u00e9mium min\u0151s\u00e9g\u0171 v\u00e1szonk\u00e9p rendel\u00e9s.","robots":{"index":"index","follow":"follow","max-snippet":"max-snippet:-1","max-image-preview":"max-image-preview:large","max-video-preview":"max-video-preview:-1"},"canonical":"https:\/\/louiphoto.com\/en\/product\/blue-boats-at-the-port-essaouira-morocco\/","og_locale":"en_US","og_type":"article","og_title":"Blue boats at the port Essaouira, Morocco - Fotogr\u00e1fia a falra","og_description":"Fotogr\u00e1fia a falra, pr\u00e9mium min\u0151s\u00e9g\u0171 v\u00e1szonk\u00e9p rendel\u00e9s.","og_url":"https:\/\/louiphoto.com\/en\/product\/blue-boats-at-the-port-essaouira-morocco\/","og_site_name":"Fotogr\u00e1fia a falra","article_modified_time":"2022-08-20T17:07:38+00:00","og_image":[{"width":1024,"height":683,"url":"https:\/\/louiphoto.com\/wp-content\/uploads\/2018\/08\/Blue-boats-at-the-port-Essaouira-Morocco.jpg","type":"image\/jpeg"}],"twitter_card":"summary_large_image","schema":{"@context":"https:\/\/schema.org","@graph":[{"@type":"WebPage","@id":"https:\/\/louiphoto.com\/product\/blue-boats-at-the-port-essaouira-morocco\/","url":"https:\/\/louiphoto.com\/product\/blue-boats-at-the-port-essaouira-morocco\/","name":"Blue boats at the port Essaouira, Morocco - Fotogr\u00e1fia a falra","isPartOf":{"@id":"https:\/\/louiphoto.com\/#website"},"datePublished":"2018-08-30T12:18:48+00:00","dateModified":"2022-08-20T17:07:38+00:00","description":"Fotogr\u00e1fia a falra, pr\u00e9mium min\u0151s\u00e9g\u0171 v\u00e1szonk\u00e9p rendel\u00e9s.","breadcrumb":{"@id":"https:\/\/louiphoto.com\/product\/blue-boats-at-the-port-essaouira-morocco\/#breadcrumb"},"inLanguage":"en-US","potentialAction":[{"@type":"ReadAction","target":["https:\/\/louiphoto.com\/product\/blue-boats-at-the-port-essaouira-morocco\/"]}]},{"@type":"BreadcrumbList","@id":"https:\/\/louiphoto.com\/product\/blue-boats-at-the-port-essaouira-morocco\/#breadcrumb","itemListElement":[{"@type":"ListItem","position":1,"name":"Kezd\u0151lap","item":"https:\/\/louiphoto.com\/"},{"@type":"ListItem","position":2,"name":"Shop","item":"https:\/\/louiphoto.com\/shop\/"},{"@type":"ListItem","position":3,"name":"Blue boats at the port Essaouira, Morocco"}]},{"@type":"WebSite","@id":"https:\/\/louiphoto.com\/#website","url":"https:\/\/louiphoto.com\/","name":"Fotogr\u00e1fia a falra","description":"V\u00e1szonk\u00e9p, Gicl\u00e9e nyomat","potentialAction":[{"@type":"SearchAction","target":{"@type":"EntryPoint","urlTemplate":"https:\/\/louiphoto.com\/?s={search_term_string}"},"query-input":"required name=search_term_string"}],"inLanguage":"en-US"}]}},"_links":{"self":[{"href":"https:\/\/louiphoto.com\/en\/wp-json\/wp\/v2\/product\/20186","targetHints":{"allow":["GET"]}}],"collection":[{"href":"https:\/\/louiphoto.com\/en\/wp-json\/wp\/v2\/product"}],"about":[{"href":"https:\/\/louiphoto.com\/en\/wp-json\/wp\/v2\/types\/product"}],"wp:featuredmedia":[{"embeddable":true,"href":"https:\/\/louiphoto.com\/en\/wp-json\/wp\/v2\/media\/34816"}],"wp:attachment":[{"href":"https:\/\/louiphoto.com\/en\/wp-json\/wp\/v2\/media?parent=20186"}],"wp:term":[{"taxonomy":"product_cat","embeddable":true,"href":"https:\/\/louiphoto.com\/en\/wp-json\/wp\/v2\/product_cat?post=20186"},{"taxonomy":"product_tag","embeddable":true,"href":"https:\/\/louiphoto.com\/en\/wp-json\/wp\/v2\/product_tag?post=20186"}],"curies":[{"name":"wp","href":"https:\/\/api.w.org\/{rel}","templated":true}]}}