{"id":7654,"date":"2016-08-03T15:58:10","date_gmt":"2016-08-03T14:58:10","guid":{"rendered":"https:\/\/www.louiphoto.com\/?page_id=7654"},"modified":"2016-08-03T15:58:10","modified_gmt":"2016-08-03T14:58:10","slug":"tobb-reszes-vaszonkep","status":"publish","type":"page","link":"https:\/\/louiphoto.com\/en\/tobb-reszes-vaszonkep\/","title":{"rendered":"[:hu]3 r\u00e9szes v\u00e1szonk\u00e9p[:en]3 piece photography[:]"},"content":{"rendered":"<div data-elementor-type=\"wp-post\" data-elementor-id=\"7654\" class=\"elementor elementor-7654\">\n\t\t\t\t\t\t\t\t\t<section class=\"elementor-section elementor-top-section elementor-element elementor-element-494e5492 elementor-section-boxed elementor-section-height-default elementor-section-height-default\" data-id=\"494e5492\" data-element_type=\"section\">\n\t\t\t\t\t\t<div class=\"elementor-container elementor-column-gap-default\">\n\t\t\t\t\t<div class=\"elementor-column elementor-col-100 elementor-top-column elementor-element elementor-element-2e410eb1\" data-id=\"2e410eb1\" data-element_type=\"column\">\n\t\t\t<div class=\"elementor-widget-wrap elementor-element-populated\">\n\t\t\t\t\t\t\t\t<div class=\"elementor-element elementor-element-6f335522 elementor-widget elementor-widget-text-editor\" data-id=\"6f335522\" data-element_type=\"widget\" data-widget_type=\"text-editor.default\">\n\t\t\t\t<div class=\"elementor-widget-container\">\n\t\t\t<style>\/*! elementor - v3.18.0 - 20-12-2023 *\/\n.elementor-widget-text-editor.elementor-drop-cap-view-stacked .elementor-drop-cap{background-color:#69727d;color:#fff}.elementor-widget-text-editor.elementor-drop-cap-view-framed .elementor-drop-cap{color:#69727d;border:3px solid;background-color:transparent}.elementor-widget-text-editor:not(.elementor-drop-cap-view-default) .elementor-drop-cap{margin-top:8px}.elementor-widget-text-editor:not(.elementor-drop-cap-view-default) .elementor-drop-cap-letter{width:1em;height:1em}.elementor-widget-text-editor .elementor-drop-cap{float:left;text-align:center;line-height:1;font-size:50px}.elementor-widget-text-editor .elementor-drop-cap-letter{display:inline-block}<\/style>\t\t\t\t<p>[:hu]<\/p><p><img fetchpriority=\"high\" decoding=\"async\" class=\"size-thumbnail wp-image-31727 aligncenter\" src=\"https:\/\/www.louiphoto.com\/wp-content\/uploads\/2019\/06\/3reszes-latvanytervarnyek1220x380-700x218.png\" alt=\"\" width=\"700\" height=\"218\" \/><\/p><p>A t\u00f6bb r\u00e9szre osztott v\u00e1szonk\u00e9p\u00a0dinamikus l\u00e1tv\u00e1nyelemk\u00e9nt k\u00fcl\u00f6nb\u00f6z\u0151 helyis\u00e9gekben is remek v\u00e1laszt\u00e1st jelenthetnek &#8211; nappaliban, h\u00e1l\u00f3szob\u00e1ban, konyh\u00e1ban, el\u0151szob\u00e1ban.<\/p><p>A h\u00e1romr\u00e9szes v\u00e1szonk\u00e9p hozz\u00e1 seg\u00edti, az egyedi, felt\u0171n\u0151 modern otthon kialak\u00edt\u00e1s\u00e1hoz. A min\u00f6s\u00e9gi m\u0171v\u00e9sz v\u00e1szonra nyomott t\u00f6bb r\u00e9szes v\u00e1szonk\u00e9p, val\u00f3ban innovat\u00edv megold\u00e1snak bizonyul!<\/p><p style=\"text-align: center;\"><a href=\"https:\/\/louiphoto.com\/en\/hu\/product-category\/3db-os-kepek\/\"><b>V\u00e1lassz a 3 r\u00e9szes v\u00e1szonk\u00e9pek k\u00f6z\u00fcl!<\/b><\/a><\/p><p>[:en]<\/p><p><img fetchpriority=\"high\" decoding=\"async\" class=\"size-thumbnail wp-image-31727 aligncenter\" src=\"https:\/\/www.louiphoto.com\/wp-content\/uploads\/2019\/06\/3reszes-latvanytervarnyek1220x380-700x218.png\" alt=\"\" width=\"700\" height=\"218\" \/><\/p><p>Have you fallen in love with the 3 piece wall art trend? If so you are certainly not alone! Decorative wall panels that feature 3 pieces are the perfect way to decorate any space, no matter how large or how small it may be. These photography options come in many different sizes, shapes, and colors, so you can find a 3 piece photography set that matches your style with ease. Say goodbye to boring photography and hello to a fun new way to update your home space.<\/p><p style=\"text-align: center;\"><strong><a href=\"https:\/\/louiphoto.com\/en\/product-category\/3-piece-photography\/\">Select images and order NOW!<\/a><\/strong><\/p><p>[:]<\/p>\t\t\t\t\t\t<\/div>\n\t\t\t\t<\/div>\n\t\t\t\t\t<\/div>\n\t\t<\/div>\n\t\t\t\t\t\t\t<\/div>\n\t\t<\/section>\n\t\t\t\t\t\t\t<\/div>","protected":false},"excerpt":{"rendered":"<p>[:hu] A t\u00f6bb r\u00e9szre osztott v\u00e1szonk\u00e9p\u00a0dinamikus l\u00e1tv\u00e1nyelemk\u00e9nt k\u00fcl\u00f6nb\u00f6z\u0151 helyis\u00e9gekben is remek v\u00e1laszt\u00e1st jelenthetnek &#8211; nappaliban, h\u00e1l\u00f3szob\u00e1ban, konyh\u00e1ban, el\u0151szob\u00e1ban. A h\u00e1romr\u00e9szes v\u00e1szonk\u00e9p hozz\u00e1 seg\u00edti, az egyedi, felt\u0171n\u0151 modern otthon kialak\u00edt\u00e1s\u00e1hoz. A&hellip;<\/p>","protected":false},"author":1,"featured_media":0,"parent":0,"menu_order":0,"comment_status":"closed","ping_status":"closed","template":"","meta":{"footnotes":""},"class_list":["post-7654","page","type-page","status-publish","hentry"],"yoast_head":"<!-- This site is optimized with the Yoast SEO plugin v21.7 - https:\/\/yoast.com\/wordpress\/plugins\/seo\/ -->\n<title>[:hu]3 r\u00e9szes v\u00e1szonk\u00e9p[:en]3 piece photography[:] - Fotogr\u00e1fia a falra<\/title>\n<meta name=\"description\" content=\"{:hu}T\u00f6bb r\u00e9szes v\u00e1szonk\u00e9p! Dekorat\u00edv fali panelek 3 r\u00e9szben. Mondjon b\u00facs\u00fat az unalmas k\u00e9peknek \u00e9s \u00fcdv\u00f6z\u00f6lje az \u00faj, friss l\u00e1tv\u00e1ny vil\u00e1got.{:en}3 piece photography{:}\" \/>\n<meta name=\"robots\" content=\"index, follow, max-snippet:-1, max-image-preview:large, max-video-preview:-1\" \/>\n<link rel=\"canonical\" href=\"https:\/\/louiphoto.com\/en\/tobb-reszes-vaszonkep\/\" \/>\n<meta property=\"og:locale\" content=\"en_US\" \/>\n<meta property=\"og:type\" content=\"article\" \/>\n<meta property=\"og:title\" content=\"[:hu]3 r\u00e9szes v\u00e1szonk\u00e9p[:en]3 piece photography[:] - Fotogr\u00e1fia a falra\" \/>\n<meta property=\"og:description\" content=\"{:hu}T\u00f6bb r\u00e9szes v\u00e1szonk\u00e9p! Dekorat\u00edv fali panelek 3 r\u00e9szben. Mondjon b\u00facs\u00fat az unalmas k\u00e9peknek \u00e9s \u00fcdv\u00f6z\u00f6lje az \u00faj, friss l\u00e1tv\u00e1ny vil\u00e1got.{:en}3 piece photography{:}\" \/>\n<meta property=\"og:url\" content=\"https:\/\/louiphoto.com\/en\/tobb-reszes-vaszonkep\/\" \/>\n<meta property=\"og:site_name\" content=\"Fotogr\u00e1fia a falra\" \/>\n<meta property=\"og:image\" content=\"https:\/\/www.louiphoto.com\/wp-content\/uploads\/2019\/06\/3reszes-latvanytervarnyek1220x380-700x218.png\" \/>\n<meta name=\"twitter:card\" content=\"summary_large_image\" \/>\n<meta name=\"twitter:label1\" content=\"Est. reading time\" \/>\n\t<meta name=\"twitter:data1\" content=\"1 minute\" \/>\n<script type=\"application\/ld+json\" class=\"yoast-schema-graph\">{\"@context\":\"https:\/\/schema.org\",\"@graph\":[{\"@type\":\"WebPage\",\"@id\":\"https:\/\/louiphoto.com\/tobb-reszes-vaszonkep\/\",\"url\":\"https:\/\/louiphoto.com\/tobb-reszes-vaszonkep\/\",\"name\":\"[:hu]3 r\u00e9szes v\u00e1szonk\u00e9p[:en]3 piece photography[:] - Fotogr\u00e1fia a falra\",\"isPartOf\":{\"@id\":\"https:\/\/louiphoto.com\/#website\"},\"datePublished\":\"2016-08-03T14:58:10+00:00\",\"dateModified\":\"2016-08-03T14:58:10+00:00\",\"description\":\"{:hu}T\u00f6bb r\u00e9szes v\u00e1szonk\u00e9p! Dekorat\u00edv fali panelek 3 r\u00e9szben. Mondjon b\u00facs\u00fat az unalmas k\u00e9peknek \u00e9s \u00fcdv\u00f6z\u00f6lje az \u00faj, friss l\u00e1tv\u00e1ny vil\u00e1got.{:en}3 piece photography{:}\",\"breadcrumb\":{\"@id\":\"https:\/\/louiphoto.com\/tobb-reszes-vaszonkep\/#breadcrumb\"},\"inLanguage\":\"en-US\",\"potentialAction\":[{\"@type\":\"ReadAction\",\"target\":[\"https:\/\/louiphoto.com\/tobb-reszes-vaszonkep\/\"]}]},{\"@type\":\"BreadcrumbList\",\"@id\":\"https:\/\/louiphoto.com\/tobb-reszes-vaszonkep\/#breadcrumb\",\"itemListElement\":[{\"@type\":\"ListItem\",\"position\":1,\"name\":\"Kezd\u0151lap\",\"item\":\"https:\/\/louiphoto.com\/\"},{\"@type\":\"ListItem\",\"position\":2,\"name\":\"[:hu]3 r\u00e9szes v\u00e1szonk\u00e9p[:en]3 piece photography[:]\"}]},{\"@type\":\"WebSite\",\"@id\":\"https:\/\/louiphoto.com\/#website\",\"url\":\"https:\/\/louiphoto.com\/\",\"name\":\"Fotogr\u00e1fia a falra\",\"description\":\"V\u00e1szonk\u00e9p, Gicl\u00e9e nyomat\",\"potentialAction\":[{\"@type\":\"SearchAction\",\"target\":{\"@type\":\"EntryPoint\",\"urlTemplate\":\"https:\/\/louiphoto.com\/?s={search_term_string}\"},\"query-input\":\"required name=search_term_string\"}],\"inLanguage\":\"en-US\"}]}<\/script>\n<!-- \/ Yoast SEO plugin. -->","yoast_head_json":{"title":"[:hu]3 r\u00e9szes v\u00e1szonk\u00e9p[:en]3 piece photography[:] - Fotogr\u00e1fia a falra","description":"{:hu}T\u00f6bb r\u00e9szes v\u00e1szonk\u00e9p! Dekorat\u00edv fali panelek 3 r\u00e9szben. Mondjon b\u00facs\u00fat az unalmas k\u00e9peknek \u00e9s \u00fcdv\u00f6z\u00f6lje az \u00faj, friss l\u00e1tv\u00e1ny vil\u00e1got.{:en}3 piece photography{:}","robots":{"index":"index","follow":"follow","max-snippet":"max-snippet:-1","max-image-preview":"max-image-preview:large","max-video-preview":"max-video-preview:-1"},"canonical":"https:\/\/louiphoto.com\/en\/tobb-reszes-vaszonkep\/","og_locale":"en_US","og_type":"article","og_title":"[:hu]3 r\u00e9szes v\u00e1szonk\u00e9p[:en]3 piece photography[:] - Fotogr\u00e1fia a falra","og_description":"{:hu}T\u00f6bb r\u00e9szes v\u00e1szonk\u00e9p! Dekorat\u00edv fali panelek 3 r\u00e9szben. Mondjon b\u00facs\u00fat az unalmas k\u00e9peknek \u00e9s \u00fcdv\u00f6z\u00f6lje az \u00faj, friss l\u00e1tv\u00e1ny vil\u00e1got.{:en}3 piece photography{:}","og_url":"https:\/\/louiphoto.com\/en\/tobb-reszes-vaszonkep\/","og_site_name":"Fotogr\u00e1fia a falra","og_image":[{"url":"https:\/\/www.louiphoto.com\/wp-content\/uploads\/2019\/06\/3reszes-latvanytervarnyek1220x380-700x218.png"}],"twitter_card":"summary_large_image","twitter_misc":{"Est. reading time":"1 minute"},"schema":{"@context":"https:\/\/schema.org","@graph":[{"@type":"WebPage","@id":"https:\/\/louiphoto.com\/tobb-reszes-vaszonkep\/","url":"https:\/\/louiphoto.com\/tobb-reszes-vaszonkep\/","name":"[:hu]3 r\u00e9szes v\u00e1szonk\u00e9p[:en]3 piece photography[:] - Fotogr\u00e1fia a falra","isPartOf":{"@id":"https:\/\/louiphoto.com\/#website"},"datePublished":"2016-08-03T14:58:10+00:00","dateModified":"2016-08-03T14:58:10+00:00","description":"{:hu}T\u00f6bb r\u00e9szes v\u00e1szonk\u00e9p! Dekorat\u00edv fali panelek 3 r\u00e9szben. Mondjon b\u00facs\u00fat az unalmas k\u00e9peknek \u00e9s \u00fcdv\u00f6z\u00f6lje az \u00faj, friss l\u00e1tv\u00e1ny vil\u00e1got.{:en}3 piece photography{:}","breadcrumb":{"@id":"https:\/\/louiphoto.com\/tobb-reszes-vaszonkep\/#breadcrumb"},"inLanguage":"en-US","potentialAction":[{"@type":"ReadAction","target":["https:\/\/louiphoto.com\/tobb-reszes-vaszonkep\/"]}]},{"@type":"BreadcrumbList","@id":"https:\/\/louiphoto.com\/tobb-reszes-vaszonkep\/#breadcrumb","itemListElement":[{"@type":"ListItem","position":1,"name":"Kezd\u0151lap","item":"https:\/\/louiphoto.com\/"},{"@type":"ListItem","position":2,"name":"[:hu]3 r\u00e9szes v\u00e1szonk\u00e9p[:en]3 piece photography[:]"}]},{"@type":"WebSite","@id":"https:\/\/louiphoto.com\/#website","url":"https:\/\/louiphoto.com\/","name":"Fotogr\u00e1fia a falra","description":"V\u00e1szonk\u00e9p, Gicl\u00e9e nyomat","potentialAction":[{"@type":"SearchAction","target":{"@type":"EntryPoint","urlTemplate":"https:\/\/louiphoto.com\/?s={search_term_string}"},"query-input":"required name=search_term_string"}],"inLanguage":"en-US"}]}},"_links":{"self":[{"href":"https:\/\/louiphoto.com\/en\/wp-json\/wp\/v2\/pages\/7654","targetHints":{"allow":["GET"]}}],"collection":[{"href":"https:\/\/louiphoto.com\/en\/wp-json\/wp\/v2\/pages"}],"about":[{"href":"https:\/\/louiphoto.com\/en\/wp-json\/wp\/v2\/types\/page"}],"author":[{"embeddable":true,"href":"https:\/\/louiphoto.com\/en\/wp-json\/wp\/v2\/users\/1"}],"replies":[{"embeddable":true,"href":"https:\/\/louiphoto.com\/en\/wp-json\/wp\/v2\/comments?post=7654"}],"version-history":[{"count":0,"href":"https:\/\/louiphoto.com\/en\/wp-json\/wp\/v2\/pages\/7654\/revisions"}],"wp:attachment":[{"href":"https:\/\/louiphoto.com\/en\/wp-json\/wp\/v2\/media?parent=7654"}],"curies":[{"name":"wp","href":"https:\/\/api.w.org\/{rel}","templated":true}]}}