{"id":7647,"date":"2016-07-19T13:03:45","date_gmt":"2016-07-19T12:03:45","guid":{"rendered":"https:\/\/www.louiphoto.com\/?page_id=7647"},"modified":"2016-07-19T13:03:45","modified_gmt":"2016-07-19T12:03:45","slug":"limited-edition","status":"publish","type":"page","link":"https:\/\/louiphoto.com\/en\/limited-edition\/","title":{"rendered":"[:hu]Limit\u00e1lt Kiad\u00e1s\u00fa Fotogr\u00e1fi\u00e1k[:en]Limited Edition[:]"},"content":{"rendered":"<div data-elementor-type=\"wp-post\" data-elementor-id=\"7647\" class=\"elementor elementor-7647\">\n\t\t\t\t\t\t\t\t\t<section class=\"elementor-section elementor-top-section elementor-element elementor-element-347b3fe2 elementor-section-boxed elementor-section-height-default elementor-section-height-default\" data-id=\"347b3fe2\" data-element_type=\"section\">\n\t\t\t\t\t\t<div class=\"elementor-container elementor-column-gap-default\">\n\t\t\t\t\t<div class=\"elementor-column elementor-col-100 elementor-top-column elementor-element elementor-element-61e087c5\" data-id=\"61e087c5\" data-element_type=\"column\">\n\t\t\t<div class=\"elementor-widget-wrap elementor-element-populated\">\n\t\t\t\t\t\t\t\t<div class=\"elementor-element elementor-element-29301bf9 elementor-widget elementor-widget-text-editor\" data-id=\"29301bf9\" data-element_type=\"widget\" data-widget_type=\"text-editor.default\">\n\t\t\t\t<div class=\"elementor-widget-container\">\n\t\t\t<style>\/*! elementor - v3.18.0 - 20-12-2023 *\/\n.elementor-widget-text-editor.elementor-drop-cap-view-stacked .elementor-drop-cap{background-color:#69727d;color:#fff}.elementor-widget-text-editor.elementor-drop-cap-view-framed .elementor-drop-cap{color:#69727d;border:3px solid;background-color:transparent}.elementor-widget-text-editor:not(.elementor-drop-cap-view-default) .elementor-drop-cap{margin-top:8px}.elementor-widget-text-editor:not(.elementor-drop-cap-view-default) .elementor-drop-cap-letter{width:1em;height:1em}.elementor-widget-text-editor .elementor-drop-cap{float:left;text-align:center;line-height:1;font-size:50px}.elementor-widget-text-editor .elementor-drop-cap-letter{display:inline-block}<\/style>\t\t\t\t<p>[:hu]<strong>Gicl\u00e9e\u00a0nyomat<\/strong><\/p><p>A Gicl\u00e9e Fine Art nyomtat\u00e1s l\u00e9nyege a m\u00fazeum arch\u00edv pap\u00edr \u00e9s a megfelel\u0151 Fine Art nyomtat\u00f3 tal\u00e1lkoz\u00e1sa.<\/p><p>Az oldalon tal\u00e1lhat\u00f3 minden limit\u00e1lt kiad\u00e1s\u00fa fotogr\u00e1fi\u00e1b\u00f3l csak <strong>50db<\/strong> k\u00e9sz\u00fcl, ami sz\u00e1mozott \u00e9s a m\u0171v\u00e9sz \u00e1ltal al\u00e1\u00edrt! Err\u0151l tan\u00fas\u00edtv\u00e1nyt is adok.<\/p><p>A fest\u00e9kek sz\u00edntart\u00f3ss\u00e1got, a min\u0151s\u00edtett nyomathordoz\u00f3k +100 \u00e9v \u00e9lettartamot biztos\u00edtanak az alkot\u00e1soknak. A 2400 dpi felbont\u00e1sban \u00e9s a 12 LUCIA sz\u00ednnel nyom\u00f3 reprodukci\u00f3s rendszer nagyszer\u0171 sz\u00ednhelyess\u00e9get \u00e9s kiv\u00e1l\u00f3 sz\u00edntel\u00edtetts\u00e9get, kiemel\u00e9st \u00e9s pontoss\u00e1got biztos\u00edt a maga oszt\u00e1ly\u00e1ban, a legsz\u00e9lesebb sz\u00ednterjedelemben.<\/p><p><strong>Canson pap\u00edr<\/strong><\/p><p>Canson Infinity savmentes, azonnal sz\u00e1rad\u00f3, m\u00fazeum arch\u00edv, min\u0151s\u00edtett pap\u00edr.<\/p><p class=\"p2\" style=\"text-align: left;\">Aluminium fot\u00f3\u00a0Canson pap\u00edron:<\/p><p class=\"p2\" style=\"text-align: left;\">3 mm vastag alum\u00ednium szendvics szerkezet\u0171 lemez. A k\u00e9t alum\u00ednium r\u00e9teg k\u00f6z\u00f6tt fekete sz\u00edn\u0171 m\u0171anyag mag fekszik. Er\u0151s tart\u00e1s\u00fa nem g\u00f6rb\u00fcl. A legtart\u00f3sabb megold\u00e1s a k\u00e9pek kas\u00edroz\u00e1s\u00e1hoz. Fine-Art nyomatok kas\u00edroz\u00e1s\u00e1hoz ide\u00e1lis. A\u00a0h\u00e1toldal\u00e1ra alum\u00ednium k\u00e9pakaszt\u00f3s\u00edn ragaszthat\u00f3.<\/p><p class=\"p2\" style=\"text-align: left;\"><img fetchpriority=\"high\" decoding=\"async\" class=\"size-full wp-image-7631 alignnone\" src=\"https:\/\/www.louiphoto.com\/wp-content\/uploads\/2016\/03\/Aluminiumk.jpg\" alt=\"_Aluminiumk\" width=\"500\" height=\"156\" \/><\/p><p class=\"p2\" style=\"text-align: left;\"><strong>Torino 17M Gicl\u00e9e v\u00e1szon<\/strong><\/p><p>Min\u0151s\u00e9gi tan\u00fas\u00edtv\u00e1nnyal rendelkez\u0151 Gicl\u00e9e v\u00e1szon. Anyaga poli\u00e9szter\/pamut kever\u00e9ke, s\u00falya 356g, vastags\u00e1ga: 433 mikron. Matt fel\u00fclet\u0171, f\u00e9ny\u00e1ll\u00f3 WIR min\u0151s\u00edt\u00e9s\u0171, m\u00fazeum arch\u00edv nyomathordoz\u00f3. Sz\u00edntart\u00f3ss\u00e1ga t\u00f6bb mint 100 \u00e9v.<\/p><p class=\"p2\" style=\"text-align: left;\">A kinyomtatott v\u00e1sznat az \u00f6ssze\u00e1ll\u00edtott vakr\u00e1ma keretre fesz\u00edtik. A vakr\u00e1makeretek sz\u00e9less\u00e9ge 40mm, a m\u00e9lys\u00e9ge 20 \u00e9s 40mm k\u00f6z\u00fcl v\u00e1laszthat\u00f3. A nagyobb m\u00e9ret\u0171 k\u00e9pekhez 40mm m\u00e9lys\u00e9g\u0171 vakr\u00e1m\u00e1t aj\u00e1nlom, amelyeket minden esetben keresztmerev\u00edt\u0151vel l\u00e1tnak el.<\/p><p class=\"p2\" style=\"text-align: left;\"><img decoding=\"async\" class=\"alignnone size-full wp-image-7635\" src=\"https:\/\/www.louiphoto.com\/wp-content\/uploads\/2016\/03\/Canvask.jpg\" alt=\"_Canvask\" width=\"500\" height=\"156\" \/><\/p><p style=\"text-align: center;\"><strong><a href=\"https:\/\/louiphoto.com\/en\/product-category\/limited-edition\/\">V\u00e1lassz a limit\u00e1lt kiad\u00e1s\u00fa fotogr\u00e1fi\u00e1im k\u00f6z\u00fcl!<\/a><\/strong><\/p><p>[:en]<strong>Gicl\u00e9e printing.<\/strong><\/p><p>All pictures found on this site are are limited edition pieces with only one-hundred copies. <strong>Each one is numbered and signed by the artist, approved by a certificate.<\/strong><br \/>The printing paint used for creating the pieces has a 100+ years durability indoors, certified by the manufacturer.<br \/>Also 2400 dpi resolution and 12-color LUCIA printer provides excellent color saturation and great color accuracy, highlighting and color gamut. We use is paper\/canvas on acid free.<\/p><p><strong>Canson Papers<\/strong><\/p><p>Is a 100% cotton museum grade white Fine Art and photo paper. The exceptional smooth white tone is achieved during manufacturing by introducing natural minerals to the process.<\/p><p class=\"p2\" style=\"text-align: left;\">Aluminium pictures with Canson paper<\/p><p class=\"p2\" style=\"text-align: left;\">The material: Aluminium Dibond for gallery quality mountings that are sturdy yet light.<\/p><p class=\"p2\" style=\"text-align: left;\">Original photo print on aluminium dibond.\u00a0It produces a premium quality 3D effect.<\/p><p class=\"p2\" style=\"text-align: left;\">The light weight also lets you hang your favourite image on the wall with ease, even if it\u2019s a panorama or large format.<\/p><p class=\"p2\" style=\"text-align: left;\"><img fetchpriority=\"high\" decoding=\"async\" class=\"size-full wp-image-7631 alignnone\" src=\"https:\/\/www.louiphoto.com\/wp-content\/uploads\/2016\/03\/Aluminiumk.jpg\" alt=\"_Aluminiumk\" width=\"500\" height=\"156\" \/><\/p><p><strong>Magic Torino 17M Canvas<\/strong><\/p><p>Torino 17M is a cotton\/polyester blend inkjet canvas, featuring an acid-free base with a matte finish with long term fade and water resistance with pigment inks. Your artwork is guaranteed archivability for 100+ yrs.<\/p><p class=\"p2\" style=\"text-align: left;\">Canvas with a 2cm wood frame<\/p><p class=\"p2\" style=\"text-align: left;\">Best quality, waterproof, 100% cotton, excellent color intensity. My prices include the 2-4cm stretcher and <a href=\"http:\/\/www.magicinkjet.com\/uploadedfiles\/image_stability_certificate.pdf\" target=\"_blank\" rel=\"noopener noreferrer\">Torino 17M<\/a> Gicl\u00e9e canvas!<\/p><p class=\"p2\" style=\"text-align: left;\"><img decoding=\"async\" class=\"alignnone size-full wp-image-7635\" src=\"https:\/\/www.louiphoto.com\/wp-content\/uploads\/2016\/03\/Canvask.jpg\" alt=\"_Canvask\" width=\"500\" height=\"156\" \/><\/p><p style=\"text-align: center;\"><strong><a href=\"https:\/\/louiphoto.com\/en\/product-category\/limited-edition\/\">Select images and order NOW!<\/a><\/strong><\/p><p>[:]<\/p>\t\t\t\t\t\t<\/div>\n\t\t\t\t<\/div>\n\t\t\t\t\t<\/div>\n\t\t<\/div>\n\t\t\t\t\t\t\t<\/div>\n\t\t<\/section>\n\t\t\t\t\t\t\t<\/div>","protected":false},"excerpt":{"rendered":"<p>[:hu]Gicl\u00e9e\u00a0nyomat A Gicl\u00e9e Fine Art nyomtat\u00e1s l\u00e9nyege a m\u00fazeum arch\u00edv pap\u00edr \u00e9s a megfelel\u0151 Fine Art nyomtat\u00f3 tal\u00e1lkoz\u00e1sa. Az oldalon tal\u00e1lhat\u00f3 minden limit\u00e1lt kiad\u00e1s\u00fa fotogr\u00e1fi\u00e1b\u00f3l csak 50db k\u00e9sz\u00fcl, ami sz\u00e1mozott&hellip;<\/p>","protected":false},"author":1,"featured_media":0,"parent":0,"menu_order":0,"comment_status":"closed","ping_status":"closed","template":"","meta":{"footnotes":""},"class_list":["post-7647","page","type-page","status-publish","hentry"],"yoast_head":"<!-- This site is optimized with the Yoast SEO plugin v21.7 - https:\/\/yoast.com\/wordpress\/plugins\/seo\/ -->\n<title>[:hu]Limit\u00e1lt Kiad\u00e1s\u00fa Fotogr\u00e1fi\u00e1k[:en]Limited Edition[:] - Fotogr\u00e1fia a falra<\/title>\n<meta name=\"description\" content=\"{:hu}Limit\u00e1lt Kiad\u00e1s\u00fa Fotogr\u00e1fi\u00e1k{:en}Limited Edition{:}\" \/>\n<meta name=\"robots\" content=\"index, follow, max-snippet:-1, max-image-preview:large, max-video-preview:-1\" \/>\n<link rel=\"canonical\" href=\"https:\/\/louiphoto.com\/en\/limited-edition\/\" \/>\n<meta property=\"og:locale\" content=\"en_US\" \/>\n<meta property=\"og:type\" content=\"article\" \/>\n<meta property=\"og:title\" content=\"[:hu]Limit\u00e1lt Kiad\u00e1s\u00fa Fotogr\u00e1fi\u00e1k[:en]Limited Edition[:] - Fotogr\u00e1fia a falra\" \/>\n<meta property=\"og:description\" content=\"{:hu}Limit\u00e1lt Kiad\u00e1s\u00fa Fotogr\u00e1fi\u00e1k{:en}Limited Edition{:}\" \/>\n<meta property=\"og:url\" content=\"https:\/\/louiphoto.com\/en\/limited-edition\/\" \/>\n<meta property=\"og:site_name\" content=\"Fotogr\u00e1fia a falra\" \/>\n<meta property=\"og:image\" content=\"https:\/\/www.louiphoto.com\/wp-content\/uploads\/2016\/03\/Aluminiumk.jpg\" \/>\n<meta name=\"twitter:card\" content=\"summary_large_image\" \/>\n<meta name=\"twitter:label1\" content=\"Est. reading time\" \/>\n\t<meta name=\"twitter:data1\" content=\"3 minutes\" \/>\n<script type=\"application\/ld+json\" class=\"yoast-schema-graph\">{\"@context\":\"https:\/\/schema.org\",\"@graph\":[{\"@type\":\"WebPage\",\"@id\":\"https:\/\/louiphoto.com\/limited-edition\/\",\"url\":\"https:\/\/louiphoto.com\/limited-edition\/\",\"name\":\"[:hu]Limit\u00e1lt Kiad\u00e1s\u00fa Fotogr\u00e1fi\u00e1k[:en]Limited Edition[:] - Fotogr\u00e1fia a falra\",\"isPartOf\":{\"@id\":\"https:\/\/louiphoto.com\/#website\"},\"datePublished\":\"2016-07-19T12:03:45+00:00\",\"dateModified\":\"2016-07-19T12:03:45+00:00\",\"description\":\"{:hu}Limit\u00e1lt Kiad\u00e1s\u00fa Fotogr\u00e1fi\u00e1k{:en}Limited Edition{:}\",\"breadcrumb\":{\"@id\":\"https:\/\/louiphoto.com\/limited-edition\/#breadcrumb\"},\"inLanguage\":\"en-US\",\"potentialAction\":[{\"@type\":\"ReadAction\",\"target\":[\"https:\/\/louiphoto.com\/limited-edition\/\"]}]},{\"@type\":\"BreadcrumbList\",\"@id\":\"https:\/\/louiphoto.com\/limited-edition\/#breadcrumb\",\"itemListElement\":[{\"@type\":\"ListItem\",\"position\":1,\"name\":\"Kezd\u0151lap\",\"item\":\"https:\/\/louiphoto.com\/\"},{\"@type\":\"ListItem\",\"position\":2,\"name\":\"[:hu]Limit\u00e1lt Kiad\u00e1s\u00fa Fotogr\u00e1fi\u00e1k[:en]Limited Edition[:]\"}]},{\"@type\":\"WebSite\",\"@id\":\"https:\/\/louiphoto.com\/#website\",\"url\":\"https:\/\/louiphoto.com\/\",\"name\":\"Fotogr\u00e1fia a falra\",\"description\":\"V\u00e1szonk\u00e9p, Gicl\u00e9e nyomat\",\"potentialAction\":[{\"@type\":\"SearchAction\",\"target\":{\"@type\":\"EntryPoint\",\"urlTemplate\":\"https:\/\/louiphoto.com\/?s={search_term_string}\"},\"query-input\":\"required name=search_term_string\"}],\"inLanguage\":\"en-US\"}]}<\/script>\n<!-- \/ Yoast SEO plugin. -->","yoast_head_json":{"title":"[:hu]Limit\u00e1lt Kiad\u00e1s\u00fa Fotogr\u00e1fi\u00e1k[:en]Limited Edition[:] - Fotogr\u00e1fia a falra","description":"{:hu}Limit\u00e1lt Kiad\u00e1s\u00fa Fotogr\u00e1fi\u00e1k{:en}Limited Edition{:}","robots":{"index":"index","follow":"follow","max-snippet":"max-snippet:-1","max-image-preview":"max-image-preview:large","max-video-preview":"max-video-preview:-1"},"canonical":"https:\/\/louiphoto.com\/en\/limited-edition\/","og_locale":"en_US","og_type":"article","og_title":"[:hu]Limit\u00e1lt Kiad\u00e1s\u00fa Fotogr\u00e1fi\u00e1k[:en]Limited Edition[:] - Fotogr\u00e1fia a falra","og_description":"{:hu}Limit\u00e1lt Kiad\u00e1s\u00fa Fotogr\u00e1fi\u00e1k{:en}Limited Edition{:}","og_url":"https:\/\/louiphoto.com\/en\/limited-edition\/","og_site_name":"Fotogr\u00e1fia a falra","og_image":[{"url":"https:\/\/www.louiphoto.com\/wp-content\/uploads\/2016\/03\/Aluminiumk.jpg"}],"twitter_card":"summary_large_image","twitter_misc":{"Est. reading time":"3 minutes"},"schema":{"@context":"https:\/\/schema.org","@graph":[{"@type":"WebPage","@id":"https:\/\/louiphoto.com\/limited-edition\/","url":"https:\/\/louiphoto.com\/limited-edition\/","name":"[:hu]Limit\u00e1lt Kiad\u00e1s\u00fa Fotogr\u00e1fi\u00e1k[:en]Limited Edition[:] - Fotogr\u00e1fia a falra","isPartOf":{"@id":"https:\/\/louiphoto.com\/#website"},"datePublished":"2016-07-19T12:03:45+00:00","dateModified":"2016-07-19T12:03:45+00:00","description":"{:hu}Limit\u00e1lt Kiad\u00e1s\u00fa Fotogr\u00e1fi\u00e1k{:en}Limited Edition{:}","breadcrumb":{"@id":"https:\/\/louiphoto.com\/limited-edition\/#breadcrumb"},"inLanguage":"en-US","potentialAction":[{"@type":"ReadAction","target":["https:\/\/louiphoto.com\/limited-edition\/"]}]},{"@type":"BreadcrumbList","@id":"https:\/\/louiphoto.com\/limited-edition\/#breadcrumb","itemListElement":[{"@type":"ListItem","position":1,"name":"Kezd\u0151lap","item":"https:\/\/louiphoto.com\/"},{"@type":"ListItem","position":2,"name":"[:hu]Limit\u00e1lt Kiad\u00e1s\u00fa Fotogr\u00e1fi\u00e1k[:en]Limited Edition[:]"}]},{"@type":"WebSite","@id":"https:\/\/louiphoto.com\/#website","url":"https:\/\/louiphoto.com\/","name":"Fotogr\u00e1fia a falra","description":"V\u00e1szonk\u00e9p, Gicl\u00e9e nyomat","potentialAction":[{"@type":"SearchAction","target":{"@type":"EntryPoint","urlTemplate":"https:\/\/louiphoto.com\/?s={search_term_string}"},"query-input":"required name=search_term_string"}],"inLanguage":"en-US"}]}},"_links":{"self":[{"href":"https:\/\/louiphoto.com\/en\/wp-json\/wp\/v2\/pages\/7647","targetHints":{"allow":["GET"]}}],"collection":[{"href":"https:\/\/louiphoto.com\/en\/wp-json\/wp\/v2\/pages"}],"about":[{"href":"https:\/\/louiphoto.com\/en\/wp-json\/wp\/v2\/types\/page"}],"author":[{"embeddable":true,"href":"https:\/\/louiphoto.com\/en\/wp-json\/wp\/v2\/users\/1"}],"replies":[{"embeddable":true,"href":"https:\/\/louiphoto.com\/en\/wp-json\/wp\/v2\/comments?post=7647"}],"version-history":[{"count":0,"href":"https:\/\/louiphoto.com\/en\/wp-json\/wp\/v2\/pages\/7647\/revisions"}],"wp:attachment":[{"href":"https:\/\/louiphoto.com\/en\/wp-json\/wp\/v2\/media?parent=7647"}],"curies":[{"name":"wp","href":"https:\/\/api.w.org\/{rel}","templated":true}]}}