{"id":36051,"date":"2022-08-25T23:03:21","date_gmt":"2022-08-25T23:03:21","guid":{"rendered":"https:\/\/louiphoto.com\/?page_id=36051"},"modified":"2022-08-25T23:10:06","modified_gmt":"2022-08-25T23:10:06","slug":"kapcsolat","status":"publish","type":"page","link":"https:\/\/louiphoto.com\/en\/kapcsolat\/","title":{"rendered":"Kapcsolat"},"content":{"rendered":"<div data-elementor-type=\"wp-page\" data-elementor-id=\"36051\" class=\"elementor elementor-36051\">\n\t\t\t\t\t\t\t\t\t<section class=\"elementor-section elementor-top-section elementor-element elementor-element-cc63391 elementor-section-boxed elementor-section-height-default elementor-section-height-default\" data-id=\"cc63391\" data-element_type=\"section\">\n\t\t\t\t\t\t<div class=\"elementor-container elementor-column-gap-default\">\n\t\t\t\t\t<div class=\"elementor-column elementor-col-16 elementor-top-column elementor-element elementor-element-f49e45f\" data-id=\"f49e45f\" data-element_type=\"column\">\n\t\t\t<div class=\"elementor-widget-wrap\">\n\t\t\t\t\t\t\t\t\t<\/div>\n\t\t<\/div>\n\t\t\t\t<div class=\"elementor-column elementor-col-66 elementor-top-column elementor-element elementor-element-9a2b527\" data-id=\"9a2b527\" data-element_type=\"column\">\n\t\t\t<div class=\"elementor-widget-wrap elementor-element-populated\">\n\t\t\t\t\t\t\t\t<div class=\"elementor-element elementor-element-7657823 elementor-widget elementor-widget-shortcode\" data-id=\"7657823\" data-element_type=\"widget\" data-widget_type=\"shortcode.default\">\n\t\t\t\t<div class=\"elementor-widget-container\">\n\t\t\t\t\t<div class=\"elementor-shortcode\">\n<div class=\"wpcf7 no-js\" id=\"wpcf7-f2262-o1\" lang=\"en-US\" dir=\"ltr\">\n<div class=\"screen-reader-response\"><p role=\"status\" aria-live=\"polite\" aria-atomic=\"true\"><\/p> <ul><\/ul><\/div>\n<form action=\"\/en\/wp-json\/wp\/v2\/pages\/36051#wpcf7-f2262-o1\" method=\"post\" class=\"wpcf7-form init\" aria-label=\"Contact form\" novalidate=\"novalidate\" data-status=\"init\" data-trp-original-action=\"\/en\/wp-json\/wp\/v2\/pages\/36051#wpcf7-f2262-o1\">\n<div style=\"display: none;\">\n<input type=\"hidden\" name=\"_wpcf7\" value=\"2262\" \/>\n<input type=\"hidden\" name=\"_wpcf7_version\" value=\"5.8.5\" \/>\n<input type=\"hidden\" name=\"_wpcf7_locale\" value=\"en_US\" \/>\n<input type=\"hidden\" name=\"_wpcf7_unit_tag\" value=\"wpcf7-f2262-o1\" \/>\n<input type=\"hidden\" name=\"_wpcf7_container_post\" value=\"0\" \/>\n<input type=\"hidden\" name=\"_wpcf7_posted_data_hash\" value=\"\" \/>\n<input type=\"hidden\" name=\"_wpcf7_recaptcha_response\" value=\"\" \/>\n<\/div>\n<div class=\"row gap-70\">\n\t<div class=\"col-sm-6 col\">\n\t\t<p><label><span class=\"label\">N\u00e9v<\/span><span class=\"wpcf7-form-control-wrap\" data-name=\"your-name\"><input size=\"40\" class=\"wpcf7-form-control wpcf7-text wpcf7-validates-as-required\" aria-required=\"true\" aria-invalid=\"false\" value=\"\" type=\"text\" name=\"your-name\" \/><\/span><\/label>\n\t\t<\/p>\n\t<\/div>\n\t<div class=\"col-sm-6 col\">\n\t\t<p><label><span class=\"label\">Email c\u00edm<\/span><span class=\"wpcf7-form-control-wrap\" data-name=\"your-email\"><input size=\"40\" class=\"wpcf7-form-control wpcf7-email wpcf7-validates-as-required wpcf7-text wpcf7-validates-as-email\" aria-required=\"true\" aria-invalid=\"false\" value=\"\" type=\"email\" name=\"your-email\" \/><\/span><\/label>\n\t\t<\/p>\n\t<\/div>\n<\/div>\n<div class=\"row\">\n\t<div class=\"col-sm-12 col\">\n\t\t<p><label><span class=\"label\">T\u00e1rgy<\/span><span class=\"wpcf7-form-control-wrap\" data-name=\"your-subject\"><input size=\"40\" class=\"wpcf7-form-control wpcf7-text\" aria-invalid=\"false\" value=\"\" type=\"text\" name=\"your-subject\" \/><\/span><\/label>\n\t\t<\/p>\n\t<\/div>\n<\/div>\n<div class=\"row\">\n\t<div class=\"col-sm-12 col\">\n\t\t<p><label><span class=\"label\">\u00dczenet<\/span><span class=\"wpcf7-form-control-wrap\" data-name=\"your-message\"><textarea cols=\"40\" rows=\"10\" class=\"wpcf7-form-control wpcf7-textarea\" aria-invalid=\"false\" name=\"your-message\"><\/textarea><\/span><\/label>\n\t\t<\/p>\n\t<\/div>\n<\/div>\n<p><input class=\"wpcf7-form-control wpcf7-submit has-spinner\" type=\"submit\" value=\"K\u00fcld\u00e9s\" \/>\n<\/p><div class=\"wpcf7-response-output\" aria-hidden=\"true\"><\/div>\n<input type=\"hidden\" name=\"trp-form-language\" value=\"en\"\/><\/form>\n<\/div>\n<\/div>\n\t\t\t\t<\/div>\n\t\t\t\t<\/div>\n\t\t\t\t\t<\/div>\n\t\t<\/div>\n\t\t\t\t<div class=\"elementor-column elementor-col-16 elementor-top-column elementor-element elementor-element-9e459d8\" data-id=\"9e459d8\" data-element_type=\"column\">\n\t\t\t<div class=\"elementor-widget-wrap\">\n\t\t\t\t\t\t\t\t\t<\/div>\n\t\t<\/div>\n\t\t\t\t\t\t\t<\/div>\n\t\t<\/section>\n\t\t\t\t\t\t\t<\/div>","protected":false},"excerpt":{"rendered":"","protected":false},"author":1,"featured_media":0,"parent":0,"menu_order":0,"comment_status":"closed","ping_status":"closed","template":"","meta":{"footnotes":""},"class_list":["post-36051","page","type-page","status-publish","hentry"],"yoast_head":"<!-- This site is optimized with the Yoast SEO plugin v21.7 - https:\/\/yoast.com\/wordpress\/plugins\/seo\/ -->\n<title>Kapcsolat - Fotogr\u00e1fia a falra<\/title>\n<meta name=\"robots\" content=\"index, follow, max-snippet:-1, max-image-preview:large, max-video-preview:-1\" \/>\n<link rel=\"canonical\" href=\"https:\/\/louiphoto.com\/en\/kapcsolat\/\" \/>\n<meta property=\"og:locale\" content=\"en_US\" \/>\n<meta property=\"og:type\" content=\"article\" \/>\n<meta property=\"og:title\" content=\"Kapcsolat - Fotogr\u00e1fia a falra\" \/>\n<meta property=\"og:url\" content=\"https:\/\/louiphoto.com\/en\/kapcsolat\/\" \/>\n<meta property=\"og:site_name\" content=\"Fotogr\u00e1fia a falra\" \/>\n<meta property=\"article:modified_time\" content=\"2022-08-25T23:10:06+00:00\" \/>\n<meta name=\"twitter:card\" content=\"summary_large_image\" \/>\n<meta name=\"twitter:label1\" content=\"Est. reading time\" \/>\n\t<meta name=\"twitter:data1\" content=\"1 minute\" \/>\n<script type=\"application\/ld+json\" class=\"yoast-schema-graph\">{\"@context\":\"https:\/\/schema.org\",\"@graph\":[{\"@type\":\"WebPage\",\"@id\":\"https:\/\/louiphoto.com\/kapcsolat\/\",\"url\":\"https:\/\/louiphoto.com\/kapcsolat\/\",\"name\":\"Kapcsolat - Fotogr\u00e1fia a falra\",\"isPartOf\":{\"@id\":\"https:\/\/louiphoto.com\/#website\"},\"datePublished\":\"2022-08-25T23:03:21+00:00\",\"dateModified\":\"2022-08-25T23:10:06+00:00\",\"breadcrumb\":{\"@id\":\"https:\/\/louiphoto.com\/kapcsolat\/#breadcrumb\"},\"inLanguage\":\"en-US\",\"potentialAction\":[{\"@type\":\"ReadAction\",\"target\":[\"https:\/\/louiphoto.com\/kapcsolat\/\"]}]},{\"@type\":\"BreadcrumbList\",\"@id\":\"https:\/\/louiphoto.com\/kapcsolat\/#breadcrumb\",\"itemListElement\":[{\"@type\":\"ListItem\",\"position\":1,\"name\":\"Kezd\u0151lap\",\"item\":\"https:\/\/louiphoto.com\/\"},{\"@type\":\"ListItem\",\"position\":2,\"name\":\"Kapcsolat\"}]},{\"@type\":\"WebSite\",\"@id\":\"https:\/\/louiphoto.com\/#website\",\"url\":\"https:\/\/louiphoto.com\/\",\"name\":\"Fotogr\u00e1fia a falra\",\"description\":\"V\u00e1szonk\u00e9p, Gicl\u00e9e nyomat\",\"potentialAction\":[{\"@type\":\"SearchAction\",\"target\":{\"@type\":\"EntryPoint\",\"urlTemplate\":\"https:\/\/louiphoto.com\/?s={search_term_string}\"},\"query-input\":\"required name=search_term_string\"}],\"inLanguage\":\"en-US\"}]}<\/script>\n<!-- \/ Yoast SEO plugin. -->","yoast_head_json":{"title":"Kapcsolat - Fotogr\u00e1fia a falra","robots":{"index":"index","follow":"follow","max-snippet":"max-snippet:-1","max-image-preview":"max-image-preview:large","max-video-preview":"max-video-preview:-1"},"canonical":"https:\/\/louiphoto.com\/en\/kapcsolat\/","og_locale":"en_US","og_type":"article","og_title":"Kapcsolat - Fotogr\u00e1fia a falra","og_url":"https:\/\/louiphoto.com\/en\/kapcsolat\/","og_site_name":"Fotogr\u00e1fia a falra","article_modified_time":"2022-08-25T23:10:06+00:00","twitter_card":"summary_large_image","twitter_misc":{"Est. reading time":"1 minute"},"schema":{"@context":"https:\/\/schema.org","@graph":[{"@type":"WebPage","@id":"https:\/\/louiphoto.com\/kapcsolat\/","url":"https:\/\/louiphoto.com\/kapcsolat\/","name":"Kapcsolat - Fotogr\u00e1fia a falra","isPartOf":{"@id":"https:\/\/louiphoto.com\/#website"},"datePublished":"2022-08-25T23:03:21+00:00","dateModified":"2022-08-25T23:10:06+00:00","breadcrumb":{"@id":"https:\/\/louiphoto.com\/kapcsolat\/#breadcrumb"},"inLanguage":"en-US","potentialAction":[{"@type":"ReadAction","target":["https:\/\/louiphoto.com\/kapcsolat\/"]}]},{"@type":"BreadcrumbList","@id":"https:\/\/louiphoto.com\/kapcsolat\/#breadcrumb","itemListElement":[{"@type":"ListItem","position":1,"name":"Kezd\u0151lap","item":"https:\/\/louiphoto.com\/"},{"@type":"ListItem","position":2,"name":"Kapcsolat"}]},{"@type":"WebSite","@id":"https:\/\/louiphoto.com\/#website","url":"https:\/\/louiphoto.com\/","name":"Fotogr\u00e1fia a falra","description":"V\u00e1szonk\u00e9p, Gicl\u00e9e nyomat","potentialAction":[{"@type":"SearchAction","target":{"@type":"EntryPoint","urlTemplate":"https:\/\/louiphoto.com\/?s={search_term_string}"},"query-input":"required name=search_term_string"}],"inLanguage":"en-US"}]}},"_links":{"self":[{"href":"https:\/\/louiphoto.com\/en\/wp-json\/wp\/v2\/pages\/36051","targetHints":{"allow":["GET"]}}],"collection":[{"href":"https:\/\/louiphoto.com\/en\/wp-json\/wp\/v2\/pages"}],"about":[{"href":"https:\/\/louiphoto.com\/en\/wp-json\/wp\/v2\/types\/page"}],"author":[{"embeddable":true,"href":"https:\/\/louiphoto.com\/en\/wp-json\/wp\/v2\/users\/1"}],"replies":[{"embeddable":true,"href":"https:\/\/louiphoto.com\/en\/wp-json\/wp\/v2\/comments?post=36051"}],"version-history":[{"count":7,"href":"https:\/\/louiphoto.com\/en\/wp-json\/wp\/v2\/pages\/36051\/revisions"}],"predecessor-version":[{"id":36060,"href":"https:\/\/louiphoto.com\/en\/wp-json\/wp\/v2\/pages\/36051\/revisions\/36060"}],"wp:attachment":[{"href":"https:\/\/louiphoto.com\/en\/wp-json\/wp\/v2\/media?parent=36051"}],"curies":[{"name":"wp","href":"https:\/\/api.w.org\/{rel}","templated":true}]}}