{"id":31749,"date":"2019-06-01T22:27:13","date_gmt":"2019-06-01T20:27:13","guid":{"rendered":"https:\/\/www.louiphoto.com\/?page_id=31749"},"modified":"2019-06-01T22:27:13","modified_gmt":"2019-06-01T20:27:13","slug":"fototapeta","status":"publish","type":"page","link":"https:\/\/louiphoto.com\/en\/fototapeta\/","title":{"rendered":"Fot\u00f3tap\u00e9ta"},"content":{"rendered":"<div data-elementor-type=\"wp-post\" data-elementor-id=\"31749\" class=\"elementor elementor-31749\">\n\t\t\t\t\t\t\t\t\t<section class=\"elementor-section elementor-top-section elementor-element elementor-element-40275e9 elementor-section-boxed elementor-section-height-default elementor-section-height-default\" data-id=\"40275e9\" data-element_type=\"section\">\n\t\t\t\t\t\t<div class=\"elementor-container elementor-column-gap-default\">\n\t\t\t\t\t<div class=\"elementor-column elementor-col-100 elementor-top-column elementor-element elementor-element-1cda3e9\" data-id=\"1cda3e9\" data-element_type=\"column\">\n\t\t\t<div class=\"elementor-widget-wrap elementor-element-populated\">\n\t\t\t\t\t\t\t\t<div class=\"elementor-element elementor-element-9891838 elementor-widget elementor-widget-text-editor\" data-id=\"9891838\" data-element_type=\"widget\" data-widget_type=\"text-editor.default\">\n\t\t\t\t<div class=\"elementor-widget-container\">\n\t\t\t<style>\/*! elementor - v3.18.0 - 20-12-2023 *\/\n.elementor-widget-text-editor.elementor-drop-cap-view-stacked .elementor-drop-cap{background-color:#69727d;color:#fff}.elementor-widget-text-editor.elementor-drop-cap-view-framed .elementor-drop-cap{color:#69727d;border:3px solid;background-color:transparent}.elementor-widget-text-editor:not(.elementor-drop-cap-view-default) .elementor-drop-cap{margin-top:8px}.elementor-widget-text-editor:not(.elementor-drop-cap-view-default) .elementor-drop-cap-letter{width:1em;height:1em}.elementor-widget-text-editor .elementor-drop-cap{float:left;text-align:center;line-height:1;font-size:50px}.elementor-widget-text-editor .elementor-drop-cap-letter{display:inline-block}<\/style>\t\t\t\t<section class=\"elementor-element elementor-element-f10f99a elementor-section-boxed elementor-section-height-default elementor-section-height-default elementor-section elementor-top-section\" data-id=\"f10f99a\" data-element_type=\"section\"><div class=\"elementor-container elementor-column-gap-default\"><div class=\"elementor-row\"><div class=\"elementor-element elementor-element-be82b24 elementor-column elementor-col-100 elementor-top-column\" data-id=\"be82b24\" data-element_type=\"column\"><div class=\"elementor-column-wrap elementor-element-populated\"><div class=\"elementor-widget-wrap\"><div class=\"elementor-element elementor-element-39e15ae elementor-widget elementor-widget-text-editor\" data-id=\"39e15ae\" data-element_type=\"widget\" data-widget_type=\"text-editor.default\"><div class=\"elementor-widget-container\"><div class=\"elementor-text-editor elementor-clearfix\"><p><strong>Fot\u00f3tap\u00e9ta. Egyedi fot\u00f3kb\u00f3l, pr\u00e9mium min\u0151s\u00e9g\u0171 anyagra. Term\u00e9szet \u00e9s v\u00e1rosk\u00e9p kateg\u00f3ri\u00e1ban.<\/strong><\/p><p><img fetchpriority=\"high\" decoding=\"async\" class=\"size-medium wp-image-21636 aligncenter\" src=\"https:\/\/www.louiphoto.com\/wp-content\/uploads\/2018\/09\/Chain-Bridge-at-blue-hour-and-parliament-Budapest-2-900x644.jpg\" sizes=\"(max-width: 900px) 100vw, 900px\" srcset=\"https:\/\/www.louiphoto.com\/wp-content\/uploads\/2018\/09\/Chain-Bridge-at-blue-hour-and-parliament-Budapest-2-900x644.jpg 900w, https:\/\/www.louiphoto.com\/wp-content\/uploads\/2018\/09\/Chain-Bridge-at-blue-hour-and-parliament-Budapest-2-700x501.jpg 700w, https:\/\/www.louiphoto.com\/wp-content\/uploads\/2018\/09\/Chain-Bridge-at-blue-hour-and-parliament-Budapest-2-768x550.jpg 768w, https:\/\/www.louiphoto.com\/wp-content\/uploads\/2018\/09\/Chain-Bridge-at-blue-hour-and-parliament-Budapest-2-600x429.jpg 600w, https:\/\/www.louiphoto.com\/wp-content\/uploads\/2018\/09\/Chain-Bridge-at-blue-hour-and-parliament-Budapest-2.jpg 1048w\" alt=\"\" width=\"900\" height=\"644\" \/><\/p><p><img decoding=\"async\" class=\"size-medium wp-image-21628 aligncenter\" src=\"https:\/\/www.louiphoto.com\/wp-content\/uploads\/2018\/09\/Architecture-in-Majorelle-Garden-Marrakesh-Morocco-2-900x720.jpg\" sizes=\"(max-width: 900px) 100vw, 900px\" srcset=\"https:\/\/www.louiphoto.com\/wp-content\/uploads\/2018\/09\/Architecture-in-Majorelle-Garden-Marrakesh-Morocco-2-900x720.jpg 900w, https:\/\/www.louiphoto.com\/wp-content\/uploads\/2018\/09\/Architecture-in-Majorelle-Garden-Marrakesh-Morocco-2-700x560.jpg 700w, https:\/\/www.louiphoto.com\/wp-content\/uploads\/2018\/09\/Architecture-in-Majorelle-Garden-Marrakesh-Morocco-2-768x614.jpg 768w, https:\/\/www.louiphoto.com\/wp-content\/uploads\/2018\/09\/Architecture-in-Majorelle-Garden-Marrakesh-Morocco-2-600x480.jpg 600w, https:\/\/www.louiphoto.com\/wp-content\/uploads\/2018\/09\/Architecture-in-Majorelle-Garden-Marrakesh-Morocco-2.jpg 1048w\" alt=\"\" width=\"900\" height=\"720\" \/><\/p><p><img decoding=\"async\" class=\"size-medium wp-image-21655 aligncenter\" src=\"https:\/\/www.louiphoto.com\/wp-content\/uploads\/2018\/09\/Tapeta-halo3-zold-900x644.jpg\" sizes=\"(max-width: 900px) 100vw, 900px\" srcset=\"https:\/\/www.louiphoto.com\/wp-content\/uploads\/2018\/09\/Tapeta-halo3-zold-900x644.jpg 900w, https:\/\/www.louiphoto.com\/wp-content\/uploads\/2018\/09\/Tapeta-halo3-zold-700x501.jpg 700w, https:\/\/www.louiphoto.com\/wp-content\/uploads\/2018\/09\/Tapeta-halo3-zold-768x550.jpg 768w, https:\/\/www.louiphoto.com\/wp-content\/uploads\/2018\/09\/Tapeta-halo3-zold-600x429.jpg 600w, https:\/\/www.louiphoto.com\/wp-content\/uploads\/2018\/09\/Tapeta-halo3-zold.jpg 1048w\" alt=\"\" width=\"900\" height=\"644\" \/><\/p><p><img loading=\"lazy\" decoding=\"async\" class=\"aligncenter wp-image-21656 size-medium\" src=\"https:\/\/www.louiphoto.com\/wp-content\/uploads\/2018\/09\/Tree-on-the-Kirkstone-Pass-in-the-Lake-District-Cumbria-2-900x644.jpg\" alt=\"\" width=\"900\" height=\"644\" \/><\/p><p><img loading=\"lazy\" decoding=\"async\" class=\"size-medium wp-image-21632 aligncenter\" src=\"https:\/\/www.louiphoto.com\/wp-content\/uploads\/2018\/09\/Blue-taxi-on-road-in-London-2-900x720.jpg\" sizes=\"(max-width: 900px) 100vw, 900px\" srcset=\"https:\/\/www.louiphoto.com\/wp-content\/uploads\/2018\/09\/Blue-taxi-on-road-in-London-2-900x720.jpg 900w, https:\/\/www.louiphoto.com\/wp-content\/uploads\/2018\/09\/Blue-taxi-on-road-in-London-2-700x560.jpg 700w, https:\/\/www.louiphoto.com\/wp-content\/uploads\/2018\/09\/Blue-taxi-on-road-in-London-2-768x614.jpg 768w, https:\/\/www.louiphoto.com\/wp-content\/uploads\/2018\/09\/Blue-taxi-on-road-in-London-2-600x480.jpg 600w, https:\/\/www.louiphoto.com\/wp-content\/uploads\/2018\/09\/Blue-taxi-on-road-in-London-2.jpg 1048w\" alt=\"\" width=\"900\" height=\"720\" \/><\/p><p><img loading=\"lazy\" decoding=\"async\" class=\"size-medium wp-image-21843 aligncenter\" src=\"https:\/\/www.louiphoto.com\/wp-content\/uploads\/2018\/09\/Vancouver-at-blue-hour-BC-British-Columbia-Canada-2-900x644.jpg\" sizes=\"(max-width: 900px) 100vw, 900px\" srcset=\"https:\/\/www.louiphoto.com\/wp-content\/uploads\/2018\/09\/Vancouver-at-blue-hour-BC-British-Columbia-Canada-2-900x644.jpg 900w, https:\/\/www.louiphoto.com\/wp-content\/uploads\/2018\/09\/Vancouver-at-blue-hour-BC-British-Columbia-Canada-2-700x501.jpg 700w, https:\/\/www.louiphoto.com\/wp-content\/uploads\/2018\/09\/Vancouver-at-blue-hour-BC-British-Columbia-Canada-2-768x550.jpg 768w, https:\/\/www.louiphoto.com\/wp-content\/uploads\/2018\/09\/Vancouver-at-blue-hour-BC-British-Columbia-Canada-2-600x429.jpg 600w, https:\/\/www.louiphoto.com\/wp-content\/uploads\/2018\/09\/Vancouver-at-blue-hour-BC-British-Columbia-Canada-2.jpg 1048w\" alt=\"\" width=\"900\" height=\"644\" \/><\/p><\/div><\/div><\/div><\/div><\/div><\/div><\/div><\/div><\/section><section class=\"elementor-element elementor-element-a193f38 elementor-section-boxed elementor-section-height-default elementor-section-height-default elementor-section elementor-top-section\" data-id=\"a193f38\" data-element_type=\"section\"><div class=\"elementor-container elementor-column-gap-default\"><div class=\"elementor-row\"><div class=\"elementor-element elementor-element-9ffee24 elementor-column elementor-col-100 elementor-top-column\" data-id=\"9ffee24\" data-element_type=\"column\"><div class=\"elementor-column-wrap elementor-element-populated\"><div class=\"elementor-widget-wrap\"><div class=\"elementor-element elementor-element-b43e791 elementor-align-center elementor-widget elementor-widget-button\" data-id=\"b43e791\" data-element_type=\"widget\" data-widget_type=\"button.default\"><div class=\"elementor-widget-container\"><div class=\"elementor-button-wrapper\">\u00a0<\/div><\/div><\/div><\/div><\/div><\/div><\/div><\/div><\/section>\t\t\t\t\t\t<\/div>\n\t\t\t\t<\/div>\n\t\t\t\t<div class=\"elementor-element elementor-element-0a6ee05 elementor-align-center elementor-widget elementor-widget-button\" data-id=\"0a6ee05\" data-element_type=\"widget\" data-widget_type=\"button.default\">\n\t\t\t\t<div class=\"elementor-widget-container\">\n\t\t\t\t\t<div class=\"elementor-button-wrapper\">\n\t\t\t<a class=\"elementor-button elementor-button-link elementor-size-sm\" href=\"https:\/\/louiphoto.com\/en\/hu\/product-category\/tapeta-a-falra\/\">\n\t\t\t\t\t\t<span class=\"elementor-button-content-wrapper\">\n\t\t\t\t\t\t<span class=\"elementor-button-icon elementor-align-icon-left\">\n\t\t\t\t\t\t\t\t\t<i class=\"fa fa-photo\" aria-hidden=\"true\"><\/i>\n\t\t\t\t\t\t\t<\/span>\n\t\t\t\t\t\t<span class=\"elementor-button-text\">Megn\u00e9zem a fot\u00f3tap\u00e9ta v\u00e1laszt\u00e9kot<\/span>\n\t\t<\/span>\n\t\t\t\t\t<\/a>\n\t\t<\/div>\n\t\t\t\t<\/div>\n\t\t\t\t<\/div>\n\t\t\t\t\t<\/div>\n\t\t<\/div>\n\t\t\t\t\t\t\t<\/div>\n\t\t<\/section>\n\t\t\t\t\t\t\t<\/div>","protected":false},"excerpt":{"rendered":"<p>Fot\u00f3tap\u00e9ta. Egyedi fot\u00f3kb\u00f3l, pr\u00e9mium min\u0151s\u00e9g\u0171 anyagra. Term\u00e9szet \u00e9s v\u00e1rosk\u00e9p kateg\u00f3ri\u00e1ban. \u00a0 Megn\u00e9zem a fot\u00f3tap\u00e9ta v\u00e1laszt\u00e9kot<\/p>","protected":false},"author":1,"featured_media":0,"parent":0,"menu_order":0,"comment_status":"closed","ping_status":"closed","template":"","meta":{"footnotes":""},"class_list":["post-31749","page","type-page","status-publish","hentry"],"yoast_head":"<!-- This site is optimized with the Yoast SEO plugin v21.7 - https:\/\/yoast.com\/wordpress\/plugins\/seo\/ -->\n<title>Fot\u00f3tap\u00e9ta - Fotogr\u00e1fia a falra<\/title>\n<meta name=\"description\" content=\"{:hu}Fot\u00f3tap\u00e9ta. Egyedi fot\u00f3kb\u00f3l, pr\u00e9mium min\u0151s\u00e9g\u00fc anyagra.{:}\" \/>\n<meta name=\"robots\" content=\"index, follow, max-snippet:-1, max-image-preview:large, max-video-preview:-1\" \/>\n<link rel=\"canonical\" href=\"https:\/\/louiphoto.com\/en\/fototapeta\/\" \/>\n<meta property=\"og:locale\" content=\"en_US\" \/>\n<meta property=\"og:type\" content=\"article\" \/>\n<meta property=\"og:title\" content=\"Fotogr\u00e1fia a falra - Fot\u00f3tap\u00e9ta a falra\" \/>\n<meta property=\"og:description\" content=\"Fot\u00f3tap\u00e9ta. Egyedi fot\u00f3kb\u00f3l, pr\u00e9mium min\u0151s\u00e9g\u00fc anyagra.\" \/>\n<meta property=\"og:url\" content=\"https:\/\/louiphoto.com\/en\/fototapeta\/\" \/>\n<meta property=\"og:site_name\" content=\"Fotogr\u00e1fia a falra\" \/>\n<meta name=\"twitter:card\" content=\"summary_large_image\" \/>\n<meta name=\"twitter:image\" content=\"https:\/\/www.louiphoto.com\/wp-content\/uploads\/2018\/09\/Chain-Bridge-at-blue-hour-and-parliament-Budapest-2-900x644.jpg\" \/>\n<script type=\"application\/ld+json\" class=\"yoast-schema-graph\">{\"@context\":\"https:\/\/schema.org\",\"@graph\":[{\"@type\":\"WebPage\",\"@id\":\"https:\/\/louiphoto.com\/fototapeta\/\",\"url\":\"https:\/\/louiphoto.com\/fototapeta\/\",\"name\":\"Fot\u00f3tap\u00e9ta - Fotogr\u00e1fia a falra\",\"isPartOf\":{\"@id\":\"https:\/\/louiphoto.com\/#website\"},\"datePublished\":\"2019-06-01T20:27:13+00:00\",\"dateModified\":\"2019-06-01T20:27:13+00:00\",\"description\":\"{:hu}Fot\u00f3tap\u00e9ta. Egyedi fot\u00f3kb\u00f3l, pr\u00e9mium min\u0151s\u00e9g\u00fc anyagra.{:}\",\"breadcrumb\":{\"@id\":\"https:\/\/louiphoto.com\/fototapeta\/#breadcrumb\"},\"inLanguage\":\"en-US\",\"potentialAction\":[{\"@type\":\"ReadAction\",\"target\":[\"https:\/\/louiphoto.com\/fototapeta\/\"]}]},{\"@type\":\"BreadcrumbList\",\"@id\":\"https:\/\/louiphoto.com\/fototapeta\/#breadcrumb\",\"itemListElement\":[{\"@type\":\"ListItem\",\"position\":1,\"name\":\"Kezd\u0151lap\",\"item\":\"https:\/\/louiphoto.com\/\"},{\"@type\":\"ListItem\",\"position\":2,\"name\":\"Fot\u00f3tap\u00e9ta\"}]},{\"@type\":\"WebSite\",\"@id\":\"https:\/\/louiphoto.com\/#website\",\"url\":\"https:\/\/louiphoto.com\/\",\"name\":\"Fotogr\u00e1fia a falra\",\"description\":\"V\u00e1szonk\u00e9p, Gicl\u00e9e nyomat\",\"potentialAction\":[{\"@type\":\"SearchAction\",\"target\":{\"@type\":\"EntryPoint\",\"urlTemplate\":\"https:\/\/louiphoto.com\/?s={search_term_string}\"},\"query-input\":\"required name=search_term_string\"}],\"inLanguage\":\"en-US\"}]}<\/script>\n<!-- \/ Yoast SEO plugin. -->","yoast_head_json":{"title":"Fot\u00f3tap\u00e9ta - Fotogr\u00e1fia a falra","description":"{:hu}Fot\u00f3tap\u00e9ta. Egyedi fot\u00f3kb\u00f3l, pr\u00e9mium min\u0151s\u00e9g\u00fc anyagra.{:}","robots":{"index":"index","follow":"follow","max-snippet":"max-snippet:-1","max-image-preview":"max-image-preview:large","max-video-preview":"max-video-preview:-1"},"canonical":"https:\/\/louiphoto.com\/en\/fototapeta\/","og_locale":"en_US","og_type":"article","og_title":"Fotogr\u00e1fia a falra - Fot\u00f3tap\u00e9ta a falra","og_description":"Fot\u00f3tap\u00e9ta. Egyedi fot\u00f3kb\u00f3l, pr\u00e9mium min\u0151s\u00e9g\u00fc anyagra.","og_url":"https:\/\/louiphoto.com\/en\/fototapeta\/","og_site_name":"Fotogr\u00e1fia a falra","twitter_card":"summary_large_image","twitter_image":"https:\/\/www.louiphoto.com\/wp-content\/uploads\/2018\/09\/Chain-Bridge-at-blue-hour-and-parliament-Budapest-2-900x644.jpg","schema":{"@context":"https:\/\/schema.org","@graph":[{"@type":"WebPage","@id":"https:\/\/louiphoto.com\/fototapeta\/","url":"https:\/\/louiphoto.com\/fototapeta\/","name":"Fot\u00f3tap\u00e9ta - Fotogr\u00e1fia a falra","isPartOf":{"@id":"https:\/\/louiphoto.com\/#website"},"datePublished":"2019-06-01T20:27:13+00:00","dateModified":"2019-06-01T20:27:13+00:00","description":"{:hu}Fot\u00f3tap\u00e9ta. Egyedi fot\u00f3kb\u00f3l, pr\u00e9mium min\u0151s\u00e9g\u00fc anyagra.{:}","breadcrumb":{"@id":"https:\/\/louiphoto.com\/fototapeta\/#breadcrumb"},"inLanguage":"en-US","potentialAction":[{"@type":"ReadAction","target":["https:\/\/louiphoto.com\/fototapeta\/"]}]},{"@type":"BreadcrumbList","@id":"https:\/\/louiphoto.com\/fototapeta\/#breadcrumb","itemListElement":[{"@type":"ListItem","position":1,"name":"Kezd\u0151lap","item":"https:\/\/louiphoto.com\/"},{"@type":"ListItem","position":2,"name":"Fot\u00f3tap\u00e9ta"}]},{"@type":"WebSite","@id":"https:\/\/louiphoto.com\/#website","url":"https:\/\/louiphoto.com\/","name":"Fotogr\u00e1fia a falra","description":"V\u00e1szonk\u00e9p, Gicl\u00e9e nyomat","potentialAction":[{"@type":"SearchAction","target":{"@type":"EntryPoint","urlTemplate":"https:\/\/louiphoto.com\/?s={search_term_string}"},"query-input":"required name=search_term_string"}],"inLanguage":"en-US"}]}},"_links":{"self":[{"href":"https:\/\/louiphoto.com\/en\/wp-json\/wp\/v2\/pages\/31749","targetHints":{"allow":["GET"]}}],"collection":[{"href":"https:\/\/louiphoto.com\/en\/wp-json\/wp\/v2\/pages"}],"about":[{"href":"https:\/\/louiphoto.com\/en\/wp-json\/wp\/v2\/types\/page"}],"author":[{"embeddable":true,"href":"https:\/\/louiphoto.com\/en\/wp-json\/wp\/v2\/users\/1"}],"replies":[{"embeddable":true,"href":"https:\/\/louiphoto.com\/en\/wp-json\/wp\/v2\/comments?post=31749"}],"version-history":[{"count":0,"href":"https:\/\/louiphoto.com\/en\/wp-json\/wp\/v2\/pages\/31749\/revisions"}],"wp:attachment":[{"href":"https:\/\/louiphoto.com\/en\/wp-json\/wp\/v2\/media?parent=31749"}],"curies":[{"name":"wp","href":"https:\/\/api.w.org\/{rel}","templated":true}]}}