{"id":31646,"date":"2016-03-23T15:53:19","date_gmt":"2016-03-23T15:53:19","guid":{"rendered":"https:\/\/www.louiphoto.com\/?page_id=11"},"modified":"2022-08-23T15:50:38","modified_gmt":"2022-08-23T15:50:38","slug":"nyomtatasi-informaciok","status":"publish","type":"page","link":"https:\/\/louiphoto.com\/en\/nyomtatasi-informaciok\/","title":{"rendered":"Nyomtat\u00e1si inform\u00e1ci\u00f3k"},"content":{"rendered":"<div data-elementor-type=\"wp-post\" data-elementor-id=\"31646\" class=\"elementor elementor-31646\">\n\t\t\t\t\t\t\t\t\t<section class=\"elementor-section elementor-top-section elementor-element elementor-element-3387b17d elementor-section-boxed elementor-section-height-default elementor-section-height-default\" data-id=\"3387b17d\" data-element_type=\"section\">\n\t\t\t\t\t\t<div class=\"elementor-container elementor-column-gap-default\">\n\t\t\t\t\t<div class=\"elementor-column elementor-col-100 elementor-top-column elementor-element elementor-element-3505ddd3\" data-id=\"3505ddd3\" data-element_type=\"column\">\n\t\t\t<div class=\"elementor-widget-wrap elementor-element-populated\">\n\t\t\t\t\t\t\t\t<div class=\"elementor-element elementor-element-5747cb4a elementor-widget elementor-widget-text-editor\" data-id=\"5747cb4a\" data-element_type=\"widget\" data-widget_type=\"text-editor.default\">\n\t\t\t\t<div class=\"elementor-widget-container\">\n\t\t\t<style>\/*! elementor - v3.18.0 - 20-12-2023 *\/\n.elementor-widget-text-editor.elementor-drop-cap-view-stacked .elementor-drop-cap{background-color:#69727d;color:#fff}.elementor-widget-text-editor.elementor-drop-cap-view-framed .elementor-drop-cap{color:#69727d;border:3px solid;background-color:transparent}.elementor-widget-text-editor:not(.elementor-drop-cap-view-default) .elementor-drop-cap{margin-top:8px}.elementor-widget-text-editor:not(.elementor-drop-cap-view-default) .elementor-drop-cap-letter{width:1em;height:1em}.elementor-widget-text-editor .elementor-drop-cap{float:left;text-align:center;line-height:1;font-size:50px}.elementor-widget-text-editor .elementor-drop-cap-letter{display:inline-block}<\/style>\t\t\t\t<p><strong>Pr\u00e9mium fot\u00f3nyomat (Gicl\u00e9e)<\/strong><\/p><p>A nyomatokra a fest\u00e9kgy\u00e1rt\u00f3 100 \u00e9v garanci\u00e1t v\u00e1llal belt\u00e9rben.<br \/>Ez a m\u00fazeumi arch\u00edv min\u0151s\u00e9g\u0171 nyomat Gicl\u00e9e digit\u00e1lis nyomtat\u00e1si elj\u00e1r\u00e1ssal k\u00e9sz\u00fcl, min\u0151s\u00edtett arch\u00edv pap\u00edrra (Canson), LUCIA 12 nyomtat\u00f3 rendszer haszn\u00e1lat\u00e1val, 2400dpi felbont\u00e1ssal. A haszn\u00e1lt Canson pap\u00edrok savmentesek, azonnal sz\u00e1rad\u00f3, m\u00fazeum arch\u00edv, min\u0151s\u00edtett pap\u00edrok.<\/p><p><a href=\"https:\/\/louiphoto.com\/wp-content\/uploads\/2022\/08\/architecture-blank-box-205321.jpg\"><img fetchpriority=\"high\" decoding=\"async\" class=\"alignnone size-medium wp-image-35781\" src=\"https:\/\/louiphoto.com\/wp-content\/uploads\/2022\/08\/architecture-blank-box-205321-300x200.jpg\" alt=\"\" width=\"300\" height=\"200\" srcset=\"https:\/\/louiphoto.com\/wp-content\/uploads\/2022\/08\/architecture-blank-box-205321-300x200.jpg 300w, https:\/\/louiphoto.com\/wp-content\/uploads\/2022\/08\/architecture-blank-box-205321-1024x683.jpg 1024w, https:\/\/louiphoto.com\/wp-content\/uploads\/2022\/08\/architecture-blank-box-205321-768x512.jpg 768w, https:\/\/louiphoto.com\/wp-content\/uploads\/2022\/08\/architecture-blank-box-205321-18x12.jpg 18w, https:\/\/louiphoto.com\/wp-content\/uploads\/2022\/08\/architecture-blank-box-205321-100x68.jpg 100w, https:\/\/louiphoto.com\/wp-content\/uploads\/2022\/08\/architecture-blank-box-205321-450x300.jpg 450w, https:\/\/louiphoto.com\/wp-content\/uploads\/2022\/08\/architecture-blank-box-205321-840x560.jpg 840w, https:\/\/louiphoto.com\/wp-content\/uploads\/2022\/08\/architecture-blank-box-205321.jpg 1500w\" sizes=\"(max-width: 300px) 100vw, 300px\" \/><\/a><\/p><p><strong>Fot\u00f3nyomat alum\u00ednium lemezre kas\u00edrozva<\/strong><\/p><p>Anyaga: alum\u00ednium dibond lemez, amely er\u0151s, de m\u00e9gis k\u00f6nny\u0171.<br \/>Alum\u00ednium dibond lemezre kas\u00edrozott fot\u00f3 pr\u00e9mium min\u0151s\u00e9g\u0171 3D-s hat\u00e1st kelt. <strong>Kodak pr\u00e9mium<\/strong> fot\u00f3pap\u00edrra nyomtatva \u00e9s akaszt\u00f3s\u00ednnel szerelve.<\/p><p>A legkedveltebb, modern fel\u00fclet!<\/p><p><a href=\"https:\/\/louiphoto.com\/wp-content\/uploads\/2022\/08\/kek-fotel.jpg\"><img decoding=\"async\" class=\"alignnone size-medium wp-image-35785\" src=\"https:\/\/louiphoto.com\/wp-content\/uploads\/2022\/08\/kek-fotel-300x240.jpg\" alt=\"\" width=\"300\" height=\"240\" srcset=\"https:\/\/louiphoto.com\/wp-content\/uploads\/2022\/08\/kek-fotel-300x240.jpg 300w, https:\/\/louiphoto.com\/wp-content\/uploads\/2022\/08\/kek-fotel-1024x819.jpg 1024w, https:\/\/louiphoto.com\/wp-content\/uploads\/2022\/08\/kek-fotel-768x614.jpg 768w, https:\/\/louiphoto.com\/wp-content\/uploads\/2022\/08\/kek-fotel-15x12.jpg 15w, https:\/\/louiphoto.com\/wp-content\/uploads\/2022\/08\/kek-fotel-840x672.jpg 840w, https:\/\/louiphoto.com\/wp-content\/uploads\/2022\/08\/kek-fotel.jpg 1048w\" sizes=\"(max-width: 300px) 100vw, 300px\" \/><\/a><\/p><p><strong>Fot\u00f3nyomat v\u00e1szonra<\/strong><\/p><p>A legjobb min\u0151s\u00e9g\u0171, amerikai Fredrix term\u00e9k\u00e9re, a 380gr\/nm, matt, m\u0171v\u00e9szi v\u00e1szonra ker\u00fclnek a fot\u00f3im. Val\u00f3di fest\u0151v\u00e1szon strukt\u00fara, pr\u00e9mium min\u0151s\u00e9g. A v\u00e1szonk\u00e9pek kerete 3cm-es m\u0171sz\u00e1r\u00edtott, t\u00e1bl\u00e1s\u00edtott faanyagb\u00f3l k\u00e9sz\u00fcl, amit az \u00e1r tartalmaz.<\/p><p><strong> <a href=\"https:\/\/louiphoto.com\/wp-content\/uploads\/2022\/08\/MockupMyndir12-1048x750-angol-erdo.jpg\"><img decoding=\"async\" class=\"alignnone size-medium wp-image-35789\" src=\"https:\/\/louiphoto.com\/wp-content\/uploads\/2022\/08\/MockupMyndir12-1048x750-angol-erdo-300x215.jpg\" alt=\"\" width=\"300\" height=\"215\" srcset=\"https:\/\/louiphoto.com\/wp-content\/uploads\/2022\/08\/MockupMyndir12-1048x750-angol-erdo-300x215.jpg 300w, https:\/\/louiphoto.com\/wp-content\/uploads\/2022\/08\/MockupMyndir12-1048x750-angol-erdo-1024x733.jpg 1024w, https:\/\/louiphoto.com\/wp-content\/uploads\/2022\/08\/MockupMyndir12-1048x750-angol-erdo-768x550.jpg 768w, https:\/\/louiphoto.com\/wp-content\/uploads\/2022\/08\/MockupMyndir12-1048x750-angol-erdo-18x12.jpg 18w, https:\/\/louiphoto.com\/wp-content\/uploads\/2022\/08\/MockupMyndir12-1048x750-angol-erdo-840x601.jpg 840w, https:\/\/louiphoto.com\/wp-content\/uploads\/2022\/08\/MockupMyndir12-1048x750-angol-erdo.jpg 1048w\" sizes=\"(max-width: 300px) 100vw, 300px\" \/><\/a><\/strong><\/p><p><strong>\u00a0<\/strong><\/p><p><strong>3 r\u00e9szes fot\u00f3k<\/strong><\/p><p>Dekorat\u00edv fali panelek 3 r\u00e9szben. Mondj b\u00facs\u00fat az unalmas k\u00e9peknek \u00e9s \u00fcdv\u00f6z\u00f6ld az \u00faj, friss l\u00e1tv\u00e1ny vil\u00e1got.<\/p><p><a href=\"https:\/\/louiphoto.com\/wp-content\/uploads\/2022\/08\/3reszes-latvanytervarnyek1220x380.png\"><img loading=\"lazy\" decoding=\"async\" class=\"alignnone size-medium wp-image-35777\" src=\"https:\/\/louiphoto.com\/wp-content\/uploads\/2022\/08\/3reszes-latvanytervarnyek1220x380-300x93.png\" alt=\"\" width=\"300\" height=\"93\" srcset=\"https:\/\/louiphoto.com\/wp-content\/uploads\/2022\/08\/3reszes-latvanytervarnyek1220x380-300x93.png 300w, https:\/\/louiphoto.com\/wp-content\/uploads\/2022\/08\/3reszes-latvanytervarnyek1220x380-1024x319.png 1024w, https:\/\/louiphoto.com\/wp-content\/uploads\/2022\/08\/3reszes-latvanytervarnyek1220x380-768x239.png 768w, https:\/\/louiphoto.com\/wp-content\/uploads\/2022\/08\/3reszes-latvanytervarnyek1220x380-18x6.png 18w, https:\/\/louiphoto.com\/wp-content\/uploads\/2022\/08\/3reszes-latvanytervarnyek1220x380-840x262.png 840w, https:\/\/louiphoto.com\/wp-content\/uploads\/2022\/08\/3reszes-latvanytervarnyek1220x380.png 1220w\" sizes=\"(max-width: 300px) 100vw, 300px\" \/><\/a><\/p><p><strong>Fizet\u00e9si felt\u00e9telek<\/strong><\/p><p>Amint a rendel\u00e9s meg\u00e9rkezett, kapsz egy visszaigazol\u00f3 e-mailt a r\u00e9szletekr\u0151l. Ha a banki \u00e1tutal\u00e1st v\u00e1lasztottad, akkor megkapod a banksz\u00e1mlasz\u00e1mot, ahova utalhatsz.<\/p><p>Ha bankk\u00e1rty\u00e1val fizett\u00e9l, akkor nincs m\u00e1s dolgod csak megv\u00e1rni a visszaigazol\u00e1st, hogy elk\u00e9sz\u00fclt a fotogr\u00e1fia a falra vagy esetleg a tap\u00e9ta a falra.<\/p><p>FONTOS! Minden fot\u00f3t\/term\u00e9ket kiz\u00e1r\u00f3lag a fizet\u00e9s igazol\u00e1sa ut\u00e1n, 24 \u00f3ra m\u00falva kezd\u00fcnk el gy\u00e1rtani!<br \/>Minden rendel\u00e9s egyedi! Fizet\u00e9st k\u00f6vet\u0151en csak ebben a 24 \u00f3r\u00e1ban van lehet\u0151s\u00e9ged t\u00f6r\u00f6lni a rendel\u00e9st!!!<\/p><p><strong>+36501220690<\/strong><\/p><p>info(kukac)louiphoto.com<\/p>\t\t\t\t\t\t<\/div>\n\t\t\t\t<\/div>\n\t\t\t\t\t<\/div>\n\t\t<\/div>\n\t\t\t\t\t\t\t<\/div>\n\t\t<\/section>\n\t\t\t\t\t\t\t<\/div>","protected":false},"excerpt":{"rendered":"<p>Pr\u00e9mium fot\u00f3nyomat (Gicl\u00e9e) A nyomatokra a fest\u00e9kgy\u00e1rt\u00f3 100 \u00e9v garanci\u00e1t v\u00e1llal belt\u00e9rben.Ez a m\u00fazeumi arch\u00edv min\u0151s\u00e9g\u0171 nyomat Gicl\u00e9e digit\u00e1lis nyomtat\u00e1si elj\u00e1r\u00e1ssal k\u00e9sz\u00fcl, min\u0151s\u00edtett arch\u00edv pap\u00edrra (Canson), LUCIA 12 nyomtat\u00f3 rendszer&hellip;<\/p>","protected":false},"author":1,"featured_media":0,"parent":0,"menu_order":0,"comment_status":"closed","ping_status":"closed","template":"","meta":{"footnotes":""},"class_list":["post-31646","page","type-page","status-publish","hentry"],"yoast_head":"<!-- This site is optimized with the Yoast SEO plugin v21.7 - https:\/\/yoast.com\/wordpress\/plugins\/seo\/ -->\n<title>Nyomtat\u00e1si inform\u00e1ci\u00f3k - Fotogr\u00e1fia a falra<\/title>\n<meta name=\"description\" content=\"Nyomtat\u00e1si inform\u00e1ci\u00f3k. Gicl\u00e9e nyomatok. Canson \u00e9s Kodak pap\u00edrok. Limit\u00e1lt kiad\u00e1s\u00fa fotogr\u00e1fi\u00e1k. V\u00e1szonk\u00e9p rendel\u00e9s.\" \/>\n<meta name=\"robots\" content=\"index, follow, max-snippet:-1, max-image-preview:large, max-video-preview:-1\" \/>\n<link rel=\"canonical\" href=\"https:\/\/louiphoto.com\/en\/nyomtatasi-informaciok\/\" \/>\n<meta property=\"og:locale\" content=\"en_US\" \/>\n<meta property=\"og:type\" content=\"article\" \/>\n<meta property=\"og:title\" content=\"Fotogr\u00e1fia a falra - Nyomtat\u00e1si inform\u00e1ci\u00f3k\" \/>\n<meta property=\"og:description\" content=\"Nyomtat\u00e1si inform\u00e1ci\u00f3k. Gicl\u00e9e nyomatok. Canson \u00e9s Kodak pap\u00edrok.\" \/>\n<meta property=\"og:url\" content=\"https:\/\/louiphoto.com\/en\/nyomtatasi-informaciok\/\" \/>\n<meta property=\"og:site_name\" content=\"Fotogr\u00e1fia a falra\" \/>\n<meta property=\"article:modified_time\" content=\"2022-08-23T15:50:38+00:00\" \/>\n<meta name=\"twitter:card\" content=\"summary_large_image\" \/>\n<meta name=\"twitter:image\" content=\"https:\/\/louiphoto.com\/wp-content\/uploads\/2022\/08\/architecture-blank-box-205321.jpg\" \/>\n<meta name=\"twitter:label1\" content=\"Est. reading time\" \/>\n\t<meta name=\"twitter:data1\" content=\"2 minutes\" \/>\n<script type=\"application\/ld+json\" class=\"yoast-schema-graph\">{\"@context\":\"https:\/\/schema.org\",\"@graph\":[{\"@type\":\"WebPage\",\"@id\":\"https:\/\/louiphoto.com\/nyomtatasi-informaciok\/\",\"url\":\"https:\/\/louiphoto.com\/nyomtatasi-informaciok\/\",\"name\":\"Nyomtat\u00e1si inform\u00e1ci\u00f3k - Fotogr\u00e1fia a falra\",\"isPartOf\":{\"@id\":\"https:\/\/louiphoto.com\/#website\"},\"datePublished\":\"2016-03-23T15:53:19+00:00\",\"dateModified\":\"2022-08-23T15:50:38+00:00\",\"description\":\"Nyomtat\u00e1si inform\u00e1ci\u00f3k. Gicl\u00e9e nyomatok. Canson \u00e9s Kodak pap\u00edrok. Limit\u00e1lt kiad\u00e1s\u00fa fotogr\u00e1fi\u00e1k. V\u00e1szonk\u00e9p rendel\u00e9s.\",\"breadcrumb\":{\"@id\":\"https:\/\/louiphoto.com\/nyomtatasi-informaciok\/#breadcrumb\"},\"inLanguage\":\"en-US\",\"potentialAction\":[{\"@type\":\"ReadAction\",\"target\":[\"https:\/\/louiphoto.com\/nyomtatasi-informaciok\/\"]}]},{\"@type\":\"BreadcrumbList\",\"@id\":\"https:\/\/louiphoto.com\/nyomtatasi-informaciok\/#breadcrumb\",\"itemListElement\":[{\"@type\":\"ListItem\",\"position\":1,\"name\":\"Kezd\u0151lap\",\"item\":\"https:\/\/louiphoto.com\/\"},{\"@type\":\"ListItem\",\"position\":2,\"name\":\"Nyomtat\u00e1si inform\u00e1ci\u00f3k\"}]},{\"@type\":\"WebSite\",\"@id\":\"https:\/\/louiphoto.com\/#website\",\"url\":\"https:\/\/louiphoto.com\/\",\"name\":\"Fotogr\u00e1fia a falra\",\"description\":\"V\u00e1szonk\u00e9p, Gicl\u00e9e nyomat\",\"potentialAction\":[{\"@type\":\"SearchAction\",\"target\":{\"@type\":\"EntryPoint\",\"urlTemplate\":\"https:\/\/louiphoto.com\/?s={search_term_string}\"},\"query-input\":\"required name=search_term_string\"}],\"inLanguage\":\"en-US\"}]}<\/script>\n<!-- \/ Yoast SEO plugin. -->","yoast_head_json":{"title":"Nyomtat\u00e1si inform\u00e1ci\u00f3k - Fotogr\u00e1fia a falra","description":"Nyomtat\u00e1si inform\u00e1ci\u00f3k. Gicl\u00e9e nyomatok. Canson \u00e9s Kodak pap\u00edrok. Limit\u00e1lt kiad\u00e1s\u00fa fotogr\u00e1fi\u00e1k. V\u00e1szonk\u00e9p rendel\u00e9s.","robots":{"index":"index","follow":"follow","max-snippet":"max-snippet:-1","max-image-preview":"max-image-preview:large","max-video-preview":"max-video-preview:-1"},"canonical":"https:\/\/louiphoto.com\/en\/nyomtatasi-informaciok\/","og_locale":"en_US","og_type":"article","og_title":"Fotogr\u00e1fia a falra - Nyomtat\u00e1si inform\u00e1ci\u00f3k","og_description":"Nyomtat\u00e1si inform\u00e1ci\u00f3k. Gicl\u00e9e nyomatok. Canson \u00e9s Kodak pap\u00edrok.","og_url":"https:\/\/louiphoto.com\/en\/nyomtatasi-informaciok\/","og_site_name":"Fotogr\u00e1fia a falra","article_modified_time":"2022-08-23T15:50:38+00:00","twitter_card":"summary_large_image","twitter_image":"https:\/\/louiphoto.com\/wp-content\/uploads\/2022\/08\/architecture-blank-box-205321.jpg","twitter_misc":{"Est. reading time":"2 minutes"},"schema":{"@context":"https:\/\/schema.org","@graph":[{"@type":"WebPage","@id":"https:\/\/louiphoto.com\/nyomtatasi-informaciok\/","url":"https:\/\/louiphoto.com\/nyomtatasi-informaciok\/","name":"Nyomtat\u00e1si inform\u00e1ci\u00f3k - Fotogr\u00e1fia a falra","isPartOf":{"@id":"https:\/\/louiphoto.com\/#website"},"datePublished":"2016-03-23T15:53:19+00:00","dateModified":"2022-08-23T15:50:38+00:00","description":"Nyomtat\u00e1si inform\u00e1ci\u00f3k. Gicl\u00e9e nyomatok. Canson \u00e9s Kodak pap\u00edrok. Limit\u00e1lt kiad\u00e1s\u00fa fotogr\u00e1fi\u00e1k. V\u00e1szonk\u00e9p rendel\u00e9s.","breadcrumb":{"@id":"https:\/\/louiphoto.com\/nyomtatasi-informaciok\/#breadcrumb"},"inLanguage":"en-US","potentialAction":[{"@type":"ReadAction","target":["https:\/\/louiphoto.com\/nyomtatasi-informaciok\/"]}]},{"@type":"BreadcrumbList","@id":"https:\/\/louiphoto.com\/nyomtatasi-informaciok\/#breadcrumb","itemListElement":[{"@type":"ListItem","position":1,"name":"Kezd\u0151lap","item":"https:\/\/louiphoto.com\/"},{"@type":"ListItem","position":2,"name":"Nyomtat\u00e1si inform\u00e1ci\u00f3k"}]},{"@type":"WebSite","@id":"https:\/\/louiphoto.com\/#website","url":"https:\/\/louiphoto.com\/","name":"Fotogr\u00e1fia a falra","description":"V\u00e1szonk\u00e9p, Gicl\u00e9e nyomat","potentialAction":[{"@type":"SearchAction","target":{"@type":"EntryPoint","urlTemplate":"https:\/\/louiphoto.com\/?s={search_term_string}"},"query-input":"required name=search_term_string"}],"inLanguage":"en-US"}]}},"_links":{"self":[{"href":"https:\/\/louiphoto.com\/en\/wp-json\/wp\/v2\/pages\/31646","targetHints":{"allow":["GET"]}}],"collection":[{"href":"https:\/\/louiphoto.com\/en\/wp-json\/wp\/v2\/pages"}],"about":[{"href":"https:\/\/louiphoto.com\/en\/wp-json\/wp\/v2\/types\/page"}],"author":[{"embeddable":true,"href":"https:\/\/louiphoto.com\/en\/wp-json\/wp\/v2\/users\/1"}],"replies":[{"embeddable":true,"href":"https:\/\/louiphoto.com\/en\/wp-json\/wp\/v2\/comments?post=31646"}],"version-history":[{"count":29,"href":"https:\/\/louiphoto.com\/en\/wp-json\/wp\/v2\/pages\/31646\/revisions"}],"predecessor-version":[{"id":35947,"href":"https:\/\/louiphoto.com\/en\/wp-json\/wp\/v2\/pages\/31646\/revisions\/35947"}],"wp:attachment":[{"href":"https:\/\/louiphoto.com\/en\/wp-json\/wp\/v2\/media?parent=31646"}],"curies":[{"name":"wp","href":"https:\/\/api.w.org\/{rel}","templated":true}]}}