{"id":31645,"date":"2016-03-23T15:53:06","date_gmt":"2016-03-23T14:53:06","guid":{"rendered":"https:\/\/www.louiphoto.com\/?page_id=9"},"modified":"2022-08-19T17:43:05","modified_gmt":"2022-08-19T17:43:05","slug":"magamrol","status":"publish","type":"page","link":"https:\/\/louiphoto.com\/en\/magamrol\/","title":{"rendered":"Magamr\u00f3l"},"content":{"rendered":"<div data-elementor-type=\"wp-post\" data-elementor-id=\"31645\" class=\"elementor elementor-31645\">\n\t\t\t\t\t\t\t\t\t<section class=\"elementor-section elementor-top-section elementor-element elementor-element-27698d74 elementor-section-boxed elementor-section-height-default elementor-section-height-default\" data-id=\"27698d74\" data-element_type=\"section\">\n\t\t\t\t\t\t<div class=\"elementor-container elementor-column-gap-default\">\n\t\t\t\t\t<div class=\"elementor-column elementor-col-100 elementor-top-column elementor-element elementor-element-14e2d008\" data-id=\"14e2d008\" data-element_type=\"column\">\n\t\t\t<div class=\"elementor-widget-wrap elementor-element-populated\">\n\t\t\t\t\t\t\t\t<div class=\"elementor-element elementor-element-2a33b342 elementor-widget elementor-widget-text-editor\" data-id=\"2a33b342\" data-element_type=\"widget\" data-widget_type=\"text-editor.default\">\n\t\t\t\t<div class=\"elementor-widget-container\">\n\t\t\t<style>\/*! elementor - v3.18.0 - 20-12-2023 *\/\n.elementor-widget-text-editor.elementor-drop-cap-view-stacked .elementor-drop-cap{background-color:#69727d;color:#fff}.elementor-widget-text-editor.elementor-drop-cap-view-framed .elementor-drop-cap{color:#69727d;border:3px solid;background-color:transparent}.elementor-widget-text-editor:not(.elementor-drop-cap-view-default) .elementor-drop-cap{margin-top:8px}.elementor-widget-text-editor:not(.elementor-drop-cap-view-default) .elementor-drop-cap-letter{width:1em;height:1em}.elementor-widget-text-editor .elementor-drop-cap{float:left;text-align:center;line-height:1;font-size:50px}.elementor-widget-text-editor .elementor-drop-cap-letter{display:inline-block}<\/style>\t\t\t\t<p>Professzion\u00e1lis Fine Art fotogr\u00e1fi\u00e1kat k\u00e9sz\u00edtek, t\u00e1j, utaz\u00e1s \u00e9s v\u00e1rosk\u00e9p kateg\u00f3ri\u00e1ban. Szeretem a munk\u00e1m m\u00e9g akkor is, mikor hajnalban Szib\u00e9ri\u00e1ban -57 fokban v\u00e1rom a napfelkelt\u00e9t vagy mikor a pokoli meleg dubaji sivatagban v\u00e1rom a naplemen\u00e9t. H\u00e1l\u00e1s vagyok, hogy k\u00f6zben beutazhatom a vil\u00e1got \u00e9s ezalatt meg\u00f6r\u00f6k\u00edthetem a csod\u00e1latos t\u00e1jakat, v\u00e1rosokat.<\/p><p>Csak rem\u00e9lni tudom, hogy fot\u00f3immal elnyerem az emberek tetsz\u00e9s\u00e9t \u00e9s az alkot\u00e1saimmal bevihetem az emberek otthon\u00e1ba a gy\u00f6ny\u00f6r\u0171 vil\u00e1gunk egy r\u00e9sz\u00e9t.<\/p><p>K\u00fcldet\u00e9sem, hogy min\u00e9l t\u00f6bb otthonba juttassam el a pr\u00e9mium min\u0151s\u00e9g\u0171 elj\u00e1r\u00e1ssal k\u00e9sz\u00fclt Fine Art fotogr\u00e1fi\u00e1kat. (Gicl\u00e9e nyomat)<\/p><p>A nyomtat\u00e1si elj\u00e1r\u00e1sr\u00f3l b\u0151vebb inform\u00e1ci\u00f3t <a href=\"https:\/\/louiphoto.com\/en\/hu\/prints-info\/\">itt tal\u00e1lsz<\/a>.<\/p><p>Bar\u00e1ti \u00fcdv\u00f6zlettel,<\/p><p>Sidlovszky Lajos<\/p><p>\u00a0<\/p><p><img fetchpriority=\"high\" decoding=\"async\" class=\"aligncenter wp-image-31623 size-thumbnail\" src=\"https:\/\/www.louiphoto.com\/wp-content\/uploads\/2019\/05\/Sigma-60-600-700x525.jpg\" alt=\"\" width=\"700\" height=\"525\" \/>\u00a0<\/p>\t\t\t\t\t\t<\/div>\n\t\t\t\t<\/div>\n\t\t\t\t\t<\/div>\n\t\t<\/div>\n\t\t\t\t\t\t\t<\/div>\n\t\t<\/section>\n\t\t\t\t\t\t\t<\/div>","protected":false},"excerpt":{"rendered":"<p>Professzion\u00e1lis Fine Art fotogr\u00e1fi\u00e1kat k\u00e9sz\u00edtek, t\u00e1j, utaz\u00e1s \u00e9s v\u00e1rosk\u00e9p kateg\u00f3ri\u00e1ban. Szeretem a munk\u00e1m m\u00e9g akkor is, mikor hajnalban Szib\u00e9ri\u00e1ban -57 fokban v\u00e1rom a napfelkelt\u00e9t vagy mikor a pokoli meleg dubaji&hellip;<\/p>","protected":false},"author":1,"featured_media":0,"parent":0,"menu_order":0,"comment_status":"closed","ping_status":"closed","template":"","meta":{"footnotes":""},"class_list":["post-31645","page","type-page","status-publish","hentry"],"yoast_head":"<!-- This site is optimized with the Yoast SEO plugin v21.7 - https:\/\/yoast.com\/wordpress\/plugins\/seo\/ -->\n<title>Magamr\u00f3l - Fotogr\u00e1fia a falra<\/title>\n<meta name=\"description\" content=\"{:hu}Gicl\u00e9e nyomat, aluminium fot\u00f3, v\u00e1szonk\u00e9p, poszter vagy ak\u00e1r stock foto! Let\u00f6lt\u00e9s!{:en}If You need any Acrylic Print, Aluminium Photo, Fine Art Canvas Print, MDF Panel, Poszter, or if You need any stock photo any size. Download Now!{:}\" \/>\n<meta name=\"robots\" content=\"index, follow, max-snippet:-1, max-image-preview:large, max-video-preview:-1\" \/>\n<link rel=\"canonical\" href=\"https:\/\/louiphoto.com\/en\/magamrol\/\" \/>\n<meta property=\"og:locale\" content=\"en_US\" \/>\n<meta property=\"og:type\" content=\"article\" \/>\n<meta property=\"og:title\" content=\"Fotogr\u00e1fia a falra - Magamr\u00f3l\" \/>\n<meta property=\"og:description\" content=\"{:hu}Gicl\u00e9e nyomat, aluminium fot\u00f3, v\u00e1szonk\u00e9p, poszter vagy ak\u00e1r stock foto! Let\u00f6lt\u00e9s!{:en}If You need any Acrylic Print, Aluminium Photo, Fine Art Canvas Print, MDF Panel, Poszter, or if You need any stock photo any size. Download Now!{:}\" \/>\n<meta property=\"og:url\" content=\"https:\/\/louiphoto.com\/en\/magamrol\/\" \/>\n<meta property=\"og:site_name\" content=\"Fotogr\u00e1fia a falra\" \/>\n<meta property=\"article:modified_time\" content=\"2022-08-19T17:43:05+00:00\" \/>\n<meta name=\"twitter:card\" content=\"summary_large_image\" \/>\n<meta name=\"twitter:image\" content=\"https:\/\/www.louiphoto.com\/wp-content\/uploads\/2019\/05\/Sigma-60-600-700x525.jpg\" \/>\n<meta name=\"twitter:label1\" content=\"Est. reading time\" \/>\n\t<meta name=\"twitter:data1\" content=\"1 minute\" \/>\n<script type=\"application\/ld+json\" class=\"yoast-schema-graph\">{\"@context\":\"https:\/\/schema.org\",\"@graph\":[{\"@type\":\"WebPage\",\"@id\":\"https:\/\/louiphoto.com\/magamrol\/\",\"url\":\"https:\/\/louiphoto.com\/magamrol\/\",\"name\":\"Magamr\u00f3l - Fotogr\u00e1fia a falra\",\"isPartOf\":{\"@id\":\"https:\/\/louiphoto.com\/#website\"},\"datePublished\":\"2016-03-23T14:53:06+00:00\",\"dateModified\":\"2022-08-19T17:43:05+00:00\",\"description\":\"{:hu}Gicl\u00e9e nyomat, aluminium fot\u00f3, v\u00e1szonk\u00e9p, poszter vagy ak\u00e1r stock foto! Let\u00f6lt\u00e9s!{:en}If You need any Acrylic Print, Aluminium Photo, Fine Art Canvas Print, MDF Panel, Poszter, or if You need any stock photo any size. Download Now!{:}\",\"breadcrumb\":{\"@id\":\"https:\/\/louiphoto.com\/magamrol\/#breadcrumb\"},\"inLanguage\":\"en-US\",\"potentialAction\":[{\"@type\":\"ReadAction\",\"target\":[\"https:\/\/louiphoto.com\/magamrol\/\"]}]},{\"@type\":\"BreadcrumbList\",\"@id\":\"https:\/\/louiphoto.com\/magamrol\/#breadcrumb\",\"itemListElement\":[{\"@type\":\"ListItem\",\"position\":1,\"name\":\"Kezd\u0151lap\",\"item\":\"https:\/\/louiphoto.com\/\"},{\"@type\":\"ListItem\",\"position\":2,\"name\":\"Magamr\u00f3l\"}]},{\"@type\":\"WebSite\",\"@id\":\"https:\/\/louiphoto.com\/#website\",\"url\":\"https:\/\/louiphoto.com\/\",\"name\":\"Fotogr\u00e1fia a falra\",\"description\":\"V\u00e1szonk\u00e9p, Gicl\u00e9e nyomat\",\"potentialAction\":[{\"@type\":\"SearchAction\",\"target\":{\"@type\":\"EntryPoint\",\"urlTemplate\":\"https:\/\/louiphoto.com\/?s={search_term_string}\"},\"query-input\":\"required name=search_term_string\"}],\"inLanguage\":\"en-US\"}]}<\/script>\n<!-- \/ Yoast SEO plugin. -->","yoast_head_json":{"title":"Magamr\u00f3l - Fotogr\u00e1fia a falra","description":"{:hu}Gicl\u00e9e nyomat, aluminium fot\u00f3, v\u00e1szonk\u00e9p, poszter vagy ak\u00e1r stock foto! Let\u00f6lt\u00e9s!{:en}If You need any Acrylic Print, Aluminium Photo, Fine Art Canvas Print, MDF Panel, Poszter, or if You need any stock photo any size. Download Now!{:}","robots":{"index":"index","follow":"follow","max-snippet":"max-snippet:-1","max-image-preview":"max-image-preview:large","max-video-preview":"max-video-preview:-1"},"canonical":"https:\/\/louiphoto.com\/en\/magamrol\/","og_locale":"en_US","og_type":"article","og_title":"Fotogr\u00e1fia a falra - Magamr\u00f3l","og_description":"{:hu}Gicl\u00e9e nyomat, aluminium fot\u00f3, v\u00e1szonk\u00e9p, poszter vagy ak\u00e1r stock foto! Let\u00f6lt\u00e9s!{:en}If You need any Acrylic Print, Aluminium Photo, Fine Art Canvas Print, MDF Panel, Poszter, or if You need any stock photo any size. Download Now!{:}","og_url":"https:\/\/louiphoto.com\/en\/magamrol\/","og_site_name":"Fotogr\u00e1fia a falra","article_modified_time":"2022-08-19T17:43:05+00:00","twitter_card":"summary_large_image","twitter_image":"https:\/\/www.louiphoto.com\/wp-content\/uploads\/2019\/05\/Sigma-60-600-700x525.jpg","twitter_misc":{"Est. reading time":"1 minute"},"schema":{"@context":"https:\/\/schema.org","@graph":[{"@type":"WebPage","@id":"https:\/\/louiphoto.com\/magamrol\/","url":"https:\/\/louiphoto.com\/magamrol\/","name":"Magamr\u00f3l - Fotogr\u00e1fia a falra","isPartOf":{"@id":"https:\/\/louiphoto.com\/#website"},"datePublished":"2016-03-23T14:53:06+00:00","dateModified":"2022-08-19T17:43:05+00:00","description":"{:hu}Gicl\u00e9e nyomat, aluminium fot\u00f3, v\u00e1szonk\u00e9p, poszter vagy ak\u00e1r stock foto! Let\u00f6lt\u00e9s!{:en}If You need any Acrylic Print, Aluminium Photo, Fine Art Canvas Print, MDF Panel, Poszter, or if You need any stock photo any size. Download Now!{:}","breadcrumb":{"@id":"https:\/\/louiphoto.com\/magamrol\/#breadcrumb"},"inLanguage":"en-US","potentialAction":[{"@type":"ReadAction","target":["https:\/\/louiphoto.com\/magamrol\/"]}]},{"@type":"BreadcrumbList","@id":"https:\/\/louiphoto.com\/magamrol\/#breadcrumb","itemListElement":[{"@type":"ListItem","position":1,"name":"Kezd\u0151lap","item":"https:\/\/louiphoto.com\/"},{"@type":"ListItem","position":2,"name":"Magamr\u00f3l"}]},{"@type":"WebSite","@id":"https:\/\/louiphoto.com\/#website","url":"https:\/\/louiphoto.com\/","name":"Fotogr\u00e1fia a falra","description":"V\u00e1szonk\u00e9p, Gicl\u00e9e nyomat","potentialAction":[{"@type":"SearchAction","target":{"@type":"EntryPoint","urlTemplate":"https:\/\/louiphoto.com\/?s={search_term_string}"},"query-input":"required name=search_term_string"}],"inLanguage":"en-US"}]}},"_links":{"self":[{"href":"https:\/\/louiphoto.com\/en\/wp-json\/wp\/v2\/pages\/31645","targetHints":{"allow":["GET"]}}],"collection":[{"href":"https:\/\/louiphoto.com\/en\/wp-json\/wp\/v2\/pages"}],"about":[{"href":"https:\/\/louiphoto.com\/en\/wp-json\/wp\/v2\/types\/page"}],"author":[{"embeddable":true,"href":"https:\/\/louiphoto.com\/en\/wp-json\/wp\/v2\/users\/1"}],"replies":[{"embeddable":true,"href":"https:\/\/louiphoto.com\/en\/wp-json\/wp\/v2\/comments?post=31645"}],"version-history":[{"count":7,"href":"https:\/\/louiphoto.com\/en\/wp-json\/wp\/v2\/pages\/31645\/revisions"}],"predecessor-version":[{"id":34065,"href":"https:\/\/louiphoto.com\/en\/wp-json\/wp\/v2\/pages\/31645\/revisions\/34065"}],"wp:attachment":[{"href":"https:\/\/louiphoto.com\/en\/wp-json\/wp\/v2\/media?parent=31645"}],"curies":[{"name":"wp","href":"https:\/\/api.w.org\/{rel}","templated":true}]}}