{"id":21,"date":"2016-03-24T11:26:13","date_gmt":"2016-03-24T11:26:13","guid":{"rendered":"https:\/\/www.louiphoto.com\/?page_id=21"},"modified":"2022-08-30T16:04:28","modified_gmt":"2022-08-30T16:04:28","slug":"szallitas","status":"publish","type":"page","link":"https:\/\/louiphoto.com\/en\/szallitas\/","title":{"rendered":"Sz\u00e1ll\u00edt\u00e1s \u00e9s \u00c1SZF"},"content":{"rendered":"<div data-elementor-type=\"wp-post\" data-elementor-id=\"21\" class=\"elementor elementor-21\">\n\t\t\t\t\t\t\t\t\t<section class=\"elementor-section elementor-top-section elementor-element elementor-element-2907ef9 elementor-section-boxed elementor-section-height-default elementor-section-height-default\" data-id=\"2907ef9\" data-element_type=\"section\">\n\t\t\t\t\t\t<div class=\"elementor-container elementor-column-gap-default\">\n\t\t\t\t\t<div class=\"elementor-column elementor-col-100 elementor-top-column elementor-element elementor-element-12df82b3\" data-id=\"12df82b3\" data-element_type=\"column\">\n\t\t\t<div class=\"elementor-widget-wrap elementor-element-populated\">\n\t\t\t\t\t\t\t\t<div class=\"elementor-element elementor-element-3e3ef613 elementor-widget elementor-widget-text-editor\" data-id=\"3e3ef613\" data-element_type=\"widget\" data-widget_type=\"text-editor.default\">\n\t\t\t\t<div class=\"elementor-widget-container\">\n\t\t\t<style>\/*! elementor - v3.18.0 - 20-12-2023 *\/\n.elementor-widget-text-editor.elementor-drop-cap-view-stacked .elementor-drop-cap{background-color:#69727d;color:#fff}.elementor-widget-text-editor.elementor-drop-cap-view-framed .elementor-drop-cap{color:#69727d;border:3px solid;background-color:transparent}.elementor-widget-text-editor:not(.elementor-drop-cap-view-default) .elementor-drop-cap{margin-top:8px}.elementor-widget-text-editor:not(.elementor-drop-cap-view-default) .elementor-drop-cap-letter{width:1em;height:1em}.elementor-widget-text-editor .elementor-drop-cap{float:left;text-align:center;line-height:1;font-size:50px}.elementor-widget-text-editor .elementor-drop-cap-letter{display:inline-block}<\/style>\t\t\t\t<p style=\"text-align: left;\"><strong>Fizet\u00e9si felt\u00e9telek<\/strong><\/p><p style=\"text-align: left;\">Amint a rendel\u00e9s meg\u00e9rkezett, kapsz egy visszaigazol\u00f3 e-mailt a r\u00e9szletekr\u0151l. Ha a banki \u00e1tutal\u00e1st v\u00e1lasztottad, akkor megkapod a banksz\u00e1mlasz\u00e1mot, ahova utalhatsz.<\/p><p style=\"text-align: left;\">Ha bankk\u00e1rty\u00e1val fizett\u00e9l, akkor nincs m\u00e1s dolgod csak megv\u00e1rni a visszaigazol\u00e1st, hogy elk\u00e9sz\u00fclt a fotogr\u00e1fia a falra vagy esetleg a tap\u00e9ta a falra.<\/p><p style=\"text-align: left;\">FONTOS! Minden fot\u00f3t\/term\u00e9ket kiz\u00e1r\u00f3lag a fizet\u00e9s igazol\u00e1sa ut\u00e1n, 24 \u00f3ra m\u00falva kezd\u00fcnk el gy\u00e1rtani!<br \/>Minden rendel\u00e9s egyedi! Fizet\u00e9st k\u00f6vet\u0151en csak ebben a 24 \u00f3r\u00e1ban van lehet\u0151s\u00e9ged t\u00f6r\u00f6lni a rendel\u00e9st!!!<\/p><p style=\"text-align: left;\"><strong>Sz\u00e1ll\u00edt\u00e1si inform\u00e1ci\u00f3k<\/strong><\/p><p style=\"text-align: left;\">Minden fot\u00f3t\/term\u00e9ket biztons\u00e1gos csomagol\u00e1sba ker\u00fcl. A biztons\u00e1gos csomagol\u00e1s minden esetben <strong>INGYENES<\/strong>!<\/p><p style=\"text-align: left;\">A csomagok v\u00e1rhat\u00f3 kisz\u00e1ll\u00edt\u00e1si id\u0151pontj\u00e1r\u00f3l el\u0151re t\u00e1j\u00e9koztatlak!<\/p><p style=\"text-align: left;\">K\u00e9rlek a csomagok \u00e1llapot\u00e1t ellen\u0151rizd \u00e1tv\u00e9telkor, mert a fut\u00e1r t\u00e1voz\u00e1sa ut\u00e1n felmer\u00fclt esetleges panaszt nem \u00e1ll m\u00f3domban elfogadni!<\/p><p style=\"text-align: left;\"><strong><em>Ha a csomagol\u00e1s s\u00e9r\u00fclt, k\u00e9rlek \u00edrj jegyz\u0151k\u00f6nyvet a fut\u00e1rral \u00e9s \u00e9rtes\u00edts m\u00e9g aznap!<\/em><\/strong><\/p><p style=\"text-align: left;\">+36501220690<\/p><p style=\"text-align: left;\">info(kukac)louiphoto.com<\/p><p style=\"text-align: left;\"><strong>Sz\u00e1ll\u00edt\u00e1si d\u00edj<\/strong><\/p><p style=\"text-align: left;\">Magyarorsz\u00e1g \u2013 2990Ft<\/p><p style=\"text-align: left;\">Eur\u00f3p\u00e1n bel\u00fcl \u2013 9990Ft<\/p><p><script id=\"barat_script\">var st = document.createElement(\"script\");st.src = \"\/\/admin.fogyasztobarat.hu\/e-api.js\";st.type = \"text\/javascript\";st.setAttribute(\"data-id\", \"Y4QQMX7F\");st.setAttribute(\"id\", \"fbarat-embed\");st.setAttribute(\"data-type\", \"aszf\");var s = document.getElementById(\"barat_script\");s.parentNode.insertBefore(st, s);<\/script><\/p>\t\t\t\t\t\t<\/div>\n\t\t\t\t<\/div>\n\t\t\t\t\t<\/div>\n\t\t<\/div>\n\t\t\t\t\t\t\t<\/div>\n\t\t<\/section>\n\t\t\t\t\t\t\t<\/div>","protected":false},"excerpt":{"rendered":"<p>Fizet\u00e9si felt\u00e9telek Amint a rendel\u00e9s meg\u00e9rkezett, kapsz egy visszaigazol\u00f3 e-mailt a r\u00e9szletekr\u0151l. Ha a banki \u00e1tutal\u00e1st v\u00e1lasztottad, akkor megkapod a banksz\u00e1mlasz\u00e1mot, ahova utalhatsz. Ha bankk\u00e1rty\u00e1val fizett\u00e9l, akkor nincs m\u00e1s dolgod&hellip;<\/p>","protected":false},"author":1,"featured_media":0,"parent":0,"menu_order":0,"comment_status":"closed","ping_status":"closed","template":"","meta":{"footnotes":""},"class_list":["post-21","page","type-page","status-publish","hentry"],"yoast_head":"<!-- This site is optimized with the Yoast SEO plugin v21.7 - https:\/\/yoast.com\/wordpress\/plugins\/seo\/ -->\n<title>Sz\u00e1ll\u00edt\u00e1s \u00e9s \u00c1SZF - Fotogr\u00e1fia a falra<\/title>\n<meta name=\"description\" content=\"If You need any Acrylic Print, Aluminium Photo, Fine Art Canvas Print, MDF Panel, Poszter, or if You need any stock photo any size. Download Now!\" \/>\n<meta name=\"robots\" content=\"index, follow, max-snippet:-1, max-image-preview:large, max-video-preview:-1\" \/>\n<link rel=\"canonical\" href=\"https:\/\/louiphoto.com\/en\/szallitas\/\" \/>\n<meta property=\"og:locale\" content=\"en_US\" \/>\n<meta property=\"og:type\" content=\"article\" \/>\n<meta property=\"og:title\" content=\"Sz\u00e1ll\u00edt\u00e1s \u00e9s \u00c1SZF - Fotogr\u00e1fia a falra\" \/>\n<meta property=\"og:description\" content=\"If You need any Acrylic Print, Aluminium Photo, Fine Art Canvas Print, MDF Panel, Poszter, or if You need any stock photo any size. Download Now!\" \/>\n<meta property=\"og:url\" content=\"https:\/\/louiphoto.com\/en\/szallitas\/\" \/>\n<meta property=\"og:site_name\" content=\"Fotogr\u00e1fia a falra\" \/>\n<meta property=\"article:modified_time\" content=\"2022-08-30T16:04:28+00:00\" \/>\n<meta name=\"twitter:card\" content=\"summary_large_image\" \/>\n<meta name=\"twitter:label1\" content=\"Est. reading time\" \/>\n\t<meta name=\"twitter:data1\" content=\"1 minute\" \/>\n<script type=\"application\/ld+json\" class=\"yoast-schema-graph\">{\"@context\":\"https:\/\/schema.org\",\"@graph\":[{\"@type\":\"WebPage\",\"@id\":\"https:\/\/louiphoto.com\/szallitas\/\",\"url\":\"https:\/\/louiphoto.com\/szallitas\/\",\"name\":\"Sz\u00e1ll\u00edt\u00e1s \u00e9s \u00c1SZF - Fotogr\u00e1fia a falra\",\"isPartOf\":{\"@id\":\"https:\/\/louiphoto.com\/#website\"},\"datePublished\":\"2016-03-24T11:26:13+00:00\",\"dateModified\":\"2022-08-30T16:04:28+00:00\",\"description\":\"If You need any Acrylic Print, Aluminium Photo, Fine Art Canvas Print, MDF Panel, Poszter, or if You need any stock photo any size. Download Now!\",\"breadcrumb\":{\"@id\":\"https:\/\/louiphoto.com\/szallitas\/#breadcrumb\"},\"inLanguage\":\"en-US\",\"potentialAction\":[{\"@type\":\"ReadAction\",\"target\":[\"https:\/\/louiphoto.com\/szallitas\/\"]}]},{\"@type\":\"BreadcrumbList\",\"@id\":\"https:\/\/louiphoto.com\/szallitas\/#breadcrumb\",\"itemListElement\":[{\"@type\":\"ListItem\",\"position\":1,\"name\":\"Kezd\u0151lap\",\"item\":\"https:\/\/louiphoto.com\/\"},{\"@type\":\"ListItem\",\"position\":2,\"name\":\"Sz\u00e1ll\u00edt\u00e1s \u00e9s \u00c1SZF\"}]},{\"@type\":\"WebSite\",\"@id\":\"https:\/\/louiphoto.com\/#website\",\"url\":\"https:\/\/louiphoto.com\/\",\"name\":\"Fotogr\u00e1fia a falra\",\"description\":\"V\u00e1szonk\u00e9p, Gicl\u00e9e nyomat\",\"potentialAction\":[{\"@type\":\"SearchAction\",\"target\":{\"@type\":\"EntryPoint\",\"urlTemplate\":\"https:\/\/louiphoto.com\/?s={search_term_string}\"},\"query-input\":\"required name=search_term_string\"}],\"inLanguage\":\"en-US\"}]}<\/script>\n<!-- \/ Yoast SEO plugin. -->","yoast_head_json":{"title":"Sz\u00e1ll\u00edt\u00e1s \u00e9s \u00c1SZF - Fotogr\u00e1fia a falra","description":"If You need any Acrylic Print, Aluminium Photo, Fine Art Canvas Print, MDF Panel, Poszter, or if You need any stock photo any size. Download Now!","robots":{"index":"index","follow":"follow","max-snippet":"max-snippet:-1","max-image-preview":"max-image-preview:large","max-video-preview":"max-video-preview:-1"},"canonical":"https:\/\/louiphoto.com\/en\/szallitas\/","og_locale":"en_US","og_type":"article","og_title":"Sz\u00e1ll\u00edt\u00e1s \u00e9s \u00c1SZF - Fotogr\u00e1fia a falra","og_description":"If You need any Acrylic Print, Aluminium Photo, Fine Art Canvas Print, MDF Panel, Poszter, or if You need any stock photo any size. Download Now!","og_url":"https:\/\/louiphoto.com\/en\/szallitas\/","og_site_name":"Fotogr\u00e1fia a falra","article_modified_time":"2022-08-30T16:04:28+00:00","twitter_card":"summary_large_image","twitter_misc":{"Est. reading time":"1 minute"},"schema":{"@context":"https:\/\/schema.org","@graph":[{"@type":"WebPage","@id":"https:\/\/louiphoto.com\/szallitas\/","url":"https:\/\/louiphoto.com\/szallitas\/","name":"Sz\u00e1ll\u00edt\u00e1s \u00e9s \u00c1SZF - Fotogr\u00e1fia a falra","isPartOf":{"@id":"https:\/\/louiphoto.com\/#website"},"datePublished":"2016-03-24T11:26:13+00:00","dateModified":"2022-08-30T16:04:28+00:00","description":"If You need any Acrylic Print, Aluminium Photo, Fine Art Canvas Print, MDF Panel, Poszter, or if You need any stock photo any size. Download Now!","breadcrumb":{"@id":"https:\/\/louiphoto.com\/szallitas\/#breadcrumb"},"inLanguage":"en-US","potentialAction":[{"@type":"ReadAction","target":["https:\/\/louiphoto.com\/szallitas\/"]}]},{"@type":"BreadcrumbList","@id":"https:\/\/louiphoto.com\/szallitas\/#breadcrumb","itemListElement":[{"@type":"ListItem","position":1,"name":"Kezd\u0151lap","item":"https:\/\/louiphoto.com\/"},{"@type":"ListItem","position":2,"name":"Sz\u00e1ll\u00edt\u00e1s \u00e9s \u00c1SZF"}]},{"@type":"WebSite","@id":"https:\/\/louiphoto.com\/#website","url":"https:\/\/louiphoto.com\/","name":"Fotogr\u00e1fia a falra","description":"V\u00e1szonk\u00e9p, Gicl\u00e9e nyomat","potentialAction":[{"@type":"SearchAction","target":{"@type":"EntryPoint","urlTemplate":"https:\/\/louiphoto.com\/?s={search_term_string}"},"query-input":"required name=search_term_string"}],"inLanguage":"en-US"}]}},"_links":{"self":[{"href":"https:\/\/louiphoto.com\/en\/wp-json\/wp\/v2\/pages\/21","targetHints":{"allow":["GET"]}}],"collection":[{"href":"https:\/\/louiphoto.com\/en\/wp-json\/wp\/v2\/pages"}],"about":[{"href":"https:\/\/louiphoto.com\/en\/wp-json\/wp\/v2\/types\/page"}],"author":[{"embeddable":true,"href":"https:\/\/louiphoto.com\/en\/wp-json\/wp\/v2\/users\/1"}],"replies":[{"embeddable":true,"href":"https:\/\/louiphoto.com\/en\/wp-json\/wp\/v2\/comments?post=21"}],"version-history":[{"count":10,"href":"https:\/\/louiphoto.com\/en\/wp-json\/wp\/v2\/pages\/21\/revisions"}],"predecessor-version":[{"id":36101,"href":"https:\/\/louiphoto.com\/en\/wp-json\/wp\/v2\/pages\/21\/revisions\/36101"}],"wp:attachment":[{"href":"https:\/\/louiphoto.com\/en\/wp-json\/wp\/v2\/media?parent=21"}],"curies":[{"name":"wp","href":"https:\/\/api.w.org\/{rel}","templated":true}]}}